{"id":10531,"date":"2023-04-25T12:09:37","date_gmt":"2023-04-25T11:09:37","guid":{"rendered":"https:\/\/alteuaire.es\/xec-regal-halcon-viatges\/"},"modified":"2023-04-27T10:27:47","modified_gmt":"2023-04-27T09:27:47","slug":"xec-regal-halcon-viatges","status":"publish","type":"page","link":"https:\/\/alteuaire.es\/es\/xec-regal-halcon-viatges\/","title":{"rendered":"Xec regal Halc\u00f3n Viatges"},"content":{"rendered":"<div class=\"wpb-content-wrapper\">[vc_row][vc_column][vc_single_image image=\u00bb10524&#8243; img_size=\u00bbfull\u00bb][vc_column_text css=\u00bb.vc_custom_1682587650159{margin-bottom: 0px !important;}\u00bb]\n<h2>Halc\u00f3n Viatges et regala un xec regal de 100\u20ac per les teves properes vacances*<\/h2>\n<h3><strong>Avantatge exclusiu per als clients d&#8217;Al teu aire<\/strong><\/h3>\n<p>No acumulable amb altres promocions<br \/>\nPer a reserves de paquets de vacances i creuers majoristes preferents<br \/>\nA bescanviar abans del 31\/12\/2023 i per viatjar fins el 31\/12\/2023<br \/>\nPer a compra m\u00ednima de 1.800\u20ac<\/p>\n<p>*Consulta&#8217;ns les condicions trucant al <a href=\"tel:937831844\">937 831 844<\/a> o enviant un email a <a href=\"mailto:yolandazamora@halconviajes.com\">yolandazamora@halconviajes.com<\/a>[\/vc_column_text][vc_btn title=\u00bbDescarregar el Xec regal\u00bb style=\u00bbclassic\u00bb color=\u00bbdanger\u00bb link=\u00bburl:https%3A%2F%2Falteuaire.es%2Fdocs%2Fxec-regal-halcon-viatges.pdf\u00bb][\/vc_column][\/vc_row]\n<\/div>","protected":false},"excerpt":{"rendered":"<p>[vc_row][vc_column][vc_single_image image=\u00bb10524&#8243; img_size=\u00bbfull\u00bb][vc_column_text css=\u00bb.vc_custom_1682587650159{margin-bottom: 0px !important;}\u00bb] Halc\u00f3n Viatges et regala un xec regal de 100\u20ac per les teves properes vacances* Avantatge exclusiu per als clients d&#8217;Al teu aire No acumulable amb altres promocions Per a reserves de paquets de vacances i creuers majoristes preferents A bescanviar abans del 31\/12\/2023 i per viatjar fins el 31\/12\/2023 [&hellip;]<\/p>\n","protected":false},"author":1,"featured_media":0,"parent":0,"menu_order":0,"comment_status":"closed","ping_status":"closed","template":"","meta":{"_acf_changed":false,"footnotes":""},"class_list":["post-10531","page","type-page","status-publish","hentry"],"acf":[],"yoast_head":"<!-- This site is optimized with the Yoast SEO plugin v26.8 - https:\/\/yoast.com\/product\/yoast-seo-wordpress\/ -->\n<title>Xec regal Halc\u00f3n Viatges - Al teu aire - Espai L\u00fadic i Privat<\/title>\n<meta name=\"description\" content=\"Halc\u00f3n Viatges regala un xec regal als clients d&#039;Al teu aire per les properes vacances, consulta condicions\" \/>\n<meta name=\"robots\" content=\"index, follow, max-snippet:-1, max-image-preview:large, max-video-preview:-1\" \/>\n<link rel=\"canonical\" href=\"https:\/\/alteuaire.es\/es\/xec-regal-halcon-viatges\/\" \/>\n<meta property=\"og:locale\" content=\"es_ES\" \/>\n<meta property=\"og:type\" content=\"article\" \/>\n<meta property=\"og:title\" content=\"Xec regal Halc\u00f3n Viatges - Al teu aire - Espai L\u00fadic i Privat\" \/>\n<meta property=\"og:description\" content=\"Halc\u00f3n Viatges regala un xec regal als clients d&#039;Al teu aire per les properes vacances, consulta condicions\" \/>\n<meta property=\"og:url\" content=\"https:\/\/alteuaire.es\/es\/xec-regal-halcon-viatges\/\" \/>\n<meta property=\"og:site_name\" content=\"Al teu aire - Espai L\u00fadic i Privat\" \/>\n<meta property=\"article:publisher\" content=\"https:\/\/www.facebook.com\/alteuaire.franquicies\/\" \/>\n<meta property=\"article:modified_time\" content=\"2023-04-27T09:27:47+00:00\" \/>\n<meta property=\"og:image\" content=\"https:\/\/alteuaire.es\/wp-content\/uploads\/2017\/08\/alteuaire-redes-sociales.jpg\" \/>\n\t<meta property=\"og:image:width\" content=\"600\" \/>\n\t<meta property=\"og:image:height\" content=\"511\" \/>\n\t<meta property=\"og:image:type\" content=\"image\/jpeg\" \/>\n<meta name=\"twitter:card\" content=\"summary_large_image\" \/>\n<meta name=\"twitter:site\" content=\"@_alteuaire_\" \/>\n<meta name=\"twitter:label1\" content=\"Tiempo de lectura\" \/>\n\t<meta name=\"twitter:data1\" content=\"1 minuto\" \/>\n<script type=\"application\/ld+json\" class=\"yoast-schema-graph\">{\"@context\":\"https:\/\/schema.org\",\"@graph\":[{\"@type\":\"WebPage\",\"@id\":\"https:\/\/alteuaire.es\/es\/xec-regal-halcon-viatges\/\",\"url\":\"https:\/\/alteuaire.es\/es\/xec-regal-halcon-viatges\/\",\"name\":\"Xec regal Halc\u00f3n Viatges - Al teu aire - Espai L\u00fadic i Privat\",\"isPartOf\":{\"@id\":\"https:\/\/alteuaire.es\/es\/#website\"},\"datePublished\":\"2023-04-25T11:09:37+00:00\",\"dateModified\":\"2023-04-27T09:27:47+00:00\",\"description\":\"Halc\u00f3n Viatges regala un xec regal als clients d'Al teu aire per les properes vacances, consulta condicions\",\"breadcrumb\":{\"@id\":\"https:\/\/alteuaire.es\/es\/xec-regal-halcon-viatges\/#breadcrumb\"},\"inLanguage\":\"es\",\"potentialAction\":[{\"@type\":\"ReadAction\",\"target\":[\"https:\/\/alteuaire.es\/es\/xec-regal-halcon-viatges\/\"]}]},{\"@type\":\"BreadcrumbList\",\"@id\":\"https:\/\/alteuaire.es\/es\/xec-regal-halcon-viatges\/#breadcrumb\",\"itemListElement\":[{\"@type\":\"ListItem\",\"position\":1,\"name\":\"Inici\",\"item\":\"https:\/\/alteuaire.es\/es\/\"},{\"@type\":\"ListItem\",\"position\":2,\"name\":\"Xec regal Halc\u00f3n Viatges\"}]},{\"@type\":\"WebSite\",\"@id\":\"https:\/\/alteuaire.es\/es\/#website\",\"url\":\"https:\/\/alteuaire.es\/es\/\",\"name\":\"Al teu aire - Espai L\u00fadic i Privat\",\"description\":\"Alteuaire - Sales de festes privades de lloguer per aniversaris infantils y altres celebracions.\",\"publisher\":{\"@id\":\"https:\/\/alteuaire.es\/es\/#organization\"},\"potentialAction\":[{\"@type\":\"SearchAction\",\"target\":{\"@type\":\"EntryPoint\",\"urlTemplate\":\"https:\/\/alteuaire.es\/es\/?s={search_term_string}\"},\"query-input\":{\"@type\":\"PropertyValueSpecification\",\"valueRequired\":true,\"valueName\":\"search_term_string\"}}],\"inLanguage\":\"es\"},{\"@type\":\"Organization\",\"@id\":\"https:\/\/alteuaire.es\/es\/#organization\",\"name\":\"Alteuaire franquicies - Espai l\u00fadic i privat\",\"url\":\"https:\/\/alteuaire.es\/es\/\",\"logo\":{\"@type\":\"ImageObject\",\"inLanguage\":\"es\",\"@id\":\"https:\/\/alteuaire.es\/es\/#\/schema\/logo\/image\/\",\"url\":\"https:\/\/alteuaire.es\/wp-content\/uploads\/2016\/04\/alteauire.jpg\",\"contentUrl\":\"https:\/\/alteuaire.es\/wp-content\/uploads\/2016\/04\/alteauire.jpg\",\"width\":4606,\"height\":1920,\"caption\":\"Alteuaire franquicies - Espai l\u00fadic i privat\"},\"image\":{\"@id\":\"https:\/\/alteuaire.es\/es\/#\/schema\/logo\/image\/\"},\"sameAs\":[\"https:\/\/www.facebook.com\/alteuaire.franquicies\/\",\"https:\/\/x.com\/_alteuaire_\",\"https:\/\/www.instagram.com\/_alteuaire_\/\",\"https:\/\/es.pinterest.com\/alteuaire\/\"]}]}<\/script>\n<!-- \/ Yoast SEO plugin. -->","yoast_head_json":{"title":"Xec regal Halc\u00f3n Viatges - Al teu aire - Espai L\u00fadic i Privat","description":"Halc\u00f3n Viatges regala un xec regal als clients d'Al teu aire per les properes vacances, consulta condicions","robots":{"index":"index","follow":"follow","max-snippet":"max-snippet:-1","max-image-preview":"max-image-preview:large","max-video-preview":"max-video-preview:-1"},"canonical":"https:\/\/alteuaire.es\/es\/xec-regal-halcon-viatges\/","og_locale":"es_ES","og_type":"article","og_title":"Xec regal Halc\u00f3n Viatges - Al teu aire - Espai L\u00fadic i Privat","og_description":"Halc\u00f3n Viatges regala un xec regal als clients d'Al teu aire per les properes vacances, consulta condicions","og_url":"https:\/\/alteuaire.es\/es\/xec-regal-halcon-viatges\/","og_site_name":"Al teu aire - Espai L\u00fadic i Privat","article_publisher":"https:\/\/www.facebook.com\/alteuaire.franquicies\/","article_modified_time":"2023-04-27T09:27:47+00:00","og_image":[{"width":600,"height":511,"url":"https:\/\/alteuaire.es\/wp-content\/uploads\/2017\/08\/alteuaire-redes-sociales.jpg","type":"image\/jpeg"}],"twitter_card":"summary_large_image","twitter_site":"@_alteuaire_","twitter_misc":{"Tiempo de lectura":"1 minuto"},"schema":{"@context":"https:\/\/schema.org","@graph":[{"@type":"WebPage","@id":"https:\/\/alteuaire.es\/es\/xec-regal-halcon-viatges\/","url":"https:\/\/alteuaire.es\/es\/xec-regal-halcon-viatges\/","name":"Xec regal Halc\u00f3n Viatges - Al teu aire - Espai L\u00fadic i Privat","isPartOf":{"@id":"https:\/\/alteuaire.es\/es\/#website"},"datePublished":"2023-04-25T11:09:37+00:00","dateModified":"2023-04-27T09:27:47+00:00","description":"Halc\u00f3n Viatges regala un xec regal als clients d'Al teu aire per les properes vacances, consulta condicions","breadcrumb":{"@id":"https:\/\/alteuaire.es\/es\/xec-regal-halcon-viatges\/#breadcrumb"},"inLanguage":"es","potentialAction":[{"@type":"ReadAction","target":["https:\/\/alteuaire.es\/es\/xec-regal-halcon-viatges\/"]}]},{"@type":"BreadcrumbList","@id":"https:\/\/alteuaire.es\/es\/xec-regal-halcon-viatges\/#breadcrumb","itemListElement":[{"@type":"ListItem","position":1,"name":"Inici","item":"https:\/\/alteuaire.es\/es\/"},{"@type":"ListItem","position":2,"name":"Xec regal Halc\u00f3n Viatges"}]},{"@type":"WebSite","@id":"https:\/\/alteuaire.es\/es\/#website","url":"https:\/\/alteuaire.es\/es\/","name":"Al teu aire - Espai L\u00fadic i Privat","description":"Alteuaire - Sales de festes privades de lloguer per aniversaris infantils y altres celebracions.","publisher":{"@id":"https:\/\/alteuaire.es\/es\/#organization"},"potentialAction":[{"@type":"SearchAction","target":{"@type":"EntryPoint","urlTemplate":"https:\/\/alteuaire.es\/es\/?s={search_term_string}"},"query-input":{"@type":"PropertyValueSpecification","valueRequired":true,"valueName":"search_term_string"}}],"inLanguage":"es"},{"@type":"Organization","@id":"https:\/\/alteuaire.es\/es\/#organization","name":"Alteuaire franquicies - Espai l\u00fadic i privat","url":"https:\/\/alteuaire.es\/es\/","logo":{"@type":"ImageObject","inLanguage":"es","@id":"https:\/\/alteuaire.es\/es\/#\/schema\/logo\/image\/","url":"https:\/\/alteuaire.es\/wp-content\/uploads\/2016\/04\/alteauire.jpg","contentUrl":"https:\/\/alteuaire.es\/wp-content\/uploads\/2016\/04\/alteauire.jpg","width":4606,"height":1920,"caption":"Alteuaire franquicies - Espai l\u00fadic i privat"},"image":{"@id":"https:\/\/alteuaire.es\/es\/#\/schema\/logo\/image\/"},"sameAs":["https:\/\/www.facebook.com\/alteuaire.franquicies\/","https:\/\/x.com\/_alteuaire_","https:\/\/www.instagram.com\/_alteuaire_\/","https:\/\/es.pinterest.com\/alteuaire\/"]}]}},"publishpress_future_action":{"enabled":false,"date":"2026-05-09 21:10:45","action":"change-status","newStatus":"draft","terms":[],"taxonomy":"translation_priority","extraData":[]},"publishpress_future_workflow_manual_trigger":{"enabledWorkflows":[]},"_links":{"self":[{"href":"https:\/\/alteuaire.es\/es\/wp-json\/wp\/v2\/pages\/10531","targetHints":{"allow":["GET"]}}],"collection":[{"href":"https:\/\/alteuaire.es\/es\/wp-json\/wp\/v2\/pages"}],"about":[{"href":"https:\/\/alteuaire.es\/es\/wp-json\/wp\/v2\/types\/page"}],"author":[{"embeddable":true,"href":"https:\/\/alteuaire.es\/es\/wp-json\/wp\/v2\/users\/1"}],"replies":[{"embeddable":true,"href":"https:\/\/alteuaire.es\/es\/wp-json\/wp\/v2\/comments?post=10531"}],"version-history":[{"count":0,"href":"https:\/\/alteuaire.es\/es\/wp-json\/wp\/v2\/pages\/10531\/revisions"}],"wp:attachment":[{"href":"https:\/\/alteuaire.es\/es\/wp-json\/wp\/v2\/media?parent=10531"}],"curies":[{"name":"wp","href":"https:\/\/api.w.org\/{rel}","templated":true}]}}