{"id":11955,"date":"2024-04-02T12:08:38","date_gmt":"2024-04-02T11:08:38","guid":{"rendered":"https:\/\/alteuaire.es\/?page_id=11955"},"modified":"2025-12-15T17:29:02","modified_gmt":"2025-12-15T16:29:02","slug":"alquiler-de-tiradores-de-cerveza-para-fiestas","status":"publish","type":"page","link":"https:\/\/alteuaire.es\/es\/serveis\/alquiler-de-tiradores-de-cerveza-para-fiestas\/","title":{"rendered":"Alquiler de tiradores de Cerveza para fiestas"},"content":{"rendered":"<div class=\"wpb-content-wrapper\">[vc_row][vc_column][vc_column_text css=\u00bb.vc_custom_1712053780947{margin-bottom: 0px !important;}\u00bb]\n<h2>Nuevo servicio de tiradores de Cerveza<\/h2>\n[\/vc_column_text][\/vc_column][\/vc_row][vc_row][vc_column][vc_column_text css=\u00bb.vc_custom_1712055043275{margin-bottom: 0px !important;}\u00bb]El alquiler de tiradores de Cerveza es la soluci\u00f3n perfecta para tus fiestas permitiendote ofrecer la mejor cerveza con comodidad y estilo. Con nuestro tirador de cerveza, podr\u00e1s sorprender a tus invitados con la frescura y el sabor incomparables de la cerveza servida a la temperatura perfecta.<\/p>\n<p>Olv\u00eddate de las molestias de cargar con botellas y latas, con nuestro tirador, tener la mejor cerveza en tus fiestas nunca ha sido tan sencillo. Garantizamos un funcionamiento f\u00e1cil e intuitivo, para que tu \u00fanica preocupaci\u00f3n sea gozar del momento con tus amigos y familiares.<\/p>\n<p>No dejes escapar la oportunidad de convertir tu fiesta en un rotundo \u00e9xito. Con nuestros tiradores de cerveza, aseg\u00farate de que cada vaso sea una experiencia inolvidable. Descubre c\u00f3mo hacer de cada ocasi\u00f3n un evento memorable con la mejor cerveza, y a\u00f1ade un toque de elegancia y distinci\u00f3n a tus celebraciones.<\/p>\n[\/vc_column_text][mk_padding_divider][\/vc_column][\/vc_row][vc_row][vc_column width=\u00bb1\/2&#8243;][mk_image src=\u00bbhttps:\/\/alteuaire.es\/wp-content\/uploads\/2024\/04\/alquiler-de-tiradores-de-cerveza-fiestas.jpg\u00bb image_height=\u00bb800&#8243;][mk_padding_divider][\/vc_column][vc_column width=\u00bb1\/2&#8243;][vc_column_text css=\u00bb.vc_custom_1719592776080{margin-bottom: 0px !important;}\u00bb]\n<h3><strong>Barriles de Cerveza de 20L<\/strong><\/h3>\n<p>Con 50 vasos desechables de regalo[\/vc_column_text][mk_padding_divider size=\u00bb20&#8243;][mk_table]\n<table width=\"100%\">\n<tbody>\n<tr>\n<td style=\"text-align: center;\"><span style=\"margin-left: 10px; font-size: 18px;\">Amstel<\/span><\/td>\n<td style=\"text-align: center; font-size: 18px;\"><strong>80\u20ac<\/strong><\/td>\n<\/tr>\n<tr>\n<td style=\"text-align: center;\"><span style=\"margin-left: 10px; font-size: 18px;\">Heineken<\/span><\/td>\n<td style=\"text-align: center; font-size: 18px;\"><strong>90\u20ac<\/strong><\/td>\n<\/tr>\n<tr>\n<td style=\"text-align: center;\"><span style=\"margin-left: 10px; font-size: 18px;\">Cruzcampo<\/span><\/td>\n<td style=\"text-align: center; font-size: 18px;\"><strong>87\u20ac<\/strong><\/td>\n<\/tr>\n<\/tbody>\n<\/table>\n[\/mk_table][mk_padding_divider size=\u00bb20&#8243;][vc_row_inner][vc_column_inner width=\u00bb1\/3&#8243; offset=\u00bbvc_col-xs-4&#8243;][vc_single_image image=\u00bb11870&#8243; img_size=\u00bb100&#215;100&#8243;][\/vc_column_inner][vc_column_inner width=\u00bb1\/3&#8243; offset=\u00bbvc_col-sm-offset-0 vc_col-xs-4&#8243;][vc_single_image image=\u00bb11872&#8243; img_size=\u00bb100&#215;100&#8243;][\/vc_column_inner][vc_column_inner width=\u00bb1\/3&#8243; offset=\u00bbvc_col-sm-offset-0 vc_col-xs-4&#8243;][vc_single_image image=\u00bb11874&#8243; img_size=\u00bb100&#215;100&#8243;][\/vc_column_inner][\/vc_row_inner][mk_padding_divider size=\u00bb20&#8243;][vc_column_text css=\u00bb.vc_custom_1712055439160{margin-bottom: 0px !important;}\u00bb]*Bebe con moderaci\u00f3n, haz un consumo responsable<br \/>\nProhibida la venta a menores de 18 a\u00f1os[\/vc_column_text][\/vc_column][\/vc_row][vc_row][vc_column width=\u00bb1\/2&#8243;][mk_padding_divider][\/vc_column][vc_column width=\u00bb1\/2&#8243;][\/vc_column][\/vc_row][vc_row][vc_column][vc_column_text margin_bottom=\u00bb0&#8243; css=\u00bb.vc_custom_1765809634281{margin-bottom: 0px !important;}\u00bb]\n<h3>Reservalo<\/h3>\n<p><a href=\"tel:937333000\">937 733 30 00<\/a><\/p>\n<p><a href=\"tel:722324776\">722 32 47 76<\/a>[\/vc_column_text][mk_button dimension=\u00bbflat\u00bb size=\u00bbmedium\u00bb icon=\u00bbmk-jupiter-icon-simple-whatsapp\u00bb url=\u00bbhttps:\/\/wa.me\/34618416069&#8243; visibility=\u00bbvisible-sm\u00bb bg_color=\u00bb#25d366&#8243;]Reservalo por WhatsApp[\/mk_button][\/vc_column][\/vc_row]\n<\/div>","protected":false},"excerpt":{"rendered":"<p>[vc_row][vc_column][vc_column_text css=\u00bb.vc_custom_1712053780947{margin-bottom: 0px !important;}\u00bb] Nuevo servicio de tiradores de Cerveza [\/vc_column_text][\/vc_column][\/vc_row][vc_row][vc_column][vc_column_text css=\u00bb.vc_custom_1712055043275{margin-bottom: 0px !important;}\u00bb]El alquiler de tiradores de Cerveza es la soluci\u00f3n perfecta para tus fiestas permitiendote ofrecer la mejor cerveza con comodidad y estilo. Con nuestro tirador de cerveza, podr\u00e1s sorprender a tus invitados con la frescura y el sabor incomparables de la cerveza [&hellip;]<\/p>\n","protected":false},"author":1,"featured_media":0,"parent":2456,"menu_order":0,"comment_status":"closed","ping_status":"closed","template":"","meta":{"_acf_changed":false,"footnotes":""},"class_list":["post-11955","page","type-page","status-publish","hentry"],"acf":[],"yoast_head":"<!-- This site is optimized with the Yoast SEO plugin v26.8 - https:\/\/yoast.com\/product\/yoast-seo-wordpress\/ -->\n<title>Alquiler de tiradores de Cerveza para fiestas - Al teu aire - Espai L\u00fadic i Privat<\/title>\n<meta name=\"description\" content=\"Nuevo servicio de alquiler de Tiradores de Cerveza, ofrece la mejor Cerveza con un tirador f\u00e1cil de utilizar garantizando temperatura y sabor\" \/>\n<meta name=\"robots\" content=\"index, follow, max-snippet:-1, max-image-preview:large, max-video-preview:-1\" \/>\n<link rel=\"canonical\" href=\"https:\/\/alteuaire.es\/es\/serveis\/alquiler-de-tiradores-de-cerveza-para-fiestas\/\" \/>\n<meta property=\"og:locale\" content=\"es_ES\" \/>\n<meta property=\"og:type\" content=\"article\" \/>\n<meta property=\"og:title\" content=\"Alquiler de tiradores de Cerveza para fiestas - Al teu aire - Espai L\u00fadic i Privat\" \/>\n<meta property=\"og:description\" content=\"Nuevo servicio de alquiler de Tiradores de Cerveza, ofrece la mejor Cerveza con un tirador f\u00e1cil de utilizar garantizando temperatura y sabor\" \/>\n<meta property=\"og:url\" content=\"https:\/\/alteuaire.es\/es\/serveis\/alquiler-de-tiradores-de-cerveza-para-fiestas\/\" \/>\n<meta property=\"og:site_name\" content=\"Al teu aire - Espai L\u00fadic i Privat\" \/>\n<meta property=\"article:publisher\" content=\"https:\/\/www.facebook.com\/alteuaire.franquicies\/\" \/>\n<meta property=\"article:modified_time\" content=\"2025-12-15T16:29:02+00:00\" \/>\n<meta property=\"og:image\" content=\"https:\/\/alteuaire.es\/wp-content\/uploads\/2017\/08\/alteuaire-redes-sociales.jpg\" \/>\n\t<meta property=\"og:image:width\" content=\"600\" \/>\n\t<meta property=\"og:image:height\" content=\"511\" \/>\n\t<meta property=\"og:image:type\" content=\"image\/jpeg\" \/>\n<meta name=\"twitter:card\" content=\"summary_large_image\" \/>\n<meta name=\"twitter:site\" content=\"@_alteuaire_\" \/>\n<meta name=\"twitter:label1\" content=\"Tiempo de lectura\" \/>\n\t<meta name=\"twitter:data1\" content=\"2 minutos\" \/>\n<script type=\"application\/ld+json\" class=\"yoast-schema-graph\">{\"@context\":\"https:\/\/schema.org\",\"@graph\":[{\"@type\":\"WebPage\",\"@id\":\"https:\/\/alteuaire.es\/es\/serveis\/alquiler-de-tiradores-de-cerveza-para-fiestas\/\",\"url\":\"https:\/\/alteuaire.es\/es\/serveis\/alquiler-de-tiradores-de-cerveza-para-fiestas\/\",\"name\":\"Alquiler de tiradores de Cerveza para fiestas - Al teu aire - Espai L\u00fadic i Privat\",\"isPartOf\":{\"@id\":\"https:\/\/alteuaire.es\/es\/#website\"},\"datePublished\":\"2024-04-02T11:08:38+00:00\",\"dateModified\":\"2025-12-15T16:29:02+00:00\",\"description\":\"Nuevo servicio de alquiler de Tiradores de Cerveza, ofrece la mejor Cerveza con un tirador f\u00e1cil de utilizar garantizando temperatura y sabor\",\"breadcrumb\":{\"@id\":\"https:\/\/alteuaire.es\/es\/serveis\/alquiler-de-tiradores-de-cerveza-para-fiestas\/#breadcrumb\"},\"inLanguage\":\"es\",\"potentialAction\":[{\"@type\":\"ReadAction\",\"target\":[\"https:\/\/alteuaire.es\/es\/serveis\/alquiler-de-tiradores-de-cerveza-para-fiestas\/\"]}]},{\"@type\":\"BreadcrumbList\",\"@id\":\"https:\/\/alteuaire.es\/es\/serveis\/alquiler-de-tiradores-de-cerveza-para-fiestas\/#breadcrumb\",\"itemListElement\":[{\"@type\":\"ListItem\",\"position\":1,\"name\":\"Inici\",\"item\":\"https:\/\/alteuaire.es\/es\/\"},{\"@type\":\"ListItem\",\"position\":2,\"name\":\"Servicios\",\"item\":\"https:\/\/alteuaire.es\/es\/serveis\/\"},{\"@type\":\"ListItem\",\"position\":3,\"name\":\"Alquiler de tiradores de Cerveza para fiestas\"}]},{\"@type\":\"WebSite\",\"@id\":\"https:\/\/alteuaire.es\/es\/#website\",\"url\":\"https:\/\/alteuaire.es\/es\/\",\"name\":\"Al teu aire - Espai L\u00fadic i Privat\",\"description\":\"Alteuaire - Sales de festes privades de lloguer per aniversaris infantils y altres celebracions.\",\"publisher\":{\"@id\":\"https:\/\/alteuaire.es\/es\/#organization\"},\"potentialAction\":[{\"@type\":\"SearchAction\",\"target\":{\"@type\":\"EntryPoint\",\"urlTemplate\":\"https:\/\/alteuaire.es\/es\/?s={search_term_string}\"},\"query-input\":{\"@type\":\"PropertyValueSpecification\",\"valueRequired\":true,\"valueName\":\"search_term_string\"}}],\"inLanguage\":\"es\"},{\"@type\":\"Organization\",\"@id\":\"https:\/\/alteuaire.es\/es\/#organization\",\"name\":\"Alteuaire franquicies - Espai l\u00fadic i privat\",\"url\":\"https:\/\/alteuaire.es\/es\/\",\"logo\":{\"@type\":\"ImageObject\",\"inLanguage\":\"es\",\"@id\":\"https:\/\/alteuaire.es\/es\/#\/schema\/logo\/image\/\",\"url\":\"https:\/\/alteuaire.es\/wp-content\/uploads\/2016\/04\/alteauire.jpg\",\"contentUrl\":\"https:\/\/alteuaire.es\/wp-content\/uploads\/2016\/04\/alteauire.jpg\",\"width\":4606,\"height\":1920,\"caption\":\"Alteuaire franquicies - Espai l\u00fadic i privat\"},\"image\":{\"@id\":\"https:\/\/alteuaire.es\/es\/#\/schema\/logo\/image\/\"},\"sameAs\":[\"https:\/\/www.facebook.com\/alteuaire.franquicies\/\",\"https:\/\/x.com\/_alteuaire_\",\"https:\/\/www.instagram.com\/_alteuaire_\/\",\"https:\/\/es.pinterest.com\/alteuaire\/\"]}]}<\/script>\n<!-- \/ Yoast SEO plugin. -->","yoast_head_json":{"title":"Alquiler de tiradores de Cerveza para fiestas - Al teu aire - Espai L\u00fadic i Privat","description":"Nuevo servicio de alquiler de Tiradores de Cerveza, ofrece la mejor Cerveza con un tirador f\u00e1cil de utilizar garantizando temperatura y sabor","robots":{"index":"index","follow":"follow","max-snippet":"max-snippet:-1","max-image-preview":"max-image-preview:large","max-video-preview":"max-video-preview:-1"},"canonical":"https:\/\/alteuaire.es\/es\/serveis\/alquiler-de-tiradores-de-cerveza-para-fiestas\/","og_locale":"es_ES","og_type":"article","og_title":"Alquiler de tiradores de Cerveza para fiestas - Al teu aire - Espai L\u00fadic i Privat","og_description":"Nuevo servicio de alquiler de Tiradores de Cerveza, ofrece la mejor Cerveza con un tirador f\u00e1cil de utilizar garantizando temperatura y sabor","og_url":"https:\/\/alteuaire.es\/es\/serveis\/alquiler-de-tiradores-de-cerveza-para-fiestas\/","og_site_name":"Al teu aire - Espai L\u00fadic i Privat","article_publisher":"https:\/\/www.facebook.com\/alteuaire.franquicies\/","article_modified_time":"2025-12-15T16:29:02+00:00","og_image":[{"width":600,"height":511,"url":"https:\/\/alteuaire.es\/wp-content\/uploads\/2017\/08\/alteuaire-redes-sociales.jpg","type":"image\/jpeg"}],"twitter_card":"summary_large_image","twitter_site":"@_alteuaire_","twitter_misc":{"Tiempo de lectura":"2 minutos"},"schema":{"@context":"https:\/\/schema.org","@graph":[{"@type":"WebPage","@id":"https:\/\/alteuaire.es\/es\/serveis\/alquiler-de-tiradores-de-cerveza-para-fiestas\/","url":"https:\/\/alteuaire.es\/es\/serveis\/alquiler-de-tiradores-de-cerveza-para-fiestas\/","name":"Alquiler de tiradores de Cerveza para fiestas - Al teu aire - Espai L\u00fadic i Privat","isPartOf":{"@id":"https:\/\/alteuaire.es\/es\/#website"},"datePublished":"2024-04-02T11:08:38+00:00","dateModified":"2025-12-15T16:29:02+00:00","description":"Nuevo servicio de alquiler de Tiradores de Cerveza, ofrece la mejor Cerveza con un tirador f\u00e1cil de utilizar garantizando temperatura y sabor","breadcrumb":{"@id":"https:\/\/alteuaire.es\/es\/serveis\/alquiler-de-tiradores-de-cerveza-para-fiestas\/#breadcrumb"},"inLanguage":"es","potentialAction":[{"@type":"ReadAction","target":["https:\/\/alteuaire.es\/es\/serveis\/alquiler-de-tiradores-de-cerveza-para-fiestas\/"]}]},{"@type":"BreadcrumbList","@id":"https:\/\/alteuaire.es\/es\/serveis\/alquiler-de-tiradores-de-cerveza-para-fiestas\/#breadcrumb","itemListElement":[{"@type":"ListItem","position":1,"name":"Inici","item":"https:\/\/alteuaire.es\/es\/"},{"@type":"ListItem","position":2,"name":"Servicios","item":"https:\/\/alteuaire.es\/es\/serveis\/"},{"@type":"ListItem","position":3,"name":"Alquiler de tiradores de Cerveza para fiestas"}]},{"@type":"WebSite","@id":"https:\/\/alteuaire.es\/es\/#website","url":"https:\/\/alteuaire.es\/es\/","name":"Al teu aire - Espai L\u00fadic i Privat","description":"Alteuaire - Sales de festes privades de lloguer per aniversaris infantils y altres celebracions.","publisher":{"@id":"https:\/\/alteuaire.es\/es\/#organization"},"potentialAction":[{"@type":"SearchAction","target":{"@type":"EntryPoint","urlTemplate":"https:\/\/alteuaire.es\/es\/?s={search_term_string}"},"query-input":{"@type":"PropertyValueSpecification","valueRequired":true,"valueName":"search_term_string"}}],"inLanguage":"es"},{"@type":"Organization","@id":"https:\/\/alteuaire.es\/es\/#organization","name":"Alteuaire franquicies - Espai l\u00fadic i privat","url":"https:\/\/alteuaire.es\/es\/","logo":{"@type":"ImageObject","inLanguage":"es","@id":"https:\/\/alteuaire.es\/es\/#\/schema\/logo\/image\/","url":"https:\/\/alteuaire.es\/wp-content\/uploads\/2016\/04\/alteauire.jpg","contentUrl":"https:\/\/alteuaire.es\/wp-content\/uploads\/2016\/04\/alteauire.jpg","width":4606,"height":1920,"caption":"Alteuaire franquicies - Espai l\u00fadic i privat"},"image":{"@id":"https:\/\/alteuaire.es\/es\/#\/schema\/logo\/image\/"},"sameAs":["https:\/\/www.facebook.com\/alteuaire.franquicies\/","https:\/\/x.com\/_alteuaire_","https:\/\/www.instagram.com\/_alteuaire_\/","https:\/\/es.pinterest.com\/alteuaire\/"]}]}},"publishpress_future_action":{"enabled":false,"date":"2026-05-13 04:49:28","action":"change-status","newStatus":"draft","terms":[],"taxonomy":"translation_priority","extraData":[]},"publishpress_future_workflow_manual_trigger":{"enabledWorkflows":[]},"_links":{"self":[{"href":"https:\/\/alteuaire.es\/es\/wp-json\/wp\/v2\/pages\/11955","targetHints":{"allow":["GET"]}}],"collection":[{"href":"https:\/\/alteuaire.es\/es\/wp-json\/wp\/v2\/pages"}],"about":[{"href":"https:\/\/alteuaire.es\/es\/wp-json\/wp\/v2\/types\/page"}],"author":[{"embeddable":true,"href":"https:\/\/alteuaire.es\/es\/wp-json\/wp\/v2\/users\/1"}],"replies":[{"embeddable":true,"href":"https:\/\/alteuaire.es\/es\/wp-json\/wp\/v2\/comments?post=11955"}],"version-history":[{"count":2,"href":"https:\/\/alteuaire.es\/es\/wp-json\/wp\/v2\/pages\/11955\/revisions"}],"predecessor-version":[{"id":12791,"href":"https:\/\/alteuaire.es\/es\/wp-json\/wp\/v2\/pages\/11955\/revisions\/12791"}],"up":[{"embeddable":true,"href":"https:\/\/alteuaire.es\/es\/wp-json\/wp\/v2\/pages\/2456"}],"wp:attachment":[{"href":"https:\/\/alteuaire.es\/es\/wp-json\/wp\/v2\/media?parent=11955"}],"curies":[{"name":"wp","href":"https:\/\/api.w.org\/{rel}","templated":true}]}}