{"id":12458,"date":"2025-07-06T10:59:07","date_gmt":"2025-07-06T09:59:07","guid":{"rendered":"https:\/\/alteuaire.es\/?page_id=12458"},"modified":"2026-01-13T12:55:23","modified_gmt":"2026-01-13T11:55:23","slug":"franquiciate","status":"publish","type":"page","link":"https:\/\/alteuaire.es\/es\/franquiciate\/","title":{"rendered":"Franquiciate"},"content":{"rendered":"<div class=\"wpb-content-wrapper\">[vc_row][vc_column][vc_column_text margin_bottom=\u00bb0&#8243; css=\u00bb.vc_custom_1768305316341{margin-bottom: 0px !important;}\u00bb]\n<div style=\"margin: 22px 0 28px;\" role=\"region\" aria-label=\"Acceso a la landing de franquicias\">\n<div style=\"background: #fff7f0; border: 1px solid rgba(243,111,0,.25); border-left: 6px solid #f36f00; border-radius: 14px; padding: 18px; display: flex; gap: 16px; align-items: center; justify-content: space-between; flex-wrap: wrap;\">\n<div style=\"min-width: 220px;\">\n<p><strong>\u00bfQUIERES M\u00c1S INFORMACI\u00d3N?<\/strong><\/p>\n<div><\/div>\n<p style=\"margin: 0; color: #4b5563; font-size: 14px; line-height: 1.45; max-width: 640px;\">Hemos creado una landing nueva, clara y moderna con todos los detalles para abrir una franquicia de Al Teu Aire.<\/p>\n<\/div>\n<div><\/div>\n<div style=\"min-width: 220px;\">\n<div style=\"margin: 0; color: #4b5563; font-size: 14px; line-height: 1.45; max-width: 640px;\"><a style=\"display: inline-block; background: #f36f00; color: #ffffff !important; text-decoration: none !important; font-weight: 800; font-size: 14px; padding: 12px 16px; border-radius: 12px; box-shadow: 0 10px 22px rgba(243,111,0,.22); white-space: nowrap;\" href=\"https:\/\/franquicias.alteuaire.es\" target=\"_blank\" rel=\"noopener\">Ver la informaci\u00f3n completa<\/a><\/div>\n<\/div>\n<\/div>\n<\/div>\n[\/vc_column_text][vc_column_text el_class=\u00bbjustify\u00bb css=\u00bb.vc_custom_1751806820471{margin-bottom: 0px !important;}\u00bb]<strong>\u00a1Al teu aire se compone de m\u00e1s de 40 franquicias por toda Catalunya, y t\u00fa puedes ser la pr\u00f3xima!<\/strong>[\/vc_column_text][mk_padding_divider size=\u00bb20&#8243; visibility=\u00bbhidden-sm\u00bb][vc_text_separator title=\u00bb\u00bfQU\u00c9 OFRECE AL TEU AIRE FRANQU\u00cdCIES?\u00bb title_align=\u00bbseparator_align_left\u00bb css=\u00bb\u00bb][vc_column_text el_class=\u00bbjustify\u00bb css=\u00bb.vc_custom_1751806849749{margin-bottom: 0px !important;}\u00bb]\n<ul>\n<li>Gesti\u00f3n de reservas de los clientes.<\/li>\n<li>Servicio de publicidad y promoci\u00f3n de las salas de la franquicia.<\/li>\n<li>Formaci\u00f3n y apoyo a los franquiciados.<\/li>\n<li>Web y redes sociales centralizadas en la franquicia.<\/li>\n<li>Opci\u00f3n de gesti\u00f3n de la sala para que el franquiciado no deba preocuparse.<\/li>\n<\/ul>\n[\/vc_column_text][mk_padding_divider size=\u00bb20&#8243; visibility=\u00bbhidden-sm\u00bb][vc_text_separator title=\u00bb\u00bfQU\u00c9 PERFIL ES EL MAS ADECUADO PARA SER FRANQUICIADO?\u00bb title_align=\u00bbseparator_align_left\u00bb css=\u00bb\u00bb][vc_column_text css=\u00bb.vc_custom_1751806875610{margin-bottom: 0px !important;}\u00bb]\n<ul>\n<li>Personas que busquen un auto empleo.<\/li>\n<li>Propietario de un local que quiera aumentar el rendimiento de su activo.<\/li>\n<li>Inversor que quiera una fuente de ingresos pasiva.<\/li>\n<\/ul>\n[\/vc_column_text][mk_padding_divider size=\u00bb20&#8243; visibility=\u00bbhidden-sm\u00bb][vc_text_separator title=\u00bb\u00bfUBICACI\u00d3N DE LA SALA?\u00bb title_align=\u00bbseparator_align_left\u00bb css=\u00bb\u00bb][vc_column_text css=\u00bb.vc_custom_1751806901837{margin-bottom: 0px !important;}\u00bb]Hay dos posibilidades de franquiciar una sala:<\/p>\n<ul>\n<li>Un traspaso de una de las salas activas de la franquicia (que el actual franquiciado as\u00ed lo requiera).<\/li>\n<li>Nuevo local buscado por el nuevo franquiciado, con la colaboraci\u00f3n de la marca si as\u00ed se requiere.<\/li>\n<\/ul>\n[\/vc_column_text][mk_padding_divider size=\u00bb20&#8243; visibility=\u00bbhidden-sm\u00bb][vc_text_separator title=\u00bbCARACTER\u00cdSTICAS DE LOS LOCALES DE AL TEU AIRE\u00bb title_align=\u00bbseparator_align_left\u00bb css=\u00bb\u00bb][vc_column_text css=\u00bb.vc_custom_1751806930460{margin-bottom: 0px !important;}\u00bb]\n<ul>\n<li>Local en planta baja.<\/li>\n<li>Dimensiones de 150 metros aproximadamente.<\/li>\n<li>Ubicaciones estrat\u00e9gicas al lado de clientes potenciales<\/li>\n<\/ul>\n[\/vc_column_text][mk_padding_divider size=\u00bb20&#8243; visibility=\u00bbhidden-sm\u00bb][vc_text_separator title=\u00bb\u00bfC\u00d3MO ME UNO A AL TEU AIRE?\u00bb title_align=\u00bbseparator_align_left\u00bb css=\u00bb\u00bb][vc_column_text css=\u00bb.vc_custom_1751806962361{margin-bottom: 0px !important;}\u00bb]Si est\u00e1s interesado en ser un nuevo franquiciado de la marca:<\/p>\n<ul>\n<li>Ll\u00e1manos al 937 333 000.<\/li>\n<li>Escr\u00edbenos a <a href=\"mailto:franquicies@alteuaire.es\">franquicies@alteuaire.es<\/a><\/li>\n<\/ul>\n[\/vc_column_text][mk_padding_divider size=\u00bb20&#8243; visibility=\u00bbhidden-sm\u00bb][\/vc_column][\/vc_row][vc_row][vc_column][\/vc_column][\/vc_row]\n<\/div>","protected":false},"excerpt":{"rendered":"<p>[vc_row][vc_column][vc_column_text margin_bottom=\u00bb0&#8243; css=\u00bb.vc_custom_1768305316341{margin-bottom: 0px !important;}\u00bb] \u00bfQUIERES M\u00c1S INFORMACI\u00d3N? Hemos creado una landing nueva, clara y moderna con todos los detalles para abrir una franquicia de Al Teu Aire. Ver la informaci\u00f3n completa [\/vc_column_text][vc_column_text el_class=\u00bbjustify\u00bb css=\u00bb.vc_custom_1751806820471{margin-bottom: 0px !important;}\u00bb]\u00a1Al teu aire se compone de m\u00e1s de 40 franquicias por toda Catalunya, y t\u00fa puedes ser la pr\u00f3xima![\/vc_column_text][mk_padding_divider [&hellip;]<\/p>\n","protected":false},"author":2,"featured_media":0,"parent":0,"menu_order":4,"comment_status":"closed","ping_status":"closed","template":"","meta":{"_acf_changed":false,"footnotes":""},"class_list":["post-12458","page","type-page","status-publish","hentry"],"acf":[],"yoast_head":"<!-- This site is optimized with the Yoast SEO plugin v26.8 - https:\/\/yoast.com\/product\/yoast-seo-wordpress\/ -->\n<title>Franquiciate - Al teu aire - Espai L\u00fadic i Privat<\/title>\n<meta name=\"robots\" content=\"index, follow, max-snippet:-1, max-image-preview:large, max-video-preview:-1\" \/>\n<link rel=\"canonical\" href=\"https:\/\/alteuaire.es\/es\/franquiciate\/\" \/>\n<meta property=\"og:locale\" content=\"es_ES\" \/>\n<meta property=\"og:type\" content=\"article\" \/>\n<meta property=\"og:title\" content=\"Franquiciate - Al teu aire - Espai L\u00fadic i Privat\" \/>\n<meta property=\"og:description\" content=\"[vc_row][vc_column][vc_column_text margin_bottom=\u00bb0&#8243; css=\u00bb.vc_custom_1768305316341{margin-bottom: 0px !important;}\u00bb] \u00bfQUIERES M\u00c1S INFORMACI\u00d3N? Hemos creado una landing nueva, clara y moderna con todos los detalles para abrir una franquicia de Al Teu Aire. Ver la informaci\u00f3n completa [\/vc_column_text][vc_column_text el_class=\u00bbjustify\u00bb css=\u00bb.vc_custom_1751806820471{margin-bottom: 0px !important;}\u00bb]\u00a1Al teu aire se compone de m\u00e1s de 40 franquicias por toda Catalunya, y t\u00fa puedes ser la pr\u00f3xima![\/vc_column_text][mk_padding_divider [&hellip;]\" \/>\n<meta property=\"og:url\" content=\"https:\/\/alteuaire.es\/es\/franquiciate\/\" \/>\n<meta property=\"og:site_name\" content=\"Al teu aire - Espai L\u00fadic i Privat\" \/>\n<meta property=\"article:publisher\" content=\"https:\/\/www.facebook.com\/alteuaire.franquicies\/\" \/>\n<meta property=\"article:modified_time\" content=\"2026-01-13T11:55:23+00:00\" \/>\n<meta property=\"og:image\" content=\"https:\/\/alteuaire.es\/wp-content\/uploads\/2017\/08\/alteuaire-redes-sociales.jpg\" \/>\n\t<meta property=\"og:image:width\" content=\"600\" \/>\n\t<meta property=\"og:image:height\" content=\"511\" \/>\n\t<meta property=\"og:image:type\" content=\"image\/jpeg\" \/>\n<meta name=\"twitter:card\" content=\"summary_large_image\" \/>\n<meta name=\"twitter:site\" content=\"@_alteuaire_\" \/>\n<meta name=\"twitter:label1\" content=\"Tiempo de lectura\" \/>\n\t<meta name=\"twitter:data1\" content=\"2 minutos\" \/>\n<script type=\"application\/ld+json\" class=\"yoast-schema-graph\">{\"@context\":\"https:\/\/schema.org\",\"@graph\":[{\"@type\":\"WebPage\",\"@id\":\"https:\/\/alteuaire.es\/es\/franquiciate\/\",\"url\":\"https:\/\/alteuaire.es\/es\/franquiciate\/\",\"name\":\"Franquiciate - Al teu aire - Espai L\u00fadic i Privat\",\"isPartOf\":{\"@id\":\"https:\/\/alteuaire.es\/es\/#website\"},\"datePublished\":\"2025-07-06T09:59:07+00:00\",\"dateModified\":\"2026-01-13T11:55:23+00:00\",\"breadcrumb\":{\"@id\":\"https:\/\/alteuaire.es\/es\/franquiciate\/#breadcrumb\"},\"inLanguage\":\"es\",\"potentialAction\":[{\"@type\":\"ReadAction\",\"target\":[\"https:\/\/alteuaire.es\/es\/franquiciate\/\"]}]},{\"@type\":\"BreadcrumbList\",\"@id\":\"https:\/\/alteuaire.es\/es\/franquiciate\/#breadcrumb\",\"itemListElement\":[{\"@type\":\"ListItem\",\"position\":1,\"name\":\"Inici\",\"item\":\"https:\/\/alteuaire.es\/es\/\"},{\"@type\":\"ListItem\",\"position\":2,\"name\":\"Franquiciate\"}]},{\"@type\":\"WebSite\",\"@id\":\"https:\/\/alteuaire.es\/es\/#website\",\"url\":\"https:\/\/alteuaire.es\/es\/\",\"name\":\"Al teu aire - Espai L\u00fadic i Privat\",\"description\":\"Alteuaire - Sales de festes privades de lloguer per aniversaris infantils y altres celebracions.\",\"publisher\":{\"@id\":\"https:\/\/alteuaire.es\/es\/#organization\"},\"potentialAction\":[{\"@type\":\"SearchAction\",\"target\":{\"@type\":\"EntryPoint\",\"urlTemplate\":\"https:\/\/alteuaire.es\/es\/?s={search_term_string}\"},\"query-input\":{\"@type\":\"PropertyValueSpecification\",\"valueRequired\":true,\"valueName\":\"search_term_string\"}}],\"inLanguage\":\"es\"},{\"@type\":\"Organization\",\"@id\":\"https:\/\/alteuaire.es\/es\/#organization\",\"name\":\"Alteuaire franquicies - Espai l\u00fadic i privat\",\"url\":\"https:\/\/alteuaire.es\/es\/\",\"logo\":{\"@type\":\"ImageObject\",\"inLanguage\":\"es\",\"@id\":\"https:\/\/alteuaire.es\/es\/#\/schema\/logo\/image\/\",\"url\":\"https:\/\/alteuaire.es\/wp-content\/uploads\/2016\/04\/alteauire.jpg\",\"contentUrl\":\"https:\/\/alteuaire.es\/wp-content\/uploads\/2016\/04\/alteauire.jpg\",\"width\":4606,\"height\":1920,\"caption\":\"Alteuaire franquicies - Espai l\u00fadic i privat\"},\"image\":{\"@id\":\"https:\/\/alteuaire.es\/es\/#\/schema\/logo\/image\/\"},\"sameAs\":[\"https:\/\/www.facebook.com\/alteuaire.franquicies\/\",\"https:\/\/x.com\/_alteuaire_\",\"https:\/\/www.instagram.com\/_alteuaire_\/\",\"https:\/\/es.pinterest.com\/alteuaire\/\"]}]}<\/script>\n<!-- \/ Yoast SEO plugin. -->","yoast_head_json":{"title":"Franquiciate - Al teu aire - Espai L\u00fadic i Privat","robots":{"index":"index","follow":"follow","max-snippet":"max-snippet:-1","max-image-preview":"max-image-preview:large","max-video-preview":"max-video-preview:-1"},"canonical":"https:\/\/alteuaire.es\/es\/franquiciate\/","og_locale":"es_ES","og_type":"article","og_title":"Franquiciate - Al teu aire - Espai L\u00fadic i Privat","og_description":"[vc_row][vc_column][vc_column_text margin_bottom=\u00bb0&#8243; css=\u00bb.vc_custom_1768305316341{margin-bottom: 0px !important;}\u00bb] \u00bfQUIERES M\u00c1S INFORMACI\u00d3N? Hemos creado una landing nueva, clara y moderna con todos los detalles para abrir una franquicia de Al Teu Aire. Ver la informaci\u00f3n completa [\/vc_column_text][vc_column_text el_class=\u00bbjustify\u00bb css=\u00bb.vc_custom_1751806820471{margin-bottom: 0px !important;}\u00bb]\u00a1Al teu aire se compone de m\u00e1s de 40 franquicias por toda Catalunya, y t\u00fa puedes ser la pr\u00f3xima![\/vc_column_text][mk_padding_divider [&hellip;]","og_url":"https:\/\/alteuaire.es\/es\/franquiciate\/","og_site_name":"Al teu aire - Espai L\u00fadic i Privat","article_publisher":"https:\/\/www.facebook.com\/alteuaire.franquicies\/","article_modified_time":"2026-01-13T11:55:23+00:00","og_image":[{"width":600,"height":511,"url":"https:\/\/alteuaire.es\/wp-content\/uploads\/2017\/08\/alteuaire-redes-sociales.jpg","type":"image\/jpeg"}],"twitter_card":"summary_large_image","twitter_site":"@_alteuaire_","twitter_misc":{"Tiempo de lectura":"2 minutos"},"schema":{"@context":"https:\/\/schema.org","@graph":[{"@type":"WebPage","@id":"https:\/\/alteuaire.es\/es\/franquiciate\/","url":"https:\/\/alteuaire.es\/es\/franquiciate\/","name":"Franquiciate - Al teu aire - Espai L\u00fadic i Privat","isPartOf":{"@id":"https:\/\/alteuaire.es\/es\/#website"},"datePublished":"2025-07-06T09:59:07+00:00","dateModified":"2026-01-13T11:55:23+00:00","breadcrumb":{"@id":"https:\/\/alteuaire.es\/es\/franquiciate\/#breadcrumb"},"inLanguage":"es","potentialAction":[{"@type":"ReadAction","target":["https:\/\/alteuaire.es\/es\/franquiciate\/"]}]},{"@type":"BreadcrumbList","@id":"https:\/\/alteuaire.es\/es\/franquiciate\/#breadcrumb","itemListElement":[{"@type":"ListItem","position":1,"name":"Inici","item":"https:\/\/alteuaire.es\/es\/"},{"@type":"ListItem","position":2,"name":"Franquiciate"}]},{"@type":"WebSite","@id":"https:\/\/alteuaire.es\/es\/#website","url":"https:\/\/alteuaire.es\/es\/","name":"Al teu aire - Espai L\u00fadic i Privat","description":"Alteuaire - Sales de festes privades de lloguer per aniversaris infantils y altres celebracions.","publisher":{"@id":"https:\/\/alteuaire.es\/es\/#organization"},"potentialAction":[{"@type":"SearchAction","target":{"@type":"EntryPoint","urlTemplate":"https:\/\/alteuaire.es\/es\/?s={search_term_string}"},"query-input":{"@type":"PropertyValueSpecification","valueRequired":true,"valueName":"search_term_string"}}],"inLanguage":"es"},{"@type":"Organization","@id":"https:\/\/alteuaire.es\/es\/#organization","name":"Alteuaire franquicies - Espai l\u00fadic i privat","url":"https:\/\/alteuaire.es\/es\/","logo":{"@type":"ImageObject","inLanguage":"es","@id":"https:\/\/alteuaire.es\/es\/#\/schema\/logo\/image\/","url":"https:\/\/alteuaire.es\/wp-content\/uploads\/2016\/04\/alteauire.jpg","contentUrl":"https:\/\/alteuaire.es\/wp-content\/uploads\/2016\/04\/alteauire.jpg","width":4606,"height":1920,"caption":"Alteuaire franquicies - Espai l\u00fadic i privat"},"image":{"@id":"https:\/\/alteuaire.es\/es\/#\/schema\/logo\/image\/"},"sameAs":["https:\/\/www.facebook.com\/alteuaire.franquicies\/","https:\/\/x.com\/_alteuaire_","https:\/\/www.instagram.com\/_alteuaire_\/","https:\/\/es.pinterest.com\/alteuaire\/"]}]}},"publishpress_future_action":{"enabled":false,"date":"2026-04-30 17:15:32","action":"change-status","newStatus":"draft","terms":[],"taxonomy":"translation_priority","extraData":[]},"publishpress_future_workflow_manual_trigger":{"enabledWorkflows":[]},"_links":{"self":[{"href":"https:\/\/alteuaire.es\/es\/wp-json\/wp\/v2\/pages\/12458","targetHints":{"allow":["GET"]}}],"collection":[{"href":"https:\/\/alteuaire.es\/es\/wp-json\/wp\/v2\/pages"}],"about":[{"href":"https:\/\/alteuaire.es\/es\/wp-json\/wp\/v2\/types\/page"}],"author":[{"embeddable":true,"href":"https:\/\/alteuaire.es\/es\/wp-json\/wp\/v2\/users\/2"}],"replies":[{"embeddable":true,"href":"https:\/\/alteuaire.es\/es\/wp-json\/wp\/v2\/comments?post=12458"}],"version-history":[{"count":2,"href":"https:\/\/alteuaire.es\/es\/wp-json\/wp\/v2\/pages\/12458\/revisions"}],"predecessor-version":[{"id":12917,"href":"https:\/\/alteuaire.es\/es\/wp-json\/wp\/v2\/pages\/12458\/revisions\/12917"}],"wp:attachment":[{"href":"https:\/\/alteuaire.es\/es\/wp-json\/wp\/v2\/media?parent=12458"}],"curies":[{"name":"wp","href":"https:\/\/api.w.org\/{rel}","templated":true}]}}