{"id":1424,"date":"2016-03-03T11:49:46","date_gmt":"2016-03-03T10:49:46","guid":{"rendered":"https:\/\/alteuaire.es\/es\/sales\/berenguer\/"},"modified":"2026-02-02T17:02:08","modified_gmt":"2026-02-02T16:02:08","slug":"berenguer","status":"publish","type":"page","link":"https:\/\/alteuaire.es\/es\/sales\/berenguer\/","title":{"rendered":"Sala Berenguer &#8211; Granollers"},"content":{"rendered":"<div class=\"wpb-content-wrapper\">[vc_row][vc_column][vc_text_separator title=\u00bbSALA BERENGUER\u00bb title_align=\u00bbseparator_align_left\u00bb][\/vc_column][vc_column width=\u00bb1\/2&#8243;][vc_single_image image=\u00bb1587&#8243; img_size=\u00bb380&#215;260&#8243; alignment=\u00bbcenter\u00bb][\/vc_column][vc_column width=\u00bb1\/2&#8243;][vc_row_inner css=\u00bb.vc_custom_1456830200288{margin-bottom: 0px !important;}\u00bb][vc_column_inner][vc_column_text]Superficie: <strong>200m\u00b2<\/strong>\u00a0 Aforo:<strong>\u00a060<strong>\u00a0personas<\/strong><\/strong>[\/vc_column_text][mk_custom_list style=\u00bb6c\u00bb margin_bottom=\u00bb10&#8243;]\n<ul>\n<li>DIRECCI\u00d3N:<br \/>\nCarrer Ram\u00f3n Berenguer III, 22 &#8211; 08401 Granollers BARCELONA<\/li>\n<\/ul>\n[\/mk_custom_list][mk_custom_list style=\u00bbf207&#8243; margin_bottom=\u00bb10&#8243;]\n<ul>\n<li>TRANSPORTE P\u00daBLICO:<br \/>\nBus: L3 parada Ram\u00f3n Llull, L21 Parada Verdaguer, L20 Parada Mercat canovelles.<br \/>\n342,401,402,403,450,512 L6 y L 22, Parada Girona-Francesc Ribas.<\/li>\n<\/ul>\n[\/mk_custom_list][mk_custom_list style=\u00bb7a\u00bb margin_bottom=\u00bb10&#8243;]\n<ul>\n<li>HORARIO<br \/>\nMa\u00f1anas de 11h a 14:30h<br \/>\nTardes de 16:30h a 20:30h<br \/>\nHoras extras consultar.<br \/>\nNocturno de 22h a 2h. O bien hasta las\u00a03h. Consultar precios.<\/li>\n<\/ul>\n[\/mk_custom_list][\/vc_column_inner][\/vc_row_inner][\/vc_column][\/vc_row][vc_row][vc_column][mk_padding_divider][vc_text_separator title=\u00bbCaracter\u00edsticas\u00bb title_align=\u00bbseparator_align_left\u00bb][\/vc_column][\/vc_row][vc_row][vc_column width=\u00bb1\/2&#8243;][mk_custom_list style=\u00bbe26a\u00bb margin_bottom=\u00bb30&#8243;]\n<ul>\n<li>Amplio aparcamiento&nbsp;asfaltado a 50m. de la sala con 250 plazas.<\/li>\n<li>Sala totalmente insonorizada.<\/li>\n<li>Suelo de parquet en toda la sala.<\/li>\n<li>Oficce: Barra con nevera peque\u00f1a, congelador, nevera-bar botellero, microondas, fregadero en la misma barra y cubo de basura grande.<\/li>\n<li><strong>Nuevo servicio de alquiler de tirador de Cerveza.<\/strong><\/li>\n<li>Cafetera Krupps para c\u00e1psulas DOLCE GUSTO (c\u00e1psulas no incluidas.)<\/li>\n<li>2 mesas de 180 cm (2 m\u00e1s en el almac\u00e9n) y 50 sillas para adultos.<\/li>\n<li>4 mesas peque\u00f1as de 120 cm, 17 sillas para ni\u00f1os y 2 tronas.<\/li>\n<li>Equipo de m\u00fasica &nbsp;con entrada de USB, entrada mini jack y lector de cd mp3.<\/li>\n<li>Zona con sofas y mesa, Televisi\u00f3n de 50 pulgadas con entrada de USB y HDMI.<\/li>\n<\/ul>\n[\/mk_custom_list][\/vc_column][vc_column width=\u00bb1\/2&#8243;][mk_custom_list style=\u00bbe26a\u00bb]\n<ul>\n<li>Bola de discoteca LED y iluminaci\u00f3n nocturna de colores.<\/li>\n<li>2 lavabos: 1 de caballeros i 1 de se\u00f1oras adaptado para personas con diversidad funcional.<\/li>\n<li>1 cambiador para beb\u00e9s.<\/li>\n<li>1 botiqu\u00edn de primeros auxilios.<\/li>\n<li>M\u00e1quina de aire acondicionado , fri\u00f3 \/ calor.<\/li>\n<li>Extintores.<\/li>\n<li>Ganchos para colgar decoraci\u00f3n.<\/li>\n<li>Dispone de una estructura de happy park de 5&#215;3.5 metros para unos 30 ni\u00f1os de aforo en dos alturas.<\/li>\n<li>Para edades entre 1 y 10 a\u00f1os bajo la responsabilidad de un adulto.<\/li>\n<li>Para adultos tiene futbol\u00edn y m\u00e1quina de dardos.<\/li>\n<li>Todas las m\u00e1quinas son gratuitas.<\/li>\n<\/ul>\n[\/mk_custom_list][\/vc_column][vc_column][vc_column_text css=\u00bb.vc_custom_1702901888418{margin-bottom: 0px !important;}\u00bb]<strong>*<\/strong> Si tienes previsto reproducir v\u00eddeo o audio el d\u00eda de la fiesta, recomendamos concertar una visita antes de la celebraci\u00f3n para comprobar que el formato es compatible y se puede reproducir sin problemas.[\/vc_column_text][mk_padding_divider][\/vc_column][\/vc_row][vc_row][vc_column width=\u00bb1\/2&#8243;][mk_image src=\u00bbhttps:\/\/alteuaire.es\/wp-content\/uploads\/2023\/12\/tiradores-de-cerveza.jpg\u00bb image_width=\u00bb600&#8243; image_height=\u00bb380&#8243;][\/vc_column][vc_column width=\u00bb1\/2&#8243;][vc_column_text css=\u00bb.vc_custom_1712815419028{margin-bottom: 0px !important;}\u00bb]\n<h3><strong>Servicio de Alquiler de Tiradores de Cerveza<\/strong><\/h3>\n<p>Olv\u00eddate de cargar con botellas y latas, ahora podr\u00e1s disfrutar de la mejor Cerveza en tus fiestas.<br \/>\nBarril de 20L Heineken &#8211; Amstel &#8211; Cruzcampo con 50 vasos desechables de regalo. <strong>Res\u00e9rvalo<\/strong><br \/>\n*Bebe con moderaci\u00f3n, haz un consumo responsable.[\/vc_column_text][\/vc_column][\/vc_row][vc_row][vc_column][mk_padding_divider size=\u00bb20&#8243;][vc_column_text css=\u00bb.vc_custom_1644394434984{margin-bottom: 0px !important;}\u00bb] \n                <section class=\"section-sala\">\n                    <div class=\"contenedor-calendario mb-4\">\n                    <input type=\"hidden\" id=\"salaid\" name=\"salaid\" value=\"0000000048\">\n                        <div class=\"row navmes\">\n                            <div class=\"cabecera-tabla col-12\">\n                                <div id=\"a_anterior\">\n                                    <a href=\"#\" id =\"retroceder\" class=\"controlmes\" onclick=\"cargar_mes(-1);\">\n                                        <span>\n                                            <svg aria-hidden=\"true\" focusable=\"false\" class=\"svg-anterior\" role=\"img\" xmlns=\"http:\/\/www.w3.org\/2000\/svg\" viewBox=\"0 0 320 512\"><path fill=\"currentColor\" d=\"M34.52 239.03L228.87 44.69c9.37-9.37 24.57-9.37 33.94 0l22.67 22.67c9.36 9.36 9.37 24.52.04 33.9L131.49 256l154.02 154.75c9.34 9.38 9.32 24.54-.04 33.9l-22.67 22.67c-9.37 9.37-24.57 9.37-33.94 0L34.52 272.97c-9.37-9.37-9.37-24.57 0-33.94z\"><\/path><\/svg>\n                                        <\/span>\n                                    <\/a>\n                                <\/div>\n                                <div id=\"mes\" class=\"\"><\/div>\n                                <div class=\"siguiente\">\n                                    <a href=\"#\" id =\"avanzar\" class=\"controlmes\" onclick=\"cargar_mes(1);\">\n                                        <span>\n                                            <svg aria-hidden=\"true\" focusable=\"false\" class=\"svg-siguiente\" role=\"img\" xmlns=\"http:\/\/www.w3.org\/2000\/svg\" viewBox=\"0 0 320 512\"><path fill=\"currentColor\" d=\"M285.476 272.971L91.132 467.314c-9.373 9.373-24.569 9.373-33.941 0l-22.667-22.667c-9.357-9.357-9.375-24.522-.04-33.901L188.505 256 34.484 101.255c-9.335-9.379-9.317-24.544.04-33.901l22.667-22.667c9.373-9.373 24.569-9.373 33.941 0L285.475 239.03c9.373 9.372 9.373 24.568.001 33.941z\"><\/path><\/svg>\n                                        <\/span>\n                                    <\/a>\n                                <\/div>\n                            <\/div>\n                        <\/div>\n                        <div class=\"row\">\n                            <div style=\"position:relative;\">\n                                <table class=\"table\">\n                                    <thead class=\"text-center text-secondary\"><tr><th>L<\/th><th>M<\/th><th>X<\/th><th>J<\/th><th>V<\/th><th>S<\/th><th>D<\/th><\/tr>\n                                    <\/thead>\n                                    <div id=\"overlay\">\n                                    <div class=\"cv-spinner\">\n                                        <span class=\"spinner\"><\/span>\n                                    <\/div>\n                                    <tbody id=\"calendario\">\n                                    <\/tbody>\n                                <\/table>\n                            <\/div>\n                        <\/div>\n                        <div class=\"foot-calendar\">\n                        <span>Horarios: Ma\u00f1anas, Tardes, Noches<\/span>\n                            <div class=\"\">\n                                <div class=\"\">\n                                    <div class=\"estados bg-success\">\n                                    <\/div>\n                                    <div>\n                                    <span>Libre<\/span>\n                                    <\/div>\n                                <\/div>\n                                <div class=\"\">\n                                    <div class=\"estados bg-danger\">\n                                    <\/div>\n                                    <div>\n                                    <span>Reservada<\/span>\n                                    <\/div>\n                                <\/div>\n                            <\/div>\n                        <\/div>\n                    <\/div>\n                <\/section>\n                <script>\n                jQuery(document).ready(function() {\n                    cargar_mes(0);\n                });<\/script>[\/vc_column_text][mk_padding_divider size=\u00bb20&#8243;][\/vc_column][\/vc_row][vc_row][vc_column][vc_text_separator title=\u00bbPRECIOS PARA FIESTAS INFANTILES\u00bb title_align=\u00bbseparator_align_left\u00bb][mk_table]\n<table width=\"100%\">\n<thead>\n<tr>\n<th style=\"text-align: left;\">Horario<\/th>\n<th style=\"text-align: center !important;\">Hasta 25 pers.<\/th>\n<th style=\"text-align: center !important;\">De 26 a 50 pers.<\/th>\n<th style=\"text-align: center !important;\">De 51 a 60 pers.<\/th>\n<\/tr>\n<\/thead>\n<tbody>\n<tr>\n<td style=\"text-align: left;\"><strong>De Lunes a Viernes ma\u00f1anas<\/strong><\/td>\n<td style=\"text-align: center !important;\">100\u20ac<\/td>\n<td style=\"text-align: center !important;\">110\u20ac<\/td>\n<td style=\"text-align: center !important;\">115\u20ac<\/td>\n<\/tr>\n<tr>\n<td style=\"text-align: left;\"><strong>De Lunes a Jueves tardes<\/strong><\/td>\n<td style=\"text-align: center !important;\">100\u20ac<\/td>\n<td style=\"text-align: center !important;\">110\u20ac<\/td>\n<td style=\"text-align: center !important;\">115\u20ac<\/td>\n<\/tr>\n<tr>\n<td style=\"text-align: left;\"><strong>Viernes y v\u00edsperas de festivos tardes<\/strong><\/td>\n<td style=\"text-align: center !important;\">145\u20ac<\/td>\n<td style=\"text-align: center !important;\">155\u20ac<\/td>\n<td style=\"text-align: center !important;\">160\u20ac<\/td>\n<\/tr>\n<tr>\n<td style=\"text-align: left;\"><strong>S\u00e1bados, Domingos y Festivos ma\u00f1anas<\/strong><\/td>\n<td style=\"text-align: center !important;\">145\u20ac<\/td>\n<td style=\"text-align: center !important;\">145\u20ac<\/td>\n<td style=\"text-align: center !important;\">150\u20ac<\/td>\n<\/tr>\n<tr>\n<td style=\"text-align: left;\"><strong>S\u00e1bados, Domingos y Festivos tardes<\/strong><\/td>\n<td style=\"text-align: center !important;\">185\u20ac<\/td>\n<td style=\"text-align: center !important;\">185\u20ac<\/td>\n<td style=\"text-align: center !important;\">190\u20ac<\/td>\n<\/tr>\n<\/tbody>\n<\/table>\n[\/mk_table][vc_column_text css=\u00bb.vc_custom_1767178132472{margin-bottom: 0px !important;}\u00bb]<b>*<\/b><span style=\"font-weight: 400;\"> Precios noche a consultar<\/span><br \/>\n<span style=\"font-weight: 400;\">* Comuniones, bautizos y bodas consultar precios<\/span><br \/>\n<b>*<\/b><span style=\"font-weight: 400;\"> Fiestas de Navidad con horario especial &#8211; precios a consultar<\/span>[\/vc_column_text][\/vc_column][\/vc_row][vc_row][vc_column][mk_padding_divider][\/vc_column][\/vc_row][vc_row][vc_column][vc_text_separator title=\u00bbUBICACI\u00d3N\u00bb title_align=\u00bbseparator_align_left\u00bb][vc_column_text css=\u00bb.vc_custom_1570185991507{margin-bottom: 0px !important;}\u00bb]<iframe loading=\"lazy\" style=\"border: 0;\" src=\"https:\/\/www.google.com\/maps\/embed?pb=!1m18!1m12!1m3!1d2982.8975434462886!2d2.286352015675691!3d41.61472718983315!2m3!1f0!2f0!3f0!3m2!1i1024!2i768!4f13.1!3m3!1m2!1s0x12a4c7cc6cbd0bab%3A0xc2ce9f024f167a1!2sAl%20Teu%20Aire%20Granollers!5e0!3m2!1ses!2ses!4v1570185499820!5m2!1ses!2ses\" width=\"600\" height=\"450\" frameborder=\"0\" allowfullscreen=\"allowfullscreen\"><\/iframe>[\/vc_column_text][vc_column_text css=\u00bb.vc_custom_1649742994011{margin-bottom: 0px !important;}\u00bb]\n<div class=\"centrado\">\n<form action=\"https:\/\/maps.google.com\/maps\" method=\"get\" target=\"_blank\">\n<div class=\"formbox\"><label class=\"buscador\" for=\"saddr\">Escribe el nombre de tu localidad\u00a0<\/label><\/div>\n<div class=\"formbox1\"><input class=\"buscador\" name=\"saddr\" type=\"text\" \/><\/div>\n<p><input name=\"daddr\" type=\"hidden\" value=\"Carrer Ram\u00f3n Berenguer III, 22 - 08401 GRANOLLERS\" \/><\/p>\n<div class=\"formbox2\"><input class=\"buscador button\" type=\"submit\" value=\"Como llegar\" \/><\/div>\n<\/form>\n<\/div>\n[\/vc_column_text][vc_row_inner visibility=\u00bbvisible-sm\u00bb][vc_column_inner][vc_column_text]\n<p style=\"text-align: center;\"><a href=\"whatsapp:\/\/send?text=Esta es la direcci\u00f3n de Alteuaire sala Berenguer - https:\/\/goo.gl\/maps\/5umSLDVsT7o\" data-action=\"share\/whatsapp\/share\"> <img decoding=\"async\" src=\"https:\/\/alteuaire.es\/wp-content\/uploads\/2016\/03\/watssapp-e1457349204712.png\" alt=\"\" \/>Comparte la direcci\u00f3n por WhatsApp<\/a><\/p>\n[\/vc_column_text][\/vc_column_inner][\/vc_row_inner][\/vc_column][\/vc_row][vc_row][vc_column][mk_padding_divider][\/vc_column][\/vc_row][vc_row][vc_column][vc_text_separator title=\u00bbIM\u00c1GENES\u00bb title_align=\u00bbseparator_align_left\u00bb][mk_gallery images=\u00bb1587,12038,12040,12036,827,828,829,831,834,835,836,837&#8243; column=\u00bb4&#8243; height=\u00bb250&#8243; orderby=\u00bbpost__in\u00bb][\/vc_column][\/vc_row]\n<\/div>","protected":false},"excerpt":{"rendered":"<p>[vc_row][vc_column][vc_text_separator title=\u00bbSALA BERENGUER\u00bb title_align=\u00bbseparator_align_left\u00bb][\/vc_column][vc_column width=\u00bb1\/2&#8243;][vc_single_image image=\u00bb1587&#8243; img_size=\u00bb380&#215;260&#8243; alignment=\u00bbcenter\u00bb][\/vc_column][vc_column width=\u00bb1\/2&#8243;][vc_row_inner css=\u00bb.vc_custom_1456830200288{margin-bottom: 0px !important;}\u00bb][vc_column_inner][vc_column_text]Superficie: 200m\u00b2\u00a0 Aforo:\u00a060\u00a0personas[\/vc_column_text][mk_custom_list style=\u00bb6c\u00bb margin_bottom=\u00bb10&#8243;] DIRECCI\u00d3N: Carrer Ram\u00f3n Berenguer III, 22 &#8211; 08401 Granollers BARCELONA [\/mk_custom_list][mk_custom_list style=\u00bbf207&#8243; margin_bottom=\u00bb10&#8243;] TRANSPORTE P\u00daBLICO: Bus: L3 parada Ram\u00f3n Llull, L21 Parada Verdaguer, L20 Parada Mercat canovelles. 342,401,402,403,450,512 L6 y L 22, Parada Girona-Francesc Ribas. [\/mk_custom_list][mk_custom_list style=\u00bb7a\u00bb margin_bottom=\u00bb10&#8243;] HORARIO [&hellip;]<\/p>\n","protected":false},"author":1,"featured_media":0,"parent":1248,"menu_order":0,"comment_status":"closed","ping_status":"closed","template":"","meta":{"_acf_changed":false,"footnotes":""},"class_list":["post-1424","page","type-page","status-publish","hentry"],"acf":[],"yoast_head":"<!-- This site is optimized with the Yoast SEO plugin v26.8 - https:\/\/yoast.com\/product\/yoast-seo-wordpress\/ -->\n<title>Locales para fiestas en Granollers - Sala Berenguer - Al teu aire<\/title>\n<meta name=\"description\" content=\"Alteuaire Granollers, Sala Berenguer - Alquiler de locales para fiestas en Granollers, cumplea\u00f1os infantiles y adulto, celebraciones y eventos.\" \/>\n<meta name=\"robots\" content=\"index, follow, max-snippet:-1, max-image-preview:large, max-video-preview:-1\" \/>\n<link rel=\"canonical\" href=\"https:\/\/alteuaire.es\/es\/sales\/berenguer\/\" \/>\n<meta property=\"og:locale\" content=\"es_ES\" \/>\n<meta property=\"og:type\" content=\"article\" \/>\n<meta property=\"og:title\" content=\"Locales para fiestas en Granollers - Sala Berenguer - Al teu aire\" \/>\n<meta property=\"og:description\" content=\"Alteuaire Granollers, Sala Berenguer - Alquiler de locales para fiestas en Granollers, cumplea\u00f1os infantiles y adulto, celebraciones y eventos.\" \/>\n<meta property=\"og:url\" content=\"https:\/\/alteuaire.es\/es\/sales\/berenguer\/\" \/>\n<meta property=\"og:site_name\" content=\"Al teu aire - Espai L\u00fadic i Privat\" \/>\n<meta property=\"article:publisher\" content=\"https:\/\/www.facebook.com\/alteuaire.franquicies\/\" \/>\n<meta property=\"article:modified_time\" content=\"2026-02-02T16:02:08+00:00\" \/>\n<meta property=\"og:image\" content=\"https:\/\/alteuaire.es\/wp-content\/uploads\/2016\/03\/watssapp-e1457349204712.png\" \/>\n<meta name=\"twitter:card\" content=\"summary_large_image\" \/>\n<meta name=\"twitter:site\" content=\"@_alteuaire_\" \/>\n<meta name=\"twitter:label1\" content=\"Tiempo de lectura\" \/>\n\t<meta name=\"twitter:data1\" content=\"6 minutos\" \/>\n<script type=\"application\/ld+json\" class=\"yoast-schema-graph\">{\"@context\":\"https:\/\/schema.org\",\"@graph\":[{\"@type\":\"WebPage\",\"@id\":\"https:\/\/alteuaire.es\/es\/sales\/berenguer\/\",\"url\":\"https:\/\/alteuaire.es\/es\/sales\/berenguer\/\",\"name\":\"Locales para fiestas en Granollers - Sala Berenguer - Al teu aire\",\"isPartOf\":{\"@id\":\"https:\/\/alteuaire.es\/es\/#website\"},\"primaryImageOfPage\":{\"@id\":\"https:\/\/alteuaire.es\/es\/sales\/berenguer\/#primaryimage\"},\"image\":{\"@id\":\"https:\/\/alteuaire.es\/es\/sales\/berenguer\/#primaryimage\"},\"thumbnailUrl\":\"https:\/\/alteuaire.es\/wp-content\/uploads\/2016\/03\/watssapp-e1457349204712.png\",\"datePublished\":\"2016-03-03T10:49:46+00:00\",\"dateModified\":\"2026-02-02T16:02:08+00:00\",\"description\":\"Alteuaire Granollers, Sala Berenguer - Alquiler de locales para fiestas en Granollers, cumplea\u00f1os infantiles y adulto, celebraciones y eventos.\",\"breadcrumb\":{\"@id\":\"https:\/\/alteuaire.es\/es\/sales\/berenguer\/#breadcrumb\"},\"inLanguage\":\"es\",\"potentialAction\":[{\"@type\":\"ReadAction\",\"target\":[\"https:\/\/alteuaire.es\/es\/sales\/berenguer\/\"]}]},{\"@type\":\"ImageObject\",\"inLanguage\":\"es\",\"@id\":\"https:\/\/alteuaire.es\/es\/sales\/berenguer\/#primaryimage\",\"url\":\"https:\/\/alteuaire.es\/wp-content\/uploads\/2016\/03\/watssapp-e1457349204712.png\",\"contentUrl\":\"https:\/\/alteuaire.es\/wp-content\/uploads\/2016\/03\/watssapp-e1457349204712.png\"},{\"@type\":\"BreadcrumbList\",\"@id\":\"https:\/\/alteuaire.es\/es\/sales\/berenguer\/#breadcrumb\",\"itemListElement\":[{\"@type\":\"ListItem\",\"position\":1,\"name\":\"Inici\",\"item\":\"https:\/\/alteuaire.es\/es\/\"},{\"@type\":\"ListItem\",\"position\":2,\"name\":\"Nuestras salas\",\"item\":\"https:\/\/alteuaire.es\/es\/sales\/\"},{\"@type\":\"ListItem\",\"position\":3,\"name\":\"Sala Berenguer &#8211; Granollers\"}]},{\"@type\":\"WebSite\",\"@id\":\"https:\/\/alteuaire.es\/es\/#website\",\"url\":\"https:\/\/alteuaire.es\/es\/\",\"name\":\"Al teu aire - Espai L\u00fadic i Privat\",\"description\":\"Alteuaire - Sales de festes privades de lloguer per aniversaris infantils y altres celebracions.\",\"publisher\":{\"@id\":\"https:\/\/alteuaire.es\/es\/#organization\"},\"potentialAction\":[{\"@type\":\"SearchAction\",\"target\":{\"@type\":\"EntryPoint\",\"urlTemplate\":\"https:\/\/alteuaire.es\/es\/?s={search_term_string}\"},\"query-input\":{\"@type\":\"PropertyValueSpecification\",\"valueRequired\":true,\"valueName\":\"search_term_string\"}}],\"inLanguage\":\"es\"},{\"@type\":\"Organization\",\"@id\":\"https:\/\/alteuaire.es\/es\/#organization\",\"name\":\"Alteuaire franquicies - Espai l\u00fadic i privat\",\"url\":\"https:\/\/alteuaire.es\/es\/\",\"logo\":{\"@type\":\"ImageObject\",\"inLanguage\":\"es\",\"@id\":\"https:\/\/alteuaire.es\/es\/#\/schema\/logo\/image\/\",\"url\":\"https:\/\/alteuaire.es\/wp-content\/uploads\/2016\/04\/alteauire.jpg\",\"contentUrl\":\"https:\/\/alteuaire.es\/wp-content\/uploads\/2016\/04\/alteauire.jpg\",\"width\":4606,\"height\":1920,\"caption\":\"Alteuaire franquicies - Espai l\u00fadic i privat\"},\"image\":{\"@id\":\"https:\/\/alteuaire.es\/es\/#\/schema\/logo\/image\/\"},\"sameAs\":[\"https:\/\/www.facebook.com\/alteuaire.franquicies\/\",\"https:\/\/x.com\/_alteuaire_\",\"https:\/\/www.instagram.com\/_alteuaire_\/\",\"https:\/\/es.pinterest.com\/alteuaire\/\"]}]}<\/script>\n<!-- \/ Yoast SEO plugin. -->","yoast_head_json":{"title":"Locales para fiestas en Granollers - Sala Berenguer - Al teu aire","description":"Alteuaire Granollers, Sala Berenguer - Alquiler de locales para fiestas en Granollers, cumplea\u00f1os infantiles y adulto, celebraciones y eventos.","robots":{"index":"index","follow":"follow","max-snippet":"max-snippet:-1","max-image-preview":"max-image-preview:large","max-video-preview":"max-video-preview:-1"},"canonical":"https:\/\/alteuaire.es\/es\/sales\/berenguer\/","og_locale":"es_ES","og_type":"article","og_title":"Locales para fiestas en Granollers - Sala Berenguer - Al teu aire","og_description":"Alteuaire Granollers, Sala Berenguer - Alquiler de locales para fiestas en Granollers, cumplea\u00f1os infantiles y adulto, celebraciones y eventos.","og_url":"https:\/\/alteuaire.es\/es\/sales\/berenguer\/","og_site_name":"Al teu aire - Espai L\u00fadic i Privat","article_publisher":"https:\/\/www.facebook.com\/alteuaire.franquicies\/","article_modified_time":"2026-02-02T16:02:08+00:00","og_image":[{"url":"https:\/\/alteuaire.es\/wp-content\/uploads\/2016\/03\/watssapp-e1457349204712.png","type":"","width":"","height":""}],"twitter_card":"summary_large_image","twitter_site":"@_alteuaire_","twitter_misc":{"Tiempo de lectura":"6 minutos"},"schema":{"@context":"https:\/\/schema.org","@graph":[{"@type":"WebPage","@id":"https:\/\/alteuaire.es\/es\/sales\/berenguer\/","url":"https:\/\/alteuaire.es\/es\/sales\/berenguer\/","name":"Locales para fiestas en Granollers - Sala Berenguer - Al teu aire","isPartOf":{"@id":"https:\/\/alteuaire.es\/es\/#website"},"primaryImageOfPage":{"@id":"https:\/\/alteuaire.es\/es\/sales\/berenguer\/#primaryimage"},"image":{"@id":"https:\/\/alteuaire.es\/es\/sales\/berenguer\/#primaryimage"},"thumbnailUrl":"https:\/\/alteuaire.es\/wp-content\/uploads\/2016\/03\/watssapp-e1457349204712.png","datePublished":"2016-03-03T10:49:46+00:00","dateModified":"2026-02-02T16:02:08+00:00","description":"Alteuaire Granollers, Sala Berenguer - Alquiler de locales para fiestas en Granollers, cumplea\u00f1os infantiles y adulto, celebraciones y eventos.","breadcrumb":{"@id":"https:\/\/alteuaire.es\/es\/sales\/berenguer\/#breadcrumb"},"inLanguage":"es","potentialAction":[{"@type":"ReadAction","target":["https:\/\/alteuaire.es\/es\/sales\/berenguer\/"]}]},{"@type":"ImageObject","inLanguage":"es","@id":"https:\/\/alteuaire.es\/es\/sales\/berenguer\/#primaryimage","url":"https:\/\/alteuaire.es\/wp-content\/uploads\/2016\/03\/watssapp-e1457349204712.png","contentUrl":"https:\/\/alteuaire.es\/wp-content\/uploads\/2016\/03\/watssapp-e1457349204712.png"},{"@type":"BreadcrumbList","@id":"https:\/\/alteuaire.es\/es\/sales\/berenguer\/#breadcrumb","itemListElement":[{"@type":"ListItem","position":1,"name":"Inici","item":"https:\/\/alteuaire.es\/es\/"},{"@type":"ListItem","position":2,"name":"Nuestras salas","item":"https:\/\/alteuaire.es\/es\/sales\/"},{"@type":"ListItem","position":3,"name":"Sala Berenguer &#8211; Granollers"}]},{"@type":"WebSite","@id":"https:\/\/alteuaire.es\/es\/#website","url":"https:\/\/alteuaire.es\/es\/","name":"Al teu aire - Espai L\u00fadic i Privat","description":"Alteuaire - Sales de festes privades de lloguer per aniversaris infantils y altres celebracions.","publisher":{"@id":"https:\/\/alteuaire.es\/es\/#organization"},"potentialAction":[{"@type":"SearchAction","target":{"@type":"EntryPoint","urlTemplate":"https:\/\/alteuaire.es\/es\/?s={search_term_string}"},"query-input":{"@type":"PropertyValueSpecification","valueRequired":true,"valueName":"search_term_string"}}],"inLanguage":"es"},{"@type":"Organization","@id":"https:\/\/alteuaire.es\/es\/#organization","name":"Alteuaire franquicies - Espai l\u00fadic i privat","url":"https:\/\/alteuaire.es\/es\/","logo":{"@type":"ImageObject","inLanguage":"es","@id":"https:\/\/alteuaire.es\/es\/#\/schema\/logo\/image\/","url":"https:\/\/alteuaire.es\/wp-content\/uploads\/2016\/04\/alteauire.jpg","contentUrl":"https:\/\/alteuaire.es\/wp-content\/uploads\/2016\/04\/alteauire.jpg","width":4606,"height":1920,"caption":"Alteuaire franquicies - Espai l\u00fadic i privat"},"image":{"@id":"https:\/\/alteuaire.es\/es\/#\/schema\/logo\/image\/"},"sameAs":["https:\/\/www.facebook.com\/alteuaire.franquicies\/","https:\/\/x.com\/_alteuaire_","https:\/\/www.instagram.com\/_alteuaire_\/","https:\/\/es.pinterest.com\/alteuaire\/"]}]}},"publishpress_future_action":{"enabled":false,"date":"2026-05-13 06:09:41","action":"change-status","newStatus":"draft","terms":[],"taxonomy":"translation_priority","extraData":[]},"publishpress_future_workflow_manual_trigger":{"enabledWorkflows":[]},"_links":{"self":[{"href":"https:\/\/alteuaire.es\/es\/wp-json\/wp\/v2\/pages\/1424","targetHints":{"allow":["GET"]}}],"collection":[{"href":"https:\/\/alteuaire.es\/es\/wp-json\/wp\/v2\/pages"}],"about":[{"href":"https:\/\/alteuaire.es\/es\/wp-json\/wp\/v2\/types\/page"}],"author":[{"embeddable":true,"href":"https:\/\/alteuaire.es\/es\/wp-json\/wp\/v2\/users\/1"}],"replies":[{"embeddable":true,"href":"https:\/\/alteuaire.es\/es\/wp-json\/wp\/v2\/comments?post=1424"}],"version-history":[{"count":2,"href":"https:\/\/alteuaire.es\/es\/wp-json\/wp\/v2\/pages\/1424\/revisions"}],"predecessor-version":[{"id":12934,"href":"https:\/\/alteuaire.es\/es\/wp-json\/wp\/v2\/pages\/1424\/revisions\/12934"}],"up":[{"embeddable":true,"href":"https:\/\/alteuaire.es\/es\/wp-json\/wp\/v2\/pages\/1248"}],"wp:attachment":[{"href":"https:\/\/alteuaire.es\/es\/wp-json\/wp\/v2\/media?parent=1424"}],"curies":[{"name":"wp","href":"https:\/\/api.w.org\/{rel}","templated":true}]}}