{"id":1947,"date":"2016-03-18T13:02:10","date_gmt":"2016-03-18T12:02:10","guid":{"rendered":"https:\/\/alteuaire.es\/es\/pastissos-personalitzats\/"},"modified":"2025-12-15T15:54:33","modified_gmt":"2025-12-15T14:54:33","slug":"pasteles-personalizados","status":"publish","type":"page","link":"https:\/\/alteuaire.es\/es\/serveis\/pasteles-personalizados\/","title":{"rendered":"Pasteles personalizados"},"content":{"rendered":"<div class=\"wpb-content-wrapper\">[vc_row][vc_column][vc_column_text css=\u00bb.vc_custom_1719399774384{margin-bottom: 0px !important;}\u00bb]En Alteuaire, convertimos tus sue\u00f1os en deliciosas realidades. Sabemos que cada celebraci\u00f3n es \u00fanica y merece un pastel que refleje esa singularidad. Nuestro equipo de expertos est\u00e1 aqu\u00ed para escuchar tus ideas y trabajar contigo en cada detalle, desde el dise\u00f1o hasta los sabores.<\/p>\n<p>No importa lo creativo o extravagante que sea tu concepto, nos comprometemos a hacer que tu visi\u00f3n cobre vida en forma de un pastel espectacular que sorprender\u00e1 y deleitar\u00e1 a todos tus invitados.<\/p>\n<p>\u00a1D\u00e9janos saber lo que imaginas y nosotros lo haremos realidad![\/vc_column_text][mk_padding_divider size=\u00bb20&#8243;][vc_column_text css=\u00bb.vc_custom_1671446892002{margin-bottom: 0px !important;}\u00bb]\n<h2>Tartas y dulces personalizados<\/h2>\n[\/vc_column_text][mk_padding_divider][\/vc_column][\/vc_row][vc_row el_class=\u00bbreverse-row\u00bb][vc_column width=\u00bb1\/2&#8243;][vc_single_image image=\u00bb12138&#8243; img_size=\u00bbfull\u00bb alignment=\u00bbcenter\u00bb][\/vc_column][vc_column width=\u00bb1\/2&#8243;][vc_column_text css=\u00bb.vc_custom_1671448297943{margin-bottom: 0px !important;}\u00bb]\n<h2>Pastel Al teu aire<\/h2>\n<p>Pastel de celebraci\u00f3n, ideal para fiestas o peque\u00f1os eventos, pero no menos importantes.<\/p>\n<p>Porque una celebraci\u00f3n sin pastel no es una fiesta, es una reuni\u00f3n.<\/p>\n<p>Preg\u00fantanos y un especialista te asesorar\u00e1.<\/p>\n<p><strong>Precio seg\u00fan el sabor y el dise\u00f1o<\/strong>[\/vc_column_text][\/vc_column][\/vc_row][vc_row][vc_column visibility=\u00bbhidden-sm\u00bb][mk_divider style=\u00bbthin_solid\u00bb margin_bottom=\u00bb45&#8243;][mk_padding_divider size=\u00bb20&#8243;][\/vc_column][\/vc_row][vc_row el_class=\u00bbreverse-row\u00bb][vc_column width=\u00bb1\/3&#8243;][vc_single_image image=\u00bb12125&#8243; img_size=\u00bbfull\u00bb alignment=\u00bbcenter\u00bb][vc_single_image image=\u00bb12129&#8243; img_size=\u00bbfull\u00bb alignment=\u00bbcenter\u00bb][\/vc_column][vc_column width=\u00bb1\/3&#8243;][vc_single_image image=\u00bb12127&#8243; img_size=\u00bbfull\u00bb alignment=\u00bbcenter\u00bb][vc_single_image image=\u00bb12131&#8243; img_size=\u00bbfull\u00bb alignment=\u00bbcenter\u00bb][\/vc_column][vc_column width=\u00bb1\/3&#8243;][vc_single_image image=\u00bb12135&#8243; img_size=\u00bbfull\u00bb alignment=\u00bbcenter\u00bb][vc_single_image image=\u00bb12133&#8243; img_size=\u00bbfull\u00bb alignment=\u00bbcenter\u00bb][\/vc_column][\/vc_row][vc_row][vc_column visibility=\u00bbhidden-sm\u00bb][mk_divider style=\u00bbthin_solid\u00bb margin_bottom=\u00bb45&#8243;][mk_padding_divider size=\u00bb20&#8243;][\/vc_column][\/vc_row][vc_row el_class=\u00bbreverse-row\u00bb][vc_column width=\u00bb1\/2&#8243;][vc_single_image image=\u00bb9867&#8243; img_size=\u00bbfull\u00bb alignment=\u00bbcenter\u00bb][\/vc_column][vc_column width=\u00bb1\/2&#8243;][vc_column_text css=\u00bb.vc_custom_1671448317031{margin-bottom: 0px !important;}\u00bb]\n<h2>Pastel 3 pisos<\/h2>\n<p>Pastel ideal para grandes celebraciones, de 3 pisos, de distintos sabores con la tem\u00e1tica personalizada. Se pueden a\u00f1adir flores (naturales o artificiales). Un gran pastel para un evento inolvidable.<\/p>\n<p>Preg\u00fantanos y un especialista te asesorar\u00e1.<\/p>\n<p><strong>Precio seg\u00fan el sabor y el dise\u00f1o<\/strong>[\/vc_column_text][\/vc_column][\/vc_row][vc_row][vc_column visibility=\u00bbhidden-sm\u00bb][mk_divider style=\u00bbthin_solid\u00bb margin_bottom=\u00bb45&#8243;][mk_padding_divider size=\u00bb20&#8243;][\/vc_column][\/vc_row][vc_row el_class=\u00bbreverse-row\u00bb][vc_column width=\u00bb1\/2&#8243;][vc_single_image image=\u00bb9869&#8243; img_size=\u00bbfull\u00bb alignment=\u00bbcenter\u00bb][\/vc_column][vc_column width=\u00bb1\/2&#8243;][vc_column_text css=\u00bb.vc_custom_1723629724123{margin-bottom: 0px !important;}\u00bb]\n<h2>Galletas<\/h2>\n<p>El complemento ideal para todo tipo de fiesta.<\/p>\n<p>Pedido m\u00ednimo 10 unidades<\/p>\n[\/vc_column_text][\/vc_column][\/vc_row][vc_row][vc_column visibility=\u00bbhidden-sm\u00bb][mk_divider style=\u00bbthin_solid\u00bb margin_bottom=\u00bb45&#8243;][mk_padding_divider size=\u00bb20&#8243;][\/vc_column][\/vc_row][vc_row el_class=\u00bbreverse-row\u00bb][vc_column width=\u00bb1\/2&#8243;][vc_single_image image=\u00bb9871&#8243; img_size=\u00bbfull\u00bb alignment=\u00bbcenter\u00bb][\/vc_column][vc_column width=\u00bb1\/2&#8243;][vc_column_text css=\u00bb.vc_custom_1723629733689{margin-bottom: 0px !important;}\u00bb]\n<h2>Piruletas<\/h2>\n<p>Nuestras piruletas son sin az\u00facar. Elige la foto o imagen que m\u00e1s te guste y sorprende a tus invitados con este hermoso detalle.<\/p>\n<p>Pedido m\u00ednimo 10 unidades<\/p>\n[\/vc_column_text][\/vc_column][\/vc_row][vc_row][vc_column visibility=\u00bbhidden-sm\u00bb][mk_divider style=\u00bbthin_solid\u00bb margin_bottom=\u00bb45&#8243;][mk_padding_divider size=\u00bb20&#8243;][\/vc_column][\/vc_row][vc_row][vc_column visibility=\u00bbhidden-sm\u00bb][mk_divider style=\u00bbthin_solid\u00bb margin_bottom=\u00bb45&#8243;][mk_padding_divider size=\u00bb20&#8243;][\/vc_column][\/vc_row][vc_row][vc_column visibility=\u00bbhidden-sm\u00bb][mk_divider style=\u00bbthin_solid\u00bb margin_bottom=\u00bb45&#8243;][mk_padding_divider size=\u00bb20&#8243;][\/vc_column][\/vc_row][vc_row][vc_column visibility=\u00bbhidden-sm\u00bb][mk_divider style=\u00bbthin_solid\u00bb margin_bottom=\u00bb45&#8243;][mk_padding_divider size=\u00bb20&#8243;][\/vc_column][\/vc_row][vc_row][vc_column][vc_column_text css=\u00bb.vc_custom_1671447980044{margin-bottom: 0px !important;}\u00bb]\n<h2>CONDICIONES<\/h2>\n<p>Para aceptar un encargo, necesitamos un m\u00ednimo de 3 d\u00edas de antelaci\u00f3n, con menos tiempo no podemos comprometernos a realizar el pedido. El pago se realizar\u00e1, el 50% a la aceptaci\u00f3n y el resto, 1 d\u00eda antes de la entrega. La entrega se realizar\u00e1 en la sala o lugar indicado por el cliente a la hora convenida.[\/vc_column_text][mk_padding_divider size=\u00bb20&#8243;][\/vc_column][\/vc_row][vc_row css=\u00bb.vc_custom_1602840676740{padding: 20px !important;background-color: #ededed !important;}\u00bb][vc_column][mk_padding_divider][vc_column_text css=\u00bb.vc_custom_1671450733163{margin-bottom: 0px !important;}\u00bb][vc_row][vc_column width=\u00bb1\/1&#8243;][vc_column_text]\n<h2>Contactanos y te asesoramos<\/h2>\n<p>Tel\u00e9fono y WhatsApp : <a href=\"tel:722324776\">722 324 776<\/a><\/p>\n<p>Email: <a href=\"mailto:eventos@alteuaire.es\">eventos@alteuaire.es<\/a><\/p>\n[\/vc_column_text][\/vc_column][\/vc_row]\n<\/div>","protected":false},"excerpt":{"rendered":"<p>[vc_row][vc_column][vc_column_text css=\u00bb.vc_custom_1719399774384{margin-bottom: 0px !important;}\u00bb]En Alteuaire, convertimos tus sue\u00f1os en deliciosas realidades. Sabemos que cada celebraci\u00f3n es \u00fanica y merece un pastel que refleje esa singularidad. Nuestro equipo de expertos est\u00e1 aqu\u00ed para escuchar tus ideas y trabajar contigo en cada detalle, desde el dise\u00f1o hasta los sabores. No importa lo creativo o extravagante que sea [&hellip;]<\/p>\n","protected":false},"author":1,"featured_media":0,"parent":2456,"menu_order":0,"comment_status":"closed","ping_status":"closed","template":"","meta":{"_acf_changed":false,"footnotes":""},"class_list":["post-1947","page","type-page","status-publish","hentry"],"acf":[],"yoast_head":"<!-- This site is optimized with the Yoast SEO plugin v26.8 - https:\/\/yoast.com\/product\/yoast-seo-wordpress\/ -->\n<title>Pasteles personalizados - Al teu aire - Espai L\u00fadic i Privat<\/title>\n<meta name=\"description\" content=\"Pasteles personalizados para fiestas infantiles y cumplea\u00f1os: Tartas personalizadas, Cupcakes, Cakesicles, Galletas, Merengues y Piruletas.\" \/>\n<meta name=\"robots\" content=\"index, follow, max-snippet:-1, max-image-preview:large, max-video-preview:-1\" \/>\n<link rel=\"canonical\" href=\"https:\/\/alteuaire.es\/es\/serveis\/pasteles-personalizados\/\" \/>\n<meta property=\"og:locale\" content=\"es_ES\" \/>\n<meta property=\"og:type\" content=\"article\" \/>\n<meta property=\"og:title\" content=\"Pasteles personalizados - Al teu aire - Espai L\u00fadic i Privat\" \/>\n<meta property=\"og:description\" content=\"Pasteles personalizados para fiestas infantiles y cumplea\u00f1os: Tartas personalizadas, Cupcakes, Cakesicles, Galletas, Merengues y Piruletas.\" \/>\n<meta property=\"og:url\" content=\"https:\/\/alteuaire.es\/es\/serveis\/pasteles-personalizados\/\" \/>\n<meta property=\"og:site_name\" content=\"Al teu aire - Espai L\u00fadic i Privat\" \/>\n<meta property=\"article:publisher\" content=\"https:\/\/www.facebook.com\/alteuaire.franquicies\/\" \/>\n<meta property=\"article:modified_time\" content=\"2025-12-15T14:54:33+00:00\" \/>\n<meta property=\"og:image\" content=\"https:\/\/alteuaire.es\/wp-content\/uploads\/2017\/08\/alteuaire-redes-sociales.jpg\" \/>\n\t<meta property=\"og:image:width\" content=\"600\" \/>\n\t<meta property=\"og:image:height\" content=\"511\" \/>\n\t<meta property=\"og:image:type\" content=\"image\/jpeg\" \/>\n<meta name=\"twitter:card\" content=\"summary_large_image\" \/>\n<meta name=\"twitter:site\" content=\"@_alteuaire_\" \/>\n<meta name=\"twitter:label1\" content=\"Tiempo de lectura\" \/>\n\t<meta name=\"twitter:data1\" content=\"2 minutos\" \/>\n<script type=\"application\/ld+json\" class=\"yoast-schema-graph\">{\"@context\":\"https:\/\/schema.org\",\"@graph\":[{\"@type\":\"WebPage\",\"@id\":\"https:\/\/alteuaire.es\/es\/serveis\/pasteles-personalizados\/\",\"url\":\"https:\/\/alteuaire.es\/es\/serveis\/pasteles-personalizados\/\",\"name\":\"Pasteles personalizados - Al teu aire - Espai L\u00fadic i Privat\",\"isPartOf\":{\"@id\":\"https:\/\/alteuaire.es\/es\/#website\"},\"datePublished\":\"2016-03-18T12:02:10+00:00\",\"dateModified\":\"2025-12-15T14:54:33+00:00\",\"description\":\"Pasteles personalizados para fiestas infantiles y cumplea\u00f1os: Tartas personalizadas, Cupcakes, Cakesicles, Galletas, Merengues y Piruletas.\",\"breadcrumb\":{\"@id\":\"https:\/\/alteuaire.es\/es\/serveis\/pasteles-personalizados\/#breadcrumb\"},\"inLanguage\":\"es\",\"potentialAction\":[{\"@type\":\"ReadAction\",\"target\":[\"https:\/\/alteuaire.es\/es\/serveis\/pasteles-personalizados\/\"]}]},{\"@type\":\"BreadcrumbList\",\"@id\":\"https:\/\/alteuaire.es\/es\/serveis\/pasteles-personalizados\/#breadcrumb\",\"itemListElement\":[{\"@type\":\"ListItem\",\"position\":1,\"name\":\"Inici\",\"item\":\"https:\/\/alteuaire.es\/es\/\"},{\"@type\":\"ListItem\",\"position\":2,\"name\":\"Servicios\",\"item\":\"https:\/\/alteuaire.es\/es\/serveis\/\"},{\"@type\":\"ListItem\",\"position\":3,\"name\":\"Pasteles personalizados\"}]},{\"@type\":\"WebSite\",\"@id\":\"https:\/\/alteuaire.es\/es\/#website\",\"url\":\"https:\/\/alteuaire.es\/es\/\",\"name\":\"Al teu aire - Espai L\u00fadic i Privat\",\"description\":\"Alteuaire - Sales de festes privades de lloguer per aniversaris infantils y altres celebracions.\",\"publisher\":{\"@id\":\"https:\/\/alteuaire.es\/es\/#organization\"},\"potentialAction\":[{\"@type\":\"SearchAction\",\"target\":{\"@type\":\"EntryPoint\",\"urlTemplate\":\"https:\/\/alteuaire.es\/es\/?s={search_term_string}\"},\"query-input\":{\"@type\":\"PropertyValueSpecification\",\"valueRequired\":true,\"valueName\":\"search_term_string\"}}],\"inLanguage\":\"es\"},{\"@type\":\"Organization\",\"@id\":\"https:\/\/alteuaire.es\/es\/#organization\",\"name\":\"Alteuaire franquicies - Espai l\u00fadic i privat\",\"url\":\"https:\/\/alteuaire.es\/es\/\",\"logo\":{\"@type\":\"ImageObject\",\"inLanguage\":\"es\",\"@id\":\"https:\/\/alteuaire.es\/es\/#\/schema\/logo\/image\/\",\"url\":\"https:\/\/alteuaire.es\/wp-content\/uploads\/2016\/04\/alteauire.jpg\",\"contentUrl\":\"https:\/\/alteuaire.es\/wp-content\/uploads\/2016\/04\/alteauire.jpg\",\"width\":4606,\"height\":1920,\"caption\":\"Alteuaire franquicies - Espai l\u00fadic i privat\"},\"image\":{\"@id\":\"https:\/\/alteuaire.es\/es\/#\/schema\/logo\/image\/\"},\"sameAs\":[\"https:\/\/www.facebook.com\/alteuaire.franquicies\/\",\"https:\/\/x.com\/_alteuaire_\",\"https:\/\/www.instagram.com\/_alteuaire_\/\",\"https:\/\/es.pinterest.com\/alteuaire\/\"]}]}<\/script>\n<!-- \/ Yoast SEO plugin. -->","yoast_head_json":{"title":"Pasteles personalizados - Al teu aire - Espai L\u00fadic i Privat","description":"Pasteles personalizados para fiestas infantiles y cumplea\u00f1os: Tartas personalizadas, Cupcakes, Cakesicles, Galletas, Merengues y Piruletas.","robots":{"index":"index","follow":"follow","max-snippet":"max-snippet:-1","max-image-preview":"max-image-preview:large","max-video-preview":"max-video-preview:-1"},"canonical":"https:\/\/alteuaire.es\/es\/serveis\/pasteles-personalizados\/","og_locale":"es_ES","og_type":"article","og_title":"Pasteles personalizados - Al teu aire - Espai L\u00fadic i Privat","og_description":"Pasteles personalizados para fiestas infantiles y cumplea\u00f1os: Tartas personalizadas, Cupcakes, Cakesicles, Galletas, Merengues y Piruletas.","og_url":"https:\/\/alteuaire.es\/es\/serveis\/pasteles-personalizados\/","og_site_name":"Al teu aire - Espai L\u00fadic i Privat","article_publisher":"https:\/\/www.facebook.com\/alteuaire.franquicies\/","article_modified_time":"2025-12-15T14:54:33+00:00","og_image":[{"width":600,"height":511,"url":"https:\/\/alteuaire.es\/wp-content\/uploads\/2017\/08\/alteuaire-redes-sociales.jpg","type":"image\/jpeg"}],"twitter_card":"summary_large_image","twitter_site":"@_alteuaire_","twitter_misc":{"Tiempo de lectura":"2 minutos"},"schema":{"@context":"https:\/\/schema.org","@graph":[{"@type":"WebPage","@id":"https:\/\/alteuaire.es\/es\/serveis\/pasteles-personalizados\/","url":"https:\/\/alteuaire.es\/es\/serveis\/pasteles-personalizados\/","name":"Pasteles personalizados - Al teu aire - Espai L\u00fadic i Privat","isPartOf":{"@id":"https:\/\/alteuaire.es\/es\/#website"},"datePublished":"2016-03-18T12:02:10+00:00","dateModified":"2025-12-15T14:54:33+00:00","description":"Pasteles personalizados para fiestas infantiles y cumplea\u00f1os: Tartas personalizadas, Cupcakes, Cakesicles, Galletas, Merengues y Piruletas.","breadcrumb":{"@id":"https:\/\/alteuaire.es\/es\/serveis\/pasteles-personalizados\/#breadcrumb"},"inLanguage":"es","potentialAction":[{"@type":"ReadAction","target":["https:\/\/alteuaire.es\/es\/serveis\/pasteles-personalizados\/"]}]},{"@type":"BreadcrumbList","@id":"https:\/\/alteuaire.es\/es\/serveis\/pasteles-personalizados\/#breadcrumb","itemListElement":[{"@type":"ListItem","position":1,"name":"Inici","item":"https:\/\/alteuaire.es\/es\/"},{"@type":"ListItem","position":2,"name":"Servicios","item":"https:\/\/alteuaire.es\/es\/serveis\/"},{"@type":"ListItem","position":3,"name":"Pasteles personalizados"}]},{"@type":"WebSite","@id":"https:\/\/alteuaire.es\/es\/#website","url":"https:\/\/alteuaire.es\/es\/","name":"Al teu aire - Espai L\u00fadic i Privat","description":"Alteuaire - Sales de festes privades de lloguer per aniversaris infantils y altres celebracions.","publisher":{"@id":"https:\/\/alteuaire.es\/es\/#organization"},"potentialAction":[{"@type":"SearchAction","target":{"@type":"EntryPoint","urlTemplate":"https:\/\/alteuaire.es\/es\/?s={search_term_string}"},"query-input":{"@type":"PropertyValueSpecification","valueRequired":true,"valueName":"search_term_string"}}],"inLanguage":"es"},{"@type":"Organization","@id":"https:\/\/alteuaire.es\/es\/#organization","name":"Alteuaire franquicies - Espai l\u00fadic i privat","url":"https:\/\/alteuaire.es\/es\/","logo":{"@type":"ImageObject","inLanguage":"es","@id":"https:\/\/alteuaire.es\/es\/#\/schema\/logo\/image\/","url":"https:\/\/alteuaire.es\/wp-content\/uploads\/2016\/04\/alteauire.jpg","contentUrl":"https:\/\/alteuaire.es\/wp-content\/uploads\/2016\/04\/alteauire.jpg","width":4606,"height":1920,"caption":"Alteuaire franquicies - Espai l\u00fadic i privat"},"image":{"@id":"https:\/\/alteuaire.es\/es\/#\/schema\/logo\/image\/"},"sameAs":["https:\/\/www.facebook.com\/alteuaire.franquicies\/","https:\/\/x.com\/_alteuaire_","https:\/\/www.instagram.com\/_alteuaire_\/","https:\/\/es.pinterest.com\/alteuaire\/"]}]}},"publishpress_future_action":{"enabled":false,"date":"2026-05-13 04:49:28","action":"change-status","newStatus":"draft","terms":[],"taxonomy":"translation_priority","extraData":[]},"publishpress_future_workflow_manual_trigger":{"enabledWorkflows":[]},"_links":{"self":[{"href":"https:\/\/alteuaire.es\/es\/wp-json\/wp\/v2\/pages\/1947","targetHints":{"allow":["GET"]}}],"collection":[{"href":"https:\/\/alteuaire.es\/es\/wp-json\/wp\/v2\/pages"}],"about":[{"href":"https:\/\/alteuaire.es\/es\/wp-json\/wp\/v2\/types\/page"}],"author":[{"embeddable":true,"href":"https:\/\/alteuaire.es\/es\/wp-json\/wp\/v2\/users\/1"}],"replies":[{"embeddable":true,"href":"https:\/\/alteuaire.es\/es\/wp-json\/wp\/v2\/comments?post=1947"}],"version-history":[{"count":2,"href":"https:\/\/alteuaire.es\/es\/wp-json\/wp\/v2\/pages\/1947\/revisions"}],"predecessor-version":[{"id":12782,"href":"https:\/\/alteuaire.es\/es\/wp-json\/wp\/v2\/pages\/1947\/revisions\/12782"}],"up":[{"embeddable":true,"href":"https:\/\/alteuaire.es\/es\/wp-json\/wp\/v2\/pages\/2456"}],"wp:attachment":[{"href":"https:\/\/alteuaire.es\/es\/wp-json\/wp\/v2\/media?parent=1947"}],"curies":[{"name":"wp","href":"https:\/\/api.w.org\/{rel}","templated":true}]}}