{"id":1962,"date":"2016-02-18T08:33:37","date_gmt":"2016-02-18T08:33:37","guid":{"rendered":"https:\/\/alteuaire.es\/es\/pinyates\/"},"modified":"2026-02-05T16:02:27","modified_gmt":"2026-02-05T15:02:27","slug":"pinatas","status":"publish","type":"page","link":"https:\/\/alteuaire.es\/es\/serveis\/pinatas\/","title":{"rendered":"Pi\u00f1atas para cumplea\u00f1os y fiestas infantiles"},"content":{"rendered":"<div class=\"wpb-content-wrapper\">[vc_row][vc_column][vc_column_text]\n<h2>Pi\u00f1atas para fiestas y cumplea\u00f1os infantiles<\/h2>\n[\/vc_column_text][mk_fancy_title tag_name=\u00bbh3&#8243; size=\u00bb28&#8243; margin_bottom=\u00bb0&#8243; font_family=\u00bbnone\u00bb]En todas las fiestas no puede faltar una pi\u00f1ata llena de juguetes y de diferentes modelos para que los ni\u00f1os y ni\u00f1as tengan un peque\u00f1o recuerdo.[\/mk_fancy_title][vc_column_text]Nosotros te ofrecemos el servicio de Pi\u00f1atas para fiestas infantiles para que te despreocupes.[\/vc_column_text][vc_column_text]Puedes hacer el pedido tanto por tel\u00e9fono, antes de la fiesta o el mismo d\u00eda y hora que la persona de Alteuaire te abre la sala.[\/vc_column_text][mk_fancy_title tag_name=\u00bbh4&#8243; color=\u00bb#ff8d43&#8243; size=\u00bb26&#8243; font_weight=\u00bbbold\u00bb margin_bottom=\u00bb0&#8243; font_family=\u00bbnone\u00bb]<span style=\"color: #404040;\">INFORMATE<\/span>\u00a093 733 30 00[\/mk_fancy_title][\/vc_column][\/vc_row][vc_row css=\u00bb.vc_custom_1747126334651{padding-top: 30px !important;}\u00bb][vc_column width=\u00bb1\/4&#8243;][vc_single_image image=\u00bb9108&#8243; img_size=\u00bbfull\u00bb alignment=\u00bbcenter\u00bb css=\u00bb.vc_custom_1646653802279{margin-bottom: 10px !important;}\u00bb][vc_column_text align=\u00bbcenter\u00bb]\n<p style=\"text-align: center;\">Patrulla Canina\u00a0<span style=\"color: #f66201;\">4,50 \u20ac\u00a0<\/span><\/p>\n[\/vc_column_text][\/vc_column][vc_column width=\u00bb1\/4&#8243;][vc_single_image image=\u00bb9114&#8243; img_size=\u00bbfull\u00bb alignment=\u00bbcenter\u00bb css=\u00bb.vc_custom_1646653898847{margin-bottom: 10px !important;}\u00bb][vc_column_text align=\u00bbcenter\u00bb]\n<p style=\"text-align: center;\">Frozen\u00a0<span style=\"color: #f66201;\">4,50 \u20ac\u00a0<\/span><\/p>\n[\/vc_column_text][\/vc_column][\/vc_row][vc_row][vc_column width=\u00bb1\/4&#8243;][vc_single_image image=\u00bb9116&#8243; img_size=\u00bbfull\u00bb alignment=\u00bbcenter\u00bb css=\u00bb.vc_custom_1646653933455{margin-bottom: 10px !important;}\u00bb][vc_column_text align=\u00bbcenter\u00bb]\n<p style=\"text-align: center;\">Princesas\u00a0<span style=\"color: #f66201;\">4,50 \u20ac\u00a0<\/span><\/p>\n[\/vc_column_text][\/vc_column][vc_column width=\u00bb1\/4&#8243;][vc_single_image image=\u00bb9120&#8243; img_size=\u00bbfull\u00bb alignment=\u00bbcenter\u00bb css=\u00bb.vc_custom_1646653998207{margin-bottom: 10px !important;}\u00bb][vc_column_text align=\u00bbcenter\u00bb]\n<p style=\"text-align: center;\">Violeta\u00a0<span style=\"color: #f66201;\">4,50 \u20ac\u00a0<\/span><\/p>\n[\/vc_column_text][\/vc_column][\/vc_row][vc_row][vc_column width=\u00bb1\/4&#8243;][vc_single_image image=\u00bb9124&#8243; img_size=\u00bbfull\u00bb alignment=\u00bbcenter\u00bb css=\u00bb.vc_custom_1646654058901{margin-bottom: 10px !important;}\u00bb][vc_column_text align=\u00bbcenter\u00bb]\n<p style=\"text-align: center;\">Minnie\u00a0<span style=\"color: #f66201;\">4,50 \u20ac\u00a0<\/span><\/p>\n[\/vc_column_text][\/vc_column][vc_column width=\u00bb1\/4&#8243;][vc_single_image image=\u00bb9128&#8243; img_size=\u00bbfull\u00bb alignment=\u00bbcenter\u00bb css=\u00bb.vc_custom_1646654121397{margin-bottom: 10px !important;}\u00bb][vc_column_text align=\u00bbcenter\u00bb]\n<p style=\"text-align: center;\">Dora\u00a0<span style=\"color: #f66201;\">4,50 \u20ac\u00a0<\/span><\/p>\n[\/vc_column_text][\/vc_column][\/vc_row][vc_row][vc_column width=\u00bb1\/4&#8243;][\/vc_column][vc_column width=\u00bb1\/4&#8243;][\/vc_column][vc_column width=\u00bb1\/4&#8243;][\/vc_column][\/vc_row]\n<\/div>","protected":false},"excerpt":{"rendered":"<p>[vc_row][vc_column][vc_column_text] Pi\u00f1atas para fiestas y cumplea\u00f1os infantiles [\/vc_column_text][mk_fancy_title tag_name=\u00bbh3&#8243; size=\u00bb28&#8243; margin_bottom=\u00bb0&#8243; font_family=\u00bbnone\u00bb]En todas las fiestas no puede faltar una pi\u00f1ata llena de juguetes y de diferentes modelos para que los ni\u00f1os y ni\u00f1as tengan un peque\u00f1o recuerdo.[\/mk_fancy_title][vc_column_text]Nosotros te ofrecemos el servicio de Pi\u00f1atas para fiestas infantiles para que te despreocupes.[\/vc_column_text][vc_column_text]Puedes hacer el pedido tanto por [&hellip;]<\/p>\n","protected":false},"author":1,"featured_media":0,"parent":2456,"menu_order":0,"comment_status":"closed","ping_status":"closed","template":"","meta":{"_acf_changed":false,"footnotes":""},"class_list":["post-1962","page","type-page","status-publish","hentry"],"acf":[],"yoast_head":"<!-- This site is optimized with the Yoast SEO plugin v26.8 - https:\/\/yoast.com\/product\/yoast-seo-wordpress\/ -->\n<title>Pi\u00f1atas - Al teu aire - Fiestas de cumplea\u00f1os infantiles<\/title>\n<meta name=\"description\" content=\"Pi\u00f1atas para Fiestas Infantiles y Cumplea\u00f1os de diferentes personajes infantiles para llenar con caramelos y juguetes para divertir a los ni\u00f1os de la fiesta\" \/>\n<meta name=\"robots\" content=\"index, follow, max-snippet:-1, max-image-preview:large, max-video-preview:-1\" \/>\n<link rel=\"canonical\" href=\"https:\/\/alteuaire.es\/es\/serveis\/pinatas\/\" \/>\n<meta property=\"og:locale\" content=\"es_ES\" \/>\n<meta property=\"og:type\" content=\"article\" \/>\n<meta property=\"og:title\" content=\"Pi\u00f1atas - Al teu aire - Fiestas de cumplea\u00f1os infantiles\" \/>\n<meta property=\"og:description\" content=\"Pi\u00f1atas para Fiestas Infantiles y Cumplea\u00f1os de diferentes personajes infantiles para llenar con caramelos y juguetes para divertir a los ni\u00f1os de la fiesta\" \/>\n<meta property=\"og:url\" content=\"https:\/\/alteuaire.es\/es\/serveis\/pinatas\/\" \/>\n<meta property=\"og:site_name\" content=\"Al teu aire - Espai L\u00fadic i Privat\" \/>\n<meta property=\"article:publisher\" content=\"https:\/\/www.facebook.com\/alteuaire.franquicies\/\" \/>\n<meta property=\"article:modified_time\" content=\"2026-02-05T15:02:27+00:00\" \/>\n<meta property=\"og:image\" content=\"https:\/\/alteuaire.es\/wp-content\/uploads\/2017\/08\/alteuaire-redes-sociales.jpg\" \/>\n\t<meta property=\"og:image:width\" content=\"600\" \/>\n\t<meta property=\"og:image:height\" content=\"511\" \/>\n\t<meta property=\"og:image:type\" content=\"image\/jpeg\" \/>\n<meta name=\"twitter:card\" content=\"summary_large_image\" \/>\n<meta name=\"twitter:site\" content=\"@_alteuaire_\" \/>\n<meta name=\"twitter:label1\" content=\"Tiempo de lectura\" \/>\n\t<meta name=\"twitter:data1\" content=\"2 minutos\" \/>\n<script type=\"application\/ld+json\" class=\"yoast-schema-graph\">{\"@context\":\"https:\/\/schema.org\",\"@graph\":[{\"@type\":\"WebPage\",\"@id\":\"https:\/\/alteuaire.es\/es\/serveis\/pinatas\/\",\"url\":\"https:\/\/alteuaire.es\/es\/serveis\/pinatas\/\",\"name\":\"Pi\u00f1atas - Al teu aire - Fiestas de cumplea\u00f1os infantiles\",\"isPartOf\":{\"@id\":\"https:\/\/alteuaire.es\/es\/#website\"},\"datePublished\":\"2016-02-18T08:33:37+00:00\",\"dateModified\":\"2026-02-05T15:02:27+00:00\",\"description\":\"Pi\u00f1atas para Fiestas Infantiles y Cumplea\u00f1os de diferentes personajes infantiles para llenar con caramelos y juguetes para divertir a los ni\u00f1os de la fiesta\",\"breadcrumb\":{\"@id\":\"https:\/\/alteuaire.es\/es\/serveis\/pinatas\/#breadcrumb\"},\"inLanguage\":\"es\",\"potentialAction\":[{\"@type\":\"ReadAction\",\"target\":[\"https:\/\/alteuaire.es\/es\/serveis\/pinatas\/\"]}]},{\"@type\":\"BreadcrumbList\",\"@id\":\"https:\/\/alteuaire.es\/es\/serveis\/pinatas\/#breadcrumb\",\"itemListElement\":[{\"@type\":\"ListItem\",\"position\":1,\"name\":\"Inici\",\"item\":\"https:\/\/alteuaire.es\/es\/\"},{\"@type\":\"ListItem\",\"position\":2,\"name\":\"Servicios\",\"item\":\"https:\/\/alteuaire.es\/es\/serveis\/\"},{\"@type\":\"ListItem\",\"position\":3,\"name\":\"Pi\u00f1atas para cumplea\u00f1os y fiestas infantiles\"}]},{\"@type\":\"WebSite\",\"@id\":\"https:\/\/alteuaire.es\/es\/#website\",\"url\":\"https:\/\/alteuaire.es\/es\/\",\"name\":\"Al teu aire - Espai L\u00fadic i Privat\",\"description\":\"Alteuaire - Sales de festes privades de lloguer per aniversaris infantils y altres celebracions.\",\"publisher\":{\"@id\":\"https:\/\/alteuaire.es\/es\/#organization\"},\"potentialAction\":[{\"@type\":\"SearchAction\",\"target\":{\"@type\":\"EntryPoint\",\"urlTemplate\":\"https:\/\/alteuaire.es\/es\/?s={search_term_string}\"},\"query-input\":{\"@type\":\"PropertyValueSpecification\",\"valueRequired\":true,\"valueName\":\"search_term_string\"}}],\"inLanguage\":\"es\"},{\"@type\":\"Organization\",\"@id\":\"https:\/\/alteuaire.es\/es\/#organization\",\"name\":\"Alteuaire franquicies - Espai l\u00fadic i privat\",\"url\":\"https:\/\/alteuaire.es\/es\/\",\"logo\":{\"@type\":\"ImageObject\",\"inLanguage\":\"es\",\"@id\":\"https:\/\/alteuaire.es\/es\/#\/schema\/logo\/image\/\",\"url\":\"https:\/\/alteuaire.es\/wp-content\/uploads\/2016\/04\/alteauire.jpg\",\"contentUrl\":\"https:\/\/alteuaire.es\/wp-content\/uploads\/2016\/04\/alteauire.jpg\",\"width\":4606,\"height\":1920,\"caption\":\"Alteuaire franquicies - Espai l\u00fadic i privat\"},\"image\":{\"@id\":\"https:\/\/alteuaire.es\/es\/#\/schema\/logo\/image\/\"},\"sameAs\":[\"https:\/\/www.facebook.com\/alteuaire.franquicies\/\",\"https:\/\/x.com\/_alteuaire_\",\"https:\/\/www.instagram.com\/_alteuaire_\/\",\"https:\/\/es.pinterest.com\/alteuaire\/\"]}]}<\/script>\n<!-- \/ Yoast SEO plugin. -->","yoast_head_json":{"title":"Pi\u00f1atas - Al teu aire - Fiestas de cumplea\u00f1os infantiles","description":"Pi\u00f1atas para Fiestas Infantiles y Cumplea\u00f1os de diferentes personajes infantiles para llenar con caramelos y juguetes para divertir a los ni\u00f1os de la fiesta","robots":{"index":"index","follow":"follow","max-snippet":"max-snippet:-1","max-image-preview":"max-image-preview:large","max-video-preview":"max-video-preview:-1"},"canonical":"https:\/\/alteuaire.es\/es\/serveis\/pinatas\/","og_locale":"es_ES","og_type":"article","og_title":"Pi\u00f1atas - Al teu aire - Fiestas de cumplea\u00f1os infantiles","og_description":"Pi\u00f1atas para Fiestas Infantiles y Cumplea\u00f1os de diferentes personajes infantiles para llenar con caramelos y juguetes para divertir a los ni\u00f1os de la fiesta","og_url":"https:\/\/alteuaire.es\/es\/serveis\/pinatas\/","og_site_name":"Al teu aire - Espai L\u00fadic i Privat","article_publisher":"https:\/\/www.facebook.com\/alteuaire.franquicies\/","article_modified_time":"2026-02-05T15:02:27+00:00","og_image":[{"width":600,"height":511,"url":"https:\/\/alteuaire.es\/wp-content\/uploads\/2017\/08\/alteuaire-redes-sociales.jpg","type":"image\/jpeg"}],"twitter_card":"summary_large_image","twitter_site":"@_alteuaire_","twitter_misc":{"Tiempo de lectura":"2 minutos"},"schema":{"@context":"https:\/\/schema.org","@graph":[{"@type":"WebPage","@id":"https:\/\/alteuaire.es\/es\/serveis\/pinatas\/","url":"https:\/\/alteuaire.es\/es\/serveis\/pinatas\/","name":"Pi\u00f1atas - Al teu aire - Fiestas de cumplea\u00f1os infantiles","isPartOf":{"@id":"https:\/\/alteuaire.es\/es\/#website"},"datePublished":"2016-02-18T08:33:37+00:00","dateModified":"2026-02-05T15:02:27+00:00","description":"Pi\u00f1atas para Fiestas Infantiles y Cumplea\u00f1os de diferentes personajes infantiles para llenar con caramelos y juguetes para divertir a los ni\u00f1os de la fiesta","breadcrumb":{"@id":"https:\/\/alteuaire.es\/es\/serveis\/pinatas\/#breadcrumb"},"inLanguage":"es","potentialAction":[{"@type":"ReadAction","target":["https:\/\/alteuaire.es\/es\/serveis\/pinatas\/"]}]},{"@type":"BreadcrumbList","@id":"https:\/\/alteuaire.es\/es\/serveis\/pinatas\/#breadcrumb","itemListElement":[{"@type":"ListItem","position":1,"name":"Inici","item":"https:\/\/alteuaire.es\/es\/"},{"@type":"ListItem","position":2,"name":"Servicios","item":"https:\/\/alteuaire.es\/es\/serveis\/"},{"@type":"ListItem","position":3,"name":"Pi\u00f1atas para cumplea\u00f1os y fiestas infantiles"}]},{"@type":"WebSite","@id":"https:\/\/alteuaire.es\/es\/#website","url":"https:\/\/alteuaire.es\/es\/","name":"Al teu aire - Espai L\u00fadic i Privat","description":"Alteuaire - Sales de festes privades de lloguer per aniversaris infantils y altres celebracions.","publisher":{"@id":"https:\/\/alteuaire.es\/es\/#organization"},"potentialAction":[{"@type":"SearchAction","target":{"@type":"EntryPoint","urlTemplate":"https:\/\/alteuaire.es\/es\/?s={search_term_string}"},"query-input":{"@type":"PropertyValueSpecification","valueRequired":true,"valueName":"search_term_string"}}],"inLanguage":"es"},{"@type":"Organization","@id":"https:\/\/alteuaire.es\/es\/#organization","name":"Alteuaire franquicies - Espai l\u00fadic i privat","url":"https:\/\/alteuaire.es\/es\/","logo":{"@type":"ImageObject","inLanguage":"es","@id":"https:\/\/alteuaire.es\/es\/#\/schema\/logo\/image\/","url":"https:\/\/alteuaire.es\/wp-content\/uploads\/2016\/04\/alteauire.jpg","contentUrl":"https:\/\/alteuaire.es\/wp-content\/uploads\/2016\/04\/alteauire.jpg","width":4606,"height":1920,"caption":"Alteuaire franquicies - Espai l\u00fadic i privat"},"image":{"@id":"https:\/\/alteuaire.es\/es\/#\/schema\/logo\/image\/"},"sameAs":["https:\/\/www.facebook.com\/alteuaire.franquicies\/","https:\/\/x.com\/_alteuaire_","https:\/\/www.instagram.com\/_alteuaire_\/","https:\/\/es.pinterest.com\/alteuaire\/"]}]}},"publishpress_future_action":{"enabled":false,"date":"2026-05-06 10:40:46","action":"change-status","newStatus":"draft","terms":[],"taxonomy":"translation_priority","extraData":[]},"publishpress_future_workflow_manual_trigger":{"enabledWorkflows":[]},"_links":{"self":[{"href":"https:\/\/alteuaire.es\/es\/wp-json\/wp\/v2\/pages\/1962","targetHints":{"allow":["GET"]}}],"collection":[{"href":"https:\/\/alteuaire.es\/es\/wp-json\/wp\/v2\/pages"}],"about":[{"href":"https:\/\/alteuaire.es\/es\/wp-json\/wp\/v2\/types\/page"}],"author":[{"embeddable":true,"href":"https:\/\/alteuaire.es\/es\/wp-json\/wp\/v2\/users\/1"}],"replies":[{"embeddable":true,"href":"https:\/\/alteuaire.es\/es\/wp-json\/wp\/v2\/comments?post=1962"}],"version-history":[{"count":1,"href":"https:\/\/alteuaire.es\/es\/wp-json\/wp\/v2\/pages\/1962\/revisions"}],"predecessor-version":[{"id":12983,"href":"https:\/\/alteuaire.es\/es\/wp-json\/wp\/v2\/pages\/1962\/revisions\/12983"}],"up":[{"embeddable":true,"href":"https:\/\/alteuaire.es\/es\/wp-json\/wp\/v2\/pages\/2456"}],"wp:attachment":[{"href":"https:\/\/alteuaire.es\/es\/wp-json\/wp\/v2\/media?parent=1962"}],"curies":[{"name":"wp","href":"https:\/\/api.w.org\/{rel}","templated":true}]}}