{"id":1973,"date":"2016-02-18T08:32:49","date_gmt":"2016-02-18T08:32:49","guid":{"rendered":"https:\/\/alteuaire.es\/es\/catering\/"},"modified":"2025-12-16T16:51:29","modified_gmt":"2025-12-16T15:51:29","slug":"catering","status":"publish","type":"page","link":"https:\/\/alteuaire.es\/es\/serveis\/catering\/","title":{"rendered":"catering"},"content":{"rendered":"<div class=\"wpb-content-wrapper\">[vc_row][vc_column width=\u00bb1\/3&#8243;][vc_single_image image=\u00bb1937&#8243; img_size=\u00bblarge\u00bb style=\u00bbvc_box_circle_2&#8243;][\/vc_column][vc_column width=\u00bb2\/3&#8243;][mk_padding_divider size=\u00bb50&#8243;][vc_column_text css=\u00bb.vc_custom_1733215270297{margin-bottom: 0px !important;}\u00bb]\n<h2>Al Teu Aire Catering<\/h2>\n[\/vc_column_text][\/vc_column][vc_column][vc_column_text margin_bottom=\u00bb0&#8243; css=\u00bb.vc_custom_1765900231574{margin-bottom: 0px !important;}\u00bb]\n<p data-start=\"130\" data-end=\"340\">Te ofrecemos una amplia variedad de men\u00fas para adaptarnos a cualquier celebraci\u00f3n, gusto y presupuesto. Tanto si organizas una fiesta infantil como un encuentro de adultos, tenemos la soluci\u00f3n perfecta para ti.<\/p>\n<h3 data-start=\"342\" data-end=\"364\">MEN\u00daS PARA ADULTOS<\/h3>\n<p data-start=\"366\" data-end=\"536\">Disponemos de <strong data-start=\"380\" data-end=\"419\">7 opciones de c\u00e1tering para adultos<\/strong>, desde solo <strong data-start=\"432\" data-end=\"455\">10,50\u202f\u20ac por persona<\/strong>. Men\u00fas variados, originales y con opciones premium o con segundo plato incluido.<\/p>\n<ul data-start=\"538\" data-end=\"825\">\n<li data-start=\"538\" data-end=\"629\">\n<p data-start=\"540\" data-end=\"629\"><strong data-start=\"540\" data-end=\"557\">Men\u00fas b\u00e1sicos<\/strong>: perfectos para picar y compartir. A partir de 12 piezas por persona.<\/p>\n<\/li>\n<li data-start=\"630\" data-end=\"707\">\n<p data-start=\"632\" data-end=\"707\"><strong data-start=\"632\" data-end=\"649\">Men\u00fas premium<\/strong>: con mayor variedad, postres y opciones m\u00e1s elaboradas.<\/p>\n<\/li>\n<li data-start=\"708\" data-end=\"766\">\n<p data-start=\"710\" data-end=\"766\"><strong data-start=\"710\" data-end=\"730\">Men\u00fas combinados<\/strong>: incluyen segundo plato a elegir.<\/p>\n<\/li>\n<li data-start=\"767\" data-end=\"825\">\n<p data-start=\"769\" data-end=\"825\"><strong data-start=\"769\" data-end=\"795\">Opciones para cel\u00edacos<\/strong>: con alternativas sin gluten.<\/p>\n<\/li>\n<\/ul>\n<h3 data-start=\"827\" data-end=\"847\">MEN\u00daS INFANTILES<\/h3>\n<p data-start=\"849\" data-end=\"1089\">Para los m\u00e1s peque\u00f1os, ofrecemos <strong data-start=\"882\" data-end=\"916\">3 opciones de men\u00fas infantiles<\/strong> con una gran variedad de platos que les encantan, como croquetas, mini bocadillos, pizzas o pasta. Tambi\u00e9n puedes a\u00f1adir un segundo plato si deseas una opci\u00f3n m\u00e1s completa.<\/p>\n<ul data-start=\"1091\" data-end=\"1239\">\n<li data-start=\"1091\" data-end=\"1132\">\n<p data-start=\"1093\" data-end=\"1132\"><strong data-start=\"1093\" data-end=\"1115\">Opci\u00f3n A \u2013 Picoteo<\/strong>: desde <strong data-start=\"1123\" data-end=\"1130\">7\u202f\u20ac<\/strong><\/p>\n<\/li>\n<li data-start=\"1133\" data-end=\"1180\">\n<p data-start=\"1135\" data-end=\"1180\"><strong data-start=\"1135\" data-end=\"1158\">Opci\u00f3n B \u2013 Delicias<\/strong>: con mayor variedad<\/p>\n<\/li>\n<li data-start=\"1181\" data-end=\"1239\">\n<p data-start=\"1183\" data-end=\"1239\"><strong data-start=\"1183\" data-end=\"1209\">Opci\u00f3n C \u2013 \u00a1Madre M\u00eda!<\/strong>: con segundo plato a elegir<\/p>\n<\/li>\n<\/ul>\n<p data-start=\"1241\" data-end=\"1274\"><strong data-start=\"1241\" data-end=\"1274\">Precios desde 7\u202f\u20ac por ni\u00f1o\/a.<\/strong><\/p>\n<p data-start=\"1276\" data-end=\"1358\">Cons\u00faltanos y te asesoraremos para elegir el men\u00fa que mejor se adapte a tu fiesta.<\/p>\n[\/vc_column_text][mk_padding_divider size=\u00bb20&#8243;][mk_fancy_title tag_name=\u00bbh4&#8243; color=\u00bb#ff8d43&#8243; size=\u00bb26&#8243; line_height=\u00bb100&#8243; font_weight=\u00bbbold\u00bb letter_spacing=\u00bb0&#8243; margin_top=\u00bb0&#8243; margin_bottom=\u00bb0&#8243; font_family=\u00bbnone\u00bb]<span style=\"color: #404040;\">CONTACTAR al <a href=\"tel:937333000\">937 333 000<\/a><\/span> o al<a href=\"tel:722324776\"> 722 32 47 76.\u00a0<\/a>[\/mk_fancy_title][\/vc_column][\/vc_row][vc_row][vc_column width=\u00bb1\/3&#8243;][mk_image src=\u00bbhttps:\/\/alteuaire.es\/wp-content\/uploads\/2024\/01\/catering-alteuaire-2.jpg\u00bb image_width=\u00bb\u00bb image_height=\u00bb\u00bb][\/vc_column][vc_column width=\u00bb1\/3&#8243;][mk_image src=\u00bbhttps:\/\/alteuaire.es\/wp-content\/uploads\/2024\/01\/catering-alteuaire-3.jpg\u00bb image_width=\u00bb\u00bb image_height=\u00bb\u00bb][\/vc_column][vc_column width=\u00bb1\/3&#8243;][mk_image src=\u00bbhttps:\/\/alteuaire.es\/wp-content\/uploads\/2024\/01\/catering-alteuaire.jpg\u00bb image_width=\u00bb\u00bb image_height=\u00bb\u00bb][\/vc_column][\/vc_row][vc_row][vc_column width=\u00bb1\/3&#8243;][mk_image src=\u00bbhttps:\/\/alteuaire.es\/wp-content\/uploads\/2024\/01\/catering-alteuaire-4.jpg\u00bb image_width=\u00bb\u00bb image_height=\u00bb\u00bb][\/vc_column][vc_column width=\u00bb1\/3&#8243;][mk_image src=\u00bbhttps:\/\/alteuaire.es\/wp-content\/uploads\/2024\/01\/catering-alteuaire-6.jpg\u00bb image_width=\u00bb\u00bb image_height=\u00bb\u00bb][\/vc_column][vc_column width=\u00bb1\/3&#8243;][mk_image src=\u00bbhttps:\/\/alteuaire.es\/wp-content\/uploads\/2024\/01\/catering-alteuaire-5.jpg\u00bb image_width=\u00bb\u00bb image_height=\u00bb\u00bb][\/vc_column][\/vc_row]\n<\/div>","protected":false},"excerpt":{"rendered":"<p>[vc_row][vc_column width=\u00bb1\/3&#8243;][vc_single_image image=\u00bb1937&#8243; img_size=\u00bblarge\u00bb style=\u00bbvc_box_circle_2&#8243;][\/vc_column][vc_column width=\u00bb2\/3&#8243;][mk_padding_divider size=\u00bb50&#8243;][vc_column_text css=\u00bb.vc_custom_1733215270297{margin-bottom: 0px !important;}\u00bb] Al Teu Aire Catering [\/vc_column_text][\/vc_column][vc_column][vc_column_text margin_bottom=\u00bb0&#8243; css=\u00bb.vc_custom_1765900231574{margin-bottom: 0px !important;}\u00bb] Te ofrecemos una amplia variedad de men\u00fas para adaptarnos a cualquier celebraci\u00f3n, gusto y presupuesto. Tanto si organizas una fiesta infantil como un encuentro de adultos, tenemos la soluci\u00f3n perfecta para ti. MEN\u00daS PARA ADULTOS Disponemos [&hellip;]<\/p>\n","protected":false},"author":1,"featured_media":0,"parent":2456,"menu_order":0,"comment_status":"closed","ping_status":"closed","template":"","meta":{"_acf_changed":false,"footnotes":""},"class_list":["post-1973","page","type-page","status-publish","hentry"],"acf":[],"yoast_head":"<!-- This site is optimized with the Yoast SEO plugin v26.8 - https:\/\/yoast.com\/product\/yoast-seo-wordpress\/ -->\n<title>Catering para Fiestas y Eventos - Al Teu Aire - Espai L\u00fadic i Privat<\/title>\n<meta name=\"description\" content=\"Servicio de catering para tus fiestas. Te ofrecemos men\u00fas ajustados a tus necesidades siempre con la mejor precio y calidad. Meriendas, pica picas, comidas.\" \/>\n<meta name=\"robots\" content=\"index, follow, max-snippet:-1, max-image-preview:large, max-video-preview:-1\" \/>\n<link rel=\"canonical\" href=\"https:\/\/alteuaire.es\/es\/serveis\/catering\/\" \/>\n<meta property=\"og:locale\" content=\"es_ES\" \/>\n<meta property=\"og:type\" content=\"article\" \/>\n<meta property=\"og:title\" content=\"Catering para Fiestas y Eventos - Al Teu Aire - Espai L\u00fadic i Privat\" \/>\n<meta property=\"og:description\" content=\"Servicio de catering para tus fiestas. Te ofrecemos men\u00fas ajustados a tus necesidades siempre con la mejor precio y calidad. Meriendas, pica picas, comidas.\" \/>\n<meta property=\"og:url\" content=\"https:\/\/alteuaire.es\/es\/serveis\/catering\/\" \/>\n<meta property=\"og:site_name\" content=\"Al teu aire - Espai L\u00fadic i Privat\" \/>\n<meta property=\"article:publisher\" content=\"https:\/\/www.facebook.com\/alteuaire.franquicies\/\" \/>\n<meta property=\"article:modified_time\" content=\"2025-12-16T15:51:29+00:00\" \/>\n<meta property=\"og:image\" content=\"https:\/\/alteuaire.es\/wp-content\/uploads\/2017\/08\/alteuaire-redes-sociales.jpg\" \/>\n\t<meta property=\"og:image:width\" content=\"600\" \/>\n\t<meta property=\"og:image:height\" content=\"511\" \/>\n\t<meta property=\"og:image:type\" content=\"image\/jpeg\" \/>\n<meta name=\"twitter:card\" content=\"summary_large_image\" \/>\n<meta name=\"twitter:site\" content=\"@_alteuaire_\" \/>\n<meta name=\"twitter:label1\" content=\"Tiempo de lectura\" \/>\n\t<meta name=\"twitter:data1\" content=\"2 minutos\" \/>\n<script type=\"application\/ld+json\" class=\"yoast-schema-graph\">{\"@context\":\"https:\/\/schema.org\",\"@graph\":[{\"@type\":\"WebPage\",\"@id\":\"https:\/\/alteuaire.es\/es\/serveis\/catering\/\",\"url\":\"https:\/\/alteuaire.es\/es\/serveis\/catering\/\",\"name\":\"Catering para Fiestas y Eventos - Al Teu Aire - Espai L\u00fadic i Privat\",\"isPartOf\":{\"@id\":\"https:\/\/alteuaire.es\/es\/#website\"},\"datePublished\":\"2016-02-18T08:32:49+00:00\",\"dateModified\":\"2025-12-16T15:51:29+00:00\",\"description\":\"Servicio de catering para tus fiestas. Te ofrecemos men\u00fas ajustados a tus necesidades siempre con la mejor precio y calidad. Meriendas, pica picas, comidas.\",\"breadcrumb\":{\"@id\":\"https:\/\/alteuaire.es\/es\/serveis\/catering\/#breadcrumb\"},\"inLanguage\":\"es\",\"potentialAction\":[{\"@type\":\"ReadAction\",\"target\":[\"https:\/\/alteuaire.es\/es\/serveis\/catering\/\"]}]},{\"@type\":\"BreadcrumbList\",\"@id\":\"https:\/\/alteuaire.es\/es\/serveis\/catering\/#breadcrumb\",\"itemListElement\":[{\"@type\":\"ListItem\",\"position\":1,\"name\":\"Inici\",\"item\":\"https:\/\/alteuaire.es\/es\/\"},{\"@type\":\"ListItem\",\"position\":2,\"name\":\"Servicios\",\"item\":\"https:\/\/alteuaire.es\/es\/serveis\/\"},{\"@type\":\"ListItem\",\"position\":3,\"name\":\"catering\"}]},{\"@type\":\"WebSite\",\"@id\":\"https:\/\/alteuaire.es\/es\/#website\",\"url\":\"https:\/\/alteuaire.es\/es\/\",\"name\":\"Al teu aire - Espai L\u00fadic i Privat\",\"description\":\"Alteuaire - Sales de festes privades de lloguer per aniversaris infantils y altres celebracions.\",\"publisher\":{\"@id\":\"https:\/\/alteuaire.es\/es\/#organization\"},\"potentialAction\":[{\"@type\":\"SearchAction\",\"target\":{\"@type\":\"EntryPoint\",\"urlTemplate\":\"https:\/\/alteuaire.es\/es\/?s={search_term_string}\"},\"query-input\":{\"@type\":\"PropertyValueSpecification\",\"valueRequired\":true,\"valueName\":\"search_term_string\"}}],\"inLanguage\":\"es\"},{\"@type\":\"Organization\",\"@id\":\"https:\/\/alteuaire.es\/es\/#organization\",\"name\":\"Alteuaire franquicies - Espai l\u00fadic i privat\",\"url\":\"https:\/\/alteuaire.es\/es\/\",\"logo\":{\"@type\":\"ImageObject\",\"inLanguage\":\"es\",\"@id\":\"https:\/\/alteuaire.es\/es\/#\/schema\/logo\/image\/\",\"url\":\"https:\/\/alteuaire.es\/wp-content\/uploads\/2016\/04\/alteauire.jpg\",\"contentUrl\":\"https:\/\/alteuaire.es\/wp-content\/uploads\/2016\/04\/alteauire.jpg\",\"width\":4606,\"height\":1920,\"caption\":\"Alteuaire franquicies - Espai l\u00fadic i privat\"},\"image\":{\"@id\":\"https:\/\/alteuaire.es\/es\/#\/schema\/logo\/image\/\"},\"sameAs\":[\"https:\/\/www.facebook.com\/alteuaire.franquicies\/\",\"https:\/\/x.com\/_alteuaire_\",\"https:\/\/www.instagram.com\/_alteuaire_\/\",\"https:\/\/es.pinterest.com\/alteuaire\/\"]}]}<\/script>\n<!-- \/ Yoast SEO plugin. -->","yoast_head_json":{"title":"Catering para Fiestas y Eventos - Al Teu Aire - Espai L\u00fadic i Privat","description":"Servicio de catering para tus fiestas. Te ofrecemos men\u00fas ajustados a tus necesidades siempre con la mejor precio y calidad. Meriendas, pica picas, comidas.","robots":{"index":"index","follow":"follow","max-snippet":"max-snippet:-1","max-image-preview":"max-image-preview:large","max-video-preview":"max-video-preview:-1"},"canonical":"https:\/\/alteuaire.es\/es\/serveis\/catering\/","og_locale":"es_ES","og_type":"article","og_title":"Catering para Fiestas y Eventos - Al Teu Aire - Espai L\u00fadic i Privat","og_description":"Servicio de catering para tus fiestas. Te ofrecemos men\u00fas ajustados a tus necesidades siempre con la mejor precio y calidad. Meriendas, pica picas, comidas.","og_url":"https:\/\/alteuaire.es\/es\/serveis\/catering\/","og_site_name":"Al teu aire - Espai L\u00fadic i Privat","article_publisher":"https:\/\/www.facebook.com\/alteuaire.franquicies\/","article_modified_time":"2025-12-16T15:51:29+00:00","og_image":[{"width":600,"height":511,"url":"https:\/\/alteuaire.es\/wp-content\/uploads\/2017\/08\/alteuaire-redes-sociales.jpg","type":"image\/jpeg"}],"twitter_card":"summary_large_image","twitter_site":"@_alteuaire_","twitter_misc":{"Tiempo de lectura":"2 minutos"},"schema":{"@context":"https:\/\/schema.org","@graph":[{"@type":"WebPage","@id":"https:\/\/alteuaire.es\/es\/serveis\/catering\/","url":"https:\/\/alteuaire.es\/es\/serveis\/catering\/","name":"Catering para Fiestas y Eventos - Al Teu Aire - Espai L\u00fadic i Privat","isPartOf":{"@id":"https:\/\/alteuaire.es\/es\/#website"},"datePublished":"2016-02-18T08:32:49+00:00","dateModified":"2025-12-16T15:51:29+00:00","description":"Servicio de catering para tus fiestas. Te ofrecemos men\u00fas ajustados a tus necesidades siempre con la mejor precio y calidad. Meriendas, pica picas, comidas.","breadcrumb":{"@id":"https:\/\/alteuaire.es\/es\/serveis\/catering\/#breadcrumb"},"inLanguage":"es","potentialAction":[{"@type":"ReadAction","target":["https:\/\/alteuaire.es\/es\/serveis\/catering\/"]}]},{"@type":"BreadcrumbList","@id":"https:\/\/alteuaire.es\/es\/serveis\/catering\/#breadcrumb","itemListElement":[{"@type":"ListItem","position":1,"name":"Inici","item":"https:\/\/alteuaire.es\/es\/"},{"@type":"ListItem","position":2,"name":"Servicios","item":"https:\/\/alteuaire.es\/es\/serveis\/"},{"@type":"ListItem","position":3,"name":"catering"}]},{"@type":"WebSite","@id":"https:\/\/alteuaire.es\/es\/#website","url":"https:\/\/alteuaire.es\/es\/","name":"Al teu aire - Espai L\u00fadic i Privat","description":"Alteuaire - Sales de festes privades de lloguer per aniversaris infantils y altres celebracions.","publisher":{"@id":"https:\/\/alteuaire.es\/es\/#organization"},"potentialAction":[{"@type":"SearchAction","target":{"@type":"EntryPoint","urlTemplate":"https:\/\/alteuaire.es\/es\/?s={search_term_string}"},"query-input":{"@type":"PropertyValueSpecification","valueRequired":true,"valueName":"search_term_string"}}],"inLanguage":"es"},{"@type":"Organization","@id":"https:\/\/alteuaire.es\/es\/#organization","name":"Alteuaire franquicies - Espai l\u00fadic i privat","url":"https:\/\/alteuaire.es\/es\/","logo":{"@type":"ImageObject","inLanguage":"es","@id":"https:\/\/alteuaire.es\/es\/#\/schema\/logo\/image\/","url":"https:\/\/alteuaire.es\/wp-content\/uploads\/2016\/04\/alteauire.jpg","contentUrl":"https:\/\/alteuaire.es\/wp-content\/uploads\/2016\/04\/alteauire.jpg","width":4606,"height":1920,"caption":"Alteuaire franquicies - Espai l\u00fadic i privat"},"image":{"@id":"https:\/\/alteuaire.es\/es\/#\/schema\/logo\/image\/"},"sameAs":["https:\/\/www.facebook.com\/alteuaire.franquicies\/","https:\/\/x.com\/_alteuaire_","https:\/\/www.instagram.com\/_alteuaire_\/","https:\/\/es.pinterest.com\/alteuaire\/"]}]}},"publishpress_future_action":{"enabled":false,"date":"2026-05-13 04:49:30","action":"change-status","newStatus":"draft","terms":[],"taxonomy":"translation_priority","extraData":[]},"publishpress_future_workflow_manual_trigger":{"enabledWorkflows":[]},"_links":{"self":[{"href":"https:\/\/alteuaire.es\/es\/wp-json\/wp\/v2\/pages\/1973","targetHints":{"allow":["GET"]}}],"collection":[{"href":"https:\/\/alteuaire.es\/es\/wp-json\/wp\/v2\/pages"}],"about":[{"href":"https:\/\/alteuaire.es\/es\/wp-json\/wp\/v2\/types\/page"}],"author":[{"embeddable":true,"href":"https:\/\/alteuaire.es\/es\/wp-json\/wp\/v2\/users\/1"}],"replies":[{"embeddable":true,"href":"https:\/\/alteuaire.es\/es\/wp-json\/wp\/v2\/comments?post=1973"}],"version-history":[{"count":4,"href":"https:\/\/alteuaire.es\/es\/wp-json\/wp\/v2\/pages\/1973\/revisions"}],"predecessor-version":[{"id":12798,"href":"https:\/\/alteuaire.es\/es\/wp-json\/wp\/v2\/pages\/1973\/revisions\/12798"}],"up":[{"embeddable":true,"href":"https:\/\/alteuaire.es\/es\/wp-json\/wp\/v2\/pages\/2456"}],"wp:attachment":[{"href":"https:\/\/alteuaire.es\/es\/wp-json\/wp\/v2\/media?parent=1973"}],"curies":[{"name":"wp","href":"https:\/\/api.w.org\/{rel}","templated":true}]}}