{"id":2137,"date":"2016-03-31T11:32:11","date_gmt":"2016-03-31T10:32:11","guid":{"rendered":"https:\/\/alteuaire.es\/es\/?page_id=2137"},"modified":"2016-05-09T12:25:51","modified_gmt":"2016-05-09T11:25:51","slug":"cookies","status":"publish","type":"page","link":"https:\/\/alteuaire.es\/es\/cookies\/","title":{"rendered":"Cookies"},"content":{"rendered":"<div class=\"wpb-content-wrapper\">[vc_row][vc_column][vc_column_text]Pol\u00edtica de cookies<\/p>\n<p>De acuerdo\u00a0con la normativa vigente, Alteuaire proporciona a los usuarios informaci\u00f3n sobre las cookies que utiliza y las razones de su uso, as\u00ed como solicita su consentimiento para utilizarlas.<br \/>\nEl sitio web Alteuaire utiliza \u00abcookies\u00bb propias y de terceros para proporcionar una mejor experiencia y un mejor servicio. Sin embargo el usuario tiene la opci\u00f3n de bloquear la generaci\u00f3n de cookies y la eliminaci\u00f3n de las mismas seleccionando la opci\u00f3n correspondiente en su navegador. En el caso de bloquear el uso de cookies en su navegador, es posible que algunos servicios o funciones del sitio web no est\u00e9n disponibles.<\/p>\n<p>\u00bfQu\u00e9 es una cookie?<\/p>\n<p>Las cookies constituyen\u00a0una herramienta utilizada por los servidores web para almacenar y recuperar informaci\u00f3n relativa a dichos usuarios. Son peque\u00f1os archivos de texto que los sitios web env\u00edan a su navegador y que son almacenados en el terminal del usuario, ya sea un ordenador, un tel\u00e9fono m\u00f3vil o una tablet. Esta informaci\u00f3n le permite recuperar informaci\u00f3n como por ejemplo su nombre de usuario registrado, si est\u00e1 disponible, la conexi\u00f3n de datos a redes sociales o preferencias de navegaci\u00f3n de datos. Estos datos son almacenados para ser recordados cuando el usuario visita de nuevo la p\u00e1gina.<\/p>\n<p>\u00bfC\u00f3mo utilizar las cookies y qu\u00e9 tipo de informaci\u00f3n guardada?<\/p>\n<p>Para acceder a la p\u00e1gina web de Alteuaire, los usuarios aceptan que se puedan instalar cookies en su\u00a0terminal que permitan conocer la siguiente informaci\u00f3n:<br \/>\nInformaci\u00f3n estad\u00edstica sobre el uso de la web.<br \/>\nLa actividad que ha realizado\u00a0el usuario en la web (p\u00e1ginas vistas, b\u00fasquedas, etc.)<br \/>\nDatos de acceso a las redes sociales para los usuarios que accedan con su\u00a0usuario de Facebook o Twitter.<\/p>\n<p>En el caso de bloquear el uso de cookies en su navegador algunos de los servicios de la p\u00e1gina web ya no estar\u00e1n disponibles.[\/vc_column_text][\/vc_column][\/vc_row]\n<\/div>","protected":false},"excerpt":{"rendered":"<p>[vc_row][vc_column][vc_column_text]Pol\u00edtica de cookies De acuerdo\u00a0con la normativa vigente, Alteuaire proporciona a los usuarios informaci\u00f3n sobre las cookies que utiliza y las razones de su uso, as\u00ed como solicita su consentimiento para utilizarlas. El sitio web Alteuaire utiliza \u00abcookies\u00bb propias y de terceros para proporcionar una mejor experiencia y un mejor servicio. Sin embargo el usuario [&hellip;]<\/p>\n","protected":false},"author":1,"featured_media":0,"parent":0,"menu_order":0,"comment_status":"closed","ping_status":"closed","template":"","meta":{"_acf_changed":false,"footnotes":""},"class_list":["post-2137","page","type-page","status-publish","hentry"],"acf":[],"yoast_head":"<!-- This site is optimized with the Yoast SEO plugin v26.8 - https:\/\/yoast.com\/product\/yoast-seo-wordpress\/ -->\n<title>Cookies - Al teu aire - Espai L\u00fadic i Privat<\/title>\n<meta name=\"robots\" content=\"noindex, follow\" \/>\n<meta property=\"og:locale\" content=\"es_ES\" \/>\n<meta property=\"og:type\" content=\"article\" \/>\n<meta property=\"og:title\" content=\"Cookies - Al teu aire - Espai L\u00fadic i Privat\" \/>\n<meta property=\"og:description\" content=\"[vc_row][vc_column][vc_column_text]Pol\u00edtica de cookies De acuerdo\u00a0con la normativa vigente, Alteuaire proporciona a los usuarios informaci\u00f3n sobre las cookies que utiliza y las razones de su uso, as\u00ed como solicita su consentimiento para utilizarlas. El sitio web Alteuaire utiliza \u00abcookies\u00bb propias y de terceros para proporcionar una mejor experiencia y un mejor servicio. Sin embargo el usuario [&hellip;]\" \/>\n<meta property=\"og:url\" content=\"https:\/\/alteuaire.es\/es\/cookies\/\" \/>\n<meta property=\"og:site_name\" content=\"Al teu aire - Espai L\u00fadic i Privat\" \/>\n<meta property=\"article:publisher\" content=\"https:\/\/www.facebook.com\/alteuaire.franquicies\/\" \/>\n<meta property=\"article:modified_time\" content=\"2016-05-09T11:25:51+00:00\" \/>\n<meta property=\"og:image\" content=\"https:\/\/alteuaire.es\/wp-content\/uploads\/2017\/08\/alteuaire-redes-sociales.jpg\" \/>\n\t<meta property=\"og:image:width\" content=\"600\" \/>\n\t<meta property=\"og:image:height\" content=\"511\" \/>\n\t<meta property=\"og:image:type\" content=\"image\/jpeg\" \/>\n<meta name=\"twitter:card\" content=\"summary_large_image\" \/>\n<meta name=\"twitter:site\" content=\"@_alteuaire_\" \/>\n<meta name=\"twitter:label1\" content=\"Tiempo de lectura\" \/>\n\t<meta name=\"twitter:data1\" content=\"2 minutos\" \/>\n<script type=\"application\/ld+json\" class=\"yoast-schema-graph\">{\"@context\":\"https:\/\/schema.org\",\"@graph\":[{\"@type\":\"WebPage\",\"@id\":\"https:\/\/alteuaire.es\/es\/cookies\/\",\"url\":\"https:\/\/alteuaire.es\/es\/cookies\/\",\"name\":\"Cookies - Al teu aire - Espai L\u00fadic i Privat\",\"isPartOf\":{\"@id\":\"https:\/\/alteuaire.es\/es\/#website\"},\"datePublished\":\"2016-03-31T10:32:11+00:00\",\"dateModified\":\"2016-05-09T11:25:51+00:00\",\"breadcrumb\":{\"@id\":\"https:\/\/alteuaire.es\/es\/cookies\/#breadcrumb\"},\"inLanguage\":\"es\",\"potentialAction\":[{\"@type\":\"ReadAction\",\"target\":[\"https:\/\/alteuaire.es\/es\/cookies\/\"]}]},{\"@type\":\"BreadcrumbList\",\"@id\":\"https:\/\/alteuaire.es\/es\/cookies\/#breadcrumb\",\"itemListElement\":[{\"@type\":\"ListItem\",\"position\":1,\"name\":\"Inici\",\"item\":\"https:\/\/alteuaire.es\/es\/\"},{\"@type\":\"ListItem\",\"position\":2,\"name\":\"Cookies\"}]},{\"@type\":\"WebSite\",\"@id\":\"https:\/\/alteuaire.es\/es\/#website\",\"url\":\"https:\/\/alteuaire.es\/es\/\",\"name\":\"Al teu aire - Espai L\u00fadic i Privat\",\"description\":\"Alteuaire - Sales de festes privades de lloguer per aniversaris infantils y altres celebracions.\",\"publisher\":{\"@id\":\"https:\/\/alteuaire.es\/es\/#organization\"},\"potentialAction\":[{\"@type\":\"SearchAction\",\"target\":{\"@type\":\"EntryPoint\",\"urlTemplate\":\"https:\/\/alteuaire.es\/es\/?s={search_term_string}\"},\"query-input\":{\"@type\":\"PropertyValueSpecification\",\"valueRequired\":true,\"valueName\":\"search_term_string\"}}],\"inLanguage\":\"es\"},{\"@type\":\"Organization\",\"@id\":\"https:\/\/alteuaire.es\/es\/#organization\",\"name\":\"Alteuaire franquicies - Espai l\u00fadic i privat\",\"url\":\"https:\/\/alteuaire.es\/es\/\",\"logo\":{\"@type\":\"ImageObject\",\"inLanguage\":\"es\",\"@id\":\"https:\/\/alteuaire.es\/es\/#\/schema\/logo\/image\/\",\"url\":\"https:\/\/alteuaire.es\/wp-content\/uploads\/2016\/04\/alteauire.jpg\",\"contentUrl\":\"https:\/\/alteuaire.es\/wp-content\/uploads\/2016\/04\/alteauire.jpg\",\"width\":4606,\"height\":1920,\"caption\":\"Alteuaire franquicies - Espai l\u00fadic i privat\"},\"image\":{\"@id\":\"https:\/\/alteuaire.es\/es\/#\/schema\/logo\/image\/\"},\"sameAs\":[\"https:\/\/www.facebook.com\/alteuaire.franquicies\/\",\"https:\/\/x.com\/_alteuaire_\",\"https:\/\/www.instagram.com\/_alteuaire_\/\",\"https:\/\/es.pinterest.com\/alteuaire\/\"]}]}<\/script>\n<!-- \/ Yoast SEO plugin. -->","yoast_head_json":{"title":"Cookies - Al teu aire - Espai L\u00fadic i Privat","robots":{"index":"noindex","follow":"follow"},"og_locale":"es_ES","og_type":"article","og_title":"Cookies - Al teu aire - Espai L\u00fadic i Privat","og_description":"[vc_row][vc_column][vc_column_text]Pol\u00edtica de cookies De acuerdo\u00a0con la normativa vigente, Alteuaire proporciona a los usuarios informaci\u00f3n sobre las cookies que utiliza y las razones de su uso, as\u00ed como solicita su consentimiento para utilizarlas. El sitio web Alteuaire utiliza \u00abcookies\u00bb propias y de terceros para proporcionar una mejor experiencia y un mejor servicio. Sin embargo el usuario [&hellip;]","og_url":"https:\/\/alteuaire.es\/es\/cookies\/","og_site_name":"Al teu aire - Espai L\u00fadic i Privat","article_publisher":"https:\/\/www.facebook.com\/alteuaire.franquicies\/","article_modified_time":"2016-05-09T11:25:51+00:00","og_image":[{"width":600,"height":511,"url":"https:\/\/alteuaire.es\/wp-content\/uploads\/2017\/08\/alteuaire-redes-sociales.jpg","type":"image\/jpeg"}],"twitter_card":"summary_large_image","twitter_site":"@_alteuaire_","twitter_misc":{"Tiempo de lectura":"2 minutos"},"schema":{"@context":"https:\/\/schema.org","@graph":[{"@type":"WebPage","@id":"https:\/\/alteuaire.es\/es\/cookies\/","url":"https:\/\/alteuaire.es\/es\/cookies\/","name":"Cookies - Al teu aire - Espai L\u00fadic i Privat","isPartOf":{"@id":"https:\/\/alteuaire.es\/es\/#website"},"datePublished":"2016-03-31T10:32:11+00:00","dateModified":"2016-05-09T11:25:51+00:00","breadcrumb":{"@id":"https:\/\/alteuaire.es\/es\/cookies\/#breadcrumb"},"inLanguage":"es","potentialAction":[{"@type":"ReadAction","target":["https:\/\/alteuaire.es\/es\/cookies\/"]}]},{"@type":"BreadcrumbList","@id":"https:\/\/alteuaire.es\/es\/cookies\/#breadcrumb","itemListElement":[{"@type":"ListItem","position":1,"name":"Inici","item":"https:\/\/alteuaire.es\/es\/"},{"@type":"ListItem","position":2,"name":"Cookies"}]},{"@type":"WebSite","@id":"https:\/\/alteuaire.es\/es\/#website","url":"https:\/\/alteuaire.es\/es\/","name":"Al teu aire - Espai L\u00fadic i Privat","description":"Alteuaire - Sales de festes privades de lloguer per aniversaris infantils y altres celebracions.","publisher":{"@id":"https:\/\/alteuaire.es\/es\/#organization"},"potentialAction":[{"@type":"SearchAction","target":{"@type":"EntryPoint","urlTemplate":"https:\/\/alteuaire.es\/es\/?s={search_term_string}"},"query-input":{"@type":"PropertyValueSpecification","valueRequired":true,"valueName":"search_term_string"}}],"inLanguage":"es"},{"@type":"Organization","@id":"https:\/\/alteuaire.es\/es\/#organization","name":"Alteuaire franquicies - Espai l\u00fadic i privat","url":"https:\/\/alteuaire.es\/es\/","logo":{"@type":"ImageObject","inLanguage":"es","@id":"https:\/\/alteuaire.es\/es\/#\/schema\/logo\/image\/","url":"https:\/\/alteuaire.es\/wp-content\/uploads\/2016\/04\/alteauire.jpg","contentUrl":"https:\/\/alteuaire.es\/wp-content\/uploads\/2016\/04\/alteauire.jpg","width":4606,"height":1920,"caption":"Alteuaire franquicies - Espai l\u00fadic i privat"},"image":{"@id":"https:\/\/alteuaire.es\/es\/#\/schema\/logo\/image\/"},"sameAs":["https:\/\/www.facebook.com\/alteuaire.franquicies\/","https:\/\/x.com\/_alteuaire_","https:\/\/www.instagram.com\/_alteuaire_\/","https:\/\/es.pinterest.com\/alteuaire\/"]}]}},"publishpress_future_action":{"enabled":false,"date":"2026-04-30 17:12:39","action":"change-status","newStatus":"draft","terms":[],"taxonomy":"translation_priority","extraData":[]},"publishpress_future_workflow_manual_trigger":{"enabledWorkflows":[]},"_links":{"self":[{"href":"https:\/\/alteuaire.es\/es\/wp-json\/wp\/v2\/pages\/2137","targetHints":{"allow":["GET"]}}],"collection":[{"href":"https:\/\/alteuaire.es\/es\/wp-json\/wp\/v2\/pages"}],"about":[{"href":"https:\/\/alteuaire.es\/es\/wp-json\/wp\/v2\/types\/page"}],"author":[{"embeddable":true,"href":"https:\/\/alteuaire.es\/es\/wp-json\/wp\/v2\/users\/1"}],"replies":[{"embeddable":true,"href":"https:\/\/alteuaire.es\/es\/wp-json\/wp\/v2\/comments?post=2137"}],"version-history":[{"count":0,"href":"https:\/\/alteuaire.es\/es\/wp-json\/wp\/v2\/pages\/2137\/revisions"}],"wp:attachment":[{"href":"https:\/\/alteuaire.es\/es\/wp-json\/wp\/v2\/media?parent=2137"}],"curies":[{"name":"wp","href":"https:\/\/api.w.org\/{rel}","templated":true}]}}