{"id":2219,"date":"2016-04-05T12:16:56","date_gmt":"2016-04-05T11:16:56","guid":{"rendered":"https:\/\/alteuaire.es\/es\/?page_id=2219"},"modified":"2024-09-23T09:31:28","modified_gmt":"2024-09-23T08:31:28","slug":"condiciones-legales","status":"publish","type":"page","link":"https:\/\/alteuaire.es\/es\/condiciones-legales\/","title":{"rendered":"Pol\u00edtica de Privacidad"},"content":{"rendered":"<div class=\"wpb-content-wrapper\">[vc_row][vc_column][vc_column_text css=\u00bb.vc_custom_1727080281422{margin-bottom: 0px !important;}\u00bb]De acuerdo con lo establecido en la normativa vigente en protecci\u00f3n de datos, Gestion Franquiciados Alteuaire SL le informa que los datos personales que se recogen a trav\u00e9s de los formularios de contacto son objeto de tratamiento y se incorporan a los ficheros correspondientes propiedad de Gestion Franquiciados Alteuaire SL , y se utilizar\u00e1n exclusivamente para mantener al usuario informado de nuestros servicios contratados, o proporcionar informaci\u00f3n que nos hayan solicitado. Los datos son tratados cumpliendo estrictamente con las normas vigentes en materia de protecci\u00f3n de datos.<\/p>\n<p>El hecho de proporcionar datos a trav\u00e9s de este sitio web o por correo electr\u00f3nico, implica que el usuario reconoce que la informaci\u00f3n y los datos personales que proporciona son suyos, actuales, exactos y ciertos.<\/p>\n<p>Asimismo, ponemos a su disposici\u00f3n la informaci\u00f3n en materia de protecci\u00f3n de datos seg\u00fan el tipo de relaci\u00f3n que pueda mantener con nosotros, informando a nuestros usuarios de nuestra pol\u00edtica de protecci\u00f3n de datos:<\/p>\n<p><strong>Identidad del Responsable del Tratamiento:<\/strong><\/p>\n<p>Gestion Franquiciados Alteuaire SL.<\/p>\n<p>C.I.F.: B5639226<\/p>\n<p>Domicilio social: C\/Blas Fern\u00e1ndez de Lirola, 90, 08902 \u00a0Hospitalet de llobregat (Barcelona).<\/p>\n<p>E-mail: <a href=\"mailto:web@alteuaire.es\">web@alteuaire.es<\/a><\/p>\n<p><strong>Finalidad y tiempo de conservaci\u00f3n de los datos<\/strong><\/p>\n<p>Tratamos la informaci\u00f3n que nos facilitan los interesados \u200b\u200bcon el fin de poder prestar y ofrecer nuestros servicios.<\/p>\n<p>Los datos personales proporcionados se conservar\u00e1n por esta entidad durante plazo legal que sea exigible, y en su defecto, durante el tiempo que prevea en cada momento la normativa en vigor para exigir cualquier tipo de responsabilidad.<\/p>\n<p><strong>Legitimaci\u00f3n para el tratamiento de los datos<\/strong><\/p>\n<p>La base legal para el tratamiento de sus datos es su consentimiento.<\/p>\n<p>Es necesario que nos proporcione todos los datos que le pedimos, y cualquier dato que no nos d\u00e9, podr\u00e1 tener como consecuencia que no podremos llevar a cabo las obligaciones que correspondan en desarrollo de la base jur\u00eddica que legitima el tratamiento.<\/p>\n<p><strong>Derechos de los usuarios en protecci\u00f3n de datos<\/strong><\/p>\n<p>Toda persona tiene derecho a obtener confirmaci\u00f3n sobre si a Gestion Franquiciados Alteuaire SL estamos tratando datos personales que les conciernan o no. Asimismo, tendr\u00e1n derecho a solicitar el acceso a los datos personales relativos al interesado, su rectificaci\u00f3n, cancelaci\u00f3n o supresi\u00f3n, la limitaci\u00f3n de su tratamiento y a oponerse al tratamiento.<\/p>\n<p>Para ejercer cualquiera de estos derechos, el interesado puede dirigirse a <a href=\"mailto:web@alteuaire.es\">web@alteuaire.es<\/a> o bien mediante correo ordinario a: C\/Blas Fern\u00e1ndez de Lirola, 90, 08902 \u00a0Hospitalet de llobregat (Barcelona).[\/vc_column_text][\/vc_column][\/vc_row]\n<\/div>","protected":false},"excerpt":{"rendered":"<p>[vc_row][vc_column][vc_column_text css=\u00bb.vc_custom_1727080281422{margin-bottom: 0px !important;}\u00bb]De acuerdo con lo establecido en la normativa vigente en protecci\u00f3n de datos, Gestion Franquiciados Alteuaire SL le informa que los datos personales que se recogen a trav\u00e9s de los formularios de contacto son objeto de tratamiento y se incorporan a los ficheros correspondientes propiedad de Gestion Franquiciados Alteuaire SL , y [&hellip;]<\/p>\n","protected":false},"author":1,"featured_media":0,"parent":0,"menu_order":0,"comment_status":"closed","ping_status":"closed","template":"","meta":{"_acf_changed":false,"footnotes":""},"class_list":["post-2219","page","type-page","status-publish","hentry"],"acf":[],"yoast_head":"<!-- This site is optimized with the Yoast SEO plugin v26.8 - https:\/\/yoast.com\/product\/yoast-seo-wordpress\/ -->\n<title>Pol\u00edtica de Privacidad - Al teu aire - Espai L\u00fadic i Privat<\/title>\n<meta name=\"robots\" content=\"noindex, follow\" \/>\n<meta property=\"og:locale\" content=\"es_ES\" \/>\n<meta property=\"og:type\" content=\"article\" \/>\n<meta property=\"og:title\" content=\"Pol\u00edtica de Privacidad - Al teu aire - Espai L\u00fadic i Privat\" \/>\n<meta property=\"og:description\" content=\"[vc_row][vc_column][vc_column_text css=\u00bb.vc_custom_1727080281422{margin-bottom: 0px !important;}\u00bb]De acuerdo con lo establecido en la normativa vigente en protecci\u00f3n de datos, Gestion Franquiciados Alteuaire SL le informa que los datos personales que se recogen a trav\u00e9s de los formularios de contacto son objeto de tratamiento y se incorporan a los ficheros correspondientes propiedad de Gestion Franquiciados Alteuaire SL , y [&hellip;]\" \/>\n<meta property=\"og:url\" content=\"https:\/\/alteuaire.es\/es\/condiciones-legales\/\" \/>\n<meta property=\"og:site_name\" content=\"Al teu aire - Espai L\u00fadic i Privat\" \/>\n<meta property=\"article:publisher\" content=\"https:\/\/www.facebook.com\/alteuaire.franquicies\/\" \/>\n<meta property=\"article:modified_time\" content=\"2024-09-23T08:31:28+00:00\" \/>\n<meta property=\"og:image\" content=\"https:\/\/alteuaire.es\/wp-content\/uploads\/2017\/08\/alteuaire-redes-sociales.jpg\" \/>\n\t<meta property=\"og:image:width\" content=\"600\" \/>\n\t<meta property=\"og:image:height\" content=\"511\" \/>\n\t<meta property=\"og:image:type\" content=\"image\/jpeg\" \/>\n<meta name=\"twitter:card\" content=\"summary_large_image\" \/>\n<meta name=\"twitter:site\" content=\"@_alteuaire_\" \/>\n<meta name=\"twitter:label1\" content=\"Tiempo de lectura\" \/>\n\t<meta name=\"twitter:data1\" content=\"2 minutos\" \/>\n<script type=\"application\/ld+json\" class=\"yoast-schema-graph\">{\"@context\":\"https:\/\/schema.org\",\"@graph\":[{\"@type\":\"WebPage\",\"@id\":\"https:\/\/alteuaire.es\/es\/condiciones-legales\/\",\"url\":\"https:\/\/alteuaire.es\/es\/condiciones-legales\/\",\"name\":\"Pol\u00edtica de Privacidad - Al teu aire - Espai L\u00fadic i Privat\",\"isPartOf\":{\"@id\":\"https:\/\/alteuaire.es\/es\/#website\"},\"datePublished\":\"2016-04-05T11:16:56+00:00\",\"dateModified\":\"2024-09-23T08:31:28+00:00\",\"breadcrumb\":{\"@id\":\"https:\/\/alteuaire.es\/es\/condiciones-legales\/#breadcrumb\"},\"inLanguage\":\"es\",\"potentialAction\":[{\"@type\":\"ReadAction\",\"target\":[\"https:\/\/alteuaire.es\/es\/condiciones-legales\/\"]}]},{\"@type\":\"BreadcrumbList\",\"@id\":\"https:\/\/alteuaire.es\/es\/condiciones-legales\/#breadcrumb\",\"itemListElement\":[{\"@type\":\"ListItem\",\"position\":1,\"name\":\"Inici\",\"item\":\"https:\/\/alteuaire.es\/es\/\"},{\"@type\":\"ListItem\",\"position\":2,\"name\":\"Pol\u00edtica de Privacidad\"}]},{\"@type\":\"WebSite\",\"@id\":\"https:\/\/alteuaire.es\/es\/#website\",\"url\":\"https:\/\/alteuaire.es\/es\/\",\"name\":\"Al teu aire - Espai L\u00fadic i Privat\",\"description\":\"Alteuaire - Sales de festes privades de lloguer per aniversaris infantils y altres celebracions.\",\"publisher\":{\"@id\":\"https:\/\/alteuaire.es\/es\/#organization\"},\"potentialAction\":[{\"@type\":\"SearchAction\",\"target\":{\"@type\":\"EntryPoint\",\"urlTemplate\":\"https:\/\/alteuaire.es\/es\/?s={search_term_string}\"},\"query-input\":{\"@type\":\"PropertyValueSpecification\",\"valueRequired\":true,\"valueName\":\"search_term_string\"}}],\"inLanguage\":\"es\"},{\"@type\":\"Organization\",\"@id\":\"https:\/\/alteuaire.es\/es\/#organization\",\"name\":\"Alteuaire franquicies - Espai l\u00fadic i privat\",\"url\":\"https:\/\/alteuaire.es\/es\/\",\"logo\":{\"@type\":\"ImageObject\",\"inLanguage\":\"es\",\"@id\":\"https:\/\/alteuaire.es\/es\/#\/schema\/logo\/image\/\",\"url\":\"https:\/\/alteuaire.es\/wp-content\/uploads\/2016\/04\/alteauire.jpg\",\"contentUrl\":\"https:\/\/alteuaire.es\/wp-content\/uploads\/2016\/04\/alteauire.jpg\",\"width\":4606,\"height\":1920,\"caption\":\"Alteuaire franquicies - Espai l\u00fadic i privat\"},\"image\":{\"@id\":\"https:\/\/alteuaire.es\/es\/#\/schema\/logo\/image\/\"},\"sameAs\":[\"https:\/\/www.facebook.com\/alteuaire.franquicies\/\",\"https:\/\/x.com\/_alteuaire_\",\"https:\/\/www.instagram.com\/_alteuaire_\/\",\"https:\/\/es.pinterest.com\/alteuaire\/\"]}]}<\/script>\n<!-- \/ Yoast SEO plugin. -->","yoast_head_json":{"title":"Pol\u00edtica de Privacidad - Al teu aire - Espai L\u00fadic i Privat","robots":{"index":"noindex","follow":"follow"},"og_locale":"es_ES","og_type":"article","og_title":"Pol\u00edtica de Privacidad - Al teu aire - Espai L\u00fadic i Privat","og_description":"[vc_row][vc_column][vc_column_text css=\u00bb.vc_custom_1727080281422{margin-bottom: 0px !important;}\u00bb]De acuerdo con lo establecido en la normativa vigente en protecci\u00f3n de datos, Gestion Franquiciados Alteuaire SL le informa que los datos personales que se recogen a trav\u00e9s de los formularios de contacto son objeto de tratamiento y se incorporan a los ficheros correspondientes propiedad de Gestion Franquiciados Alteuaire SL , y [&hellip;]","og_url":"https:\/\/alteuaire.es\/es\/condiciones-legales\/","og_site_name":"Al teu aire - Espai L\u00fadic i Privat","article_publisher":"https:\/\/www.facebook.com\/alteuaire.franquicies\/","article_modified_time":"2024-09-23T08:31:28+00:00","og_image":[{"width":600,"height":511,"url":"https:\/\/alteuaire.es\/wp-content\/uploads\/2017\/08\/alteuaire-redes-sociales.jpg","type":"image\/jpeg"}],"twitter_card":"summary_large_image","twitter_site":"@_alteuaire_","twitter_misc":{"Tiempo de lectura":"2 minutos"},"schema":{"@context":"https:\/\/schema.org","@graph":[{"@type":"WebPage","@id":"https:\/\/alteuaire.es\/es\/condiciones-legales\/","url":"https:\/\/alteuaire.es\/es\/condiciones-legales\/","name":"Pol\u00edtica de Privacidad - Al teu aire - Espai L\u00fadic i Privat","isPartOf":{"@id":"https:\/\/alteuaire.es\/es\/#website"},"datePublished":"2016-04-05T11:16:56+00:00","dateModified":"2024-09-23T08:31:28+00:00","breadcrumb":{"@id":"https:\/\/alteuaire.es\/es\/condiciones-legales\/#breadcrumb"},"inLanguage":"es","potentialAction":[{"@type":"ReadAction","target":["https:\/\/alteuaire.es\/es\/condiciones-legales\/"]}]},{"@type":"BreadcrumbList","@id":"https:\/\/alteuaire.es\/es\/condiciones-legales\/#breadcrumb","itemListElement":[{"@type":"ListItem","position":1,"name":"Inici","item":"https:\/\/alteuaire.es\/es\/"},{"@type":"ListItem","position":2,"name":"Pol\u00edtica de Privacidad"}]},{"@type":"WebSite","@id":"https:\/\/alteuaire.es\/es\/#website","url":"https:\/\/alteuaire.es\/es\/","name":"Al teu aire - Espai L\u00fadic i Privat","description":"Alteuaire - Sales de festes privades de lloguer per aniversaris infantils y altres celebracions.","publisher":{"@id":"https:\/\/alteuaire.es\/es\/#organization"},"potentialAction":[{"@type":"SearchAction","target":{"@type":"EntryPoint","urlTemplate":"https:\/\/alteuaire.es\/es\/?s={search_term_string}"},"query-input":{"@type":"PropertyValueSpecification","valueRequired":true,"valueName":"search_term_string"}}],"inLanguage":"es"},{"@type":"Organization","@id":"https:\/\/alteuaire.es\/es\/#organization","name":"Alteuaire franquicies - Espai l\u00fadic i privat","url":"https:\/\/alteuaire.es\/es\/","logo":{"@type":"ImageObject","inLanguage":"es","@id":"https:\/\/alteuaire.es\/es\/#\/schema\/logo\/image\/","url":"https:\/\/alteuaire.es\/wp-content\/uploads\/2016\/04\/alteauire.jpg","contentUrl":"https:\/\/alteuaire.es\/wp-content\/uploads\/2016\/04\/alteauire.jpg","width":4606,"height":1920,"caption":"Alteuaire franquicies - Espai l\u00fadic i privat"},"image":{"@id":"https:\/\/alteuaire.es\/es\/#\/schema\/logo\/image\/"},"sameAs":["https:\/\/www.facebook.com\/alteuaire.franquicies\/","https:\/\/x.com\/_alteuaire_","https:\/\/www.instagram.com\/_alteuaire_\/","https:\/\/es.pinterest.com\/alteuaire\/"]}]}},"publishpress_future_action":{"enabled":false,"date":"2026-04-30 17:17:41","action":"change-status","newStatus":"draft","terms":[],"taxonomy":"translation_priority","extraData":[]},"publishpress_future_workflow_manual_trigger":{"enabledWorkflows":[]},"_links":{"self":[{"href":"https:\/\/alteuaire.es\/es\/wp-json\/wp\/v2\/pages\/2219","targetHints":{"allow":["GET"]}}],"collection":[{"href":"https:\/\/alteuaire.es\/es\/wp-json\/wp\/v2\/pages"}],"about":[{"href":"https:\/\/alteuaire.es\/es\/wp-json\/wp\/v2\/types\/page"}],"author":[{"embeddable":true,"href":"https:\/\/alteuaire.es\/es\/wp-json\/wp\/v2\/users\/1"}],"replies":[{"embeddable":true,"href":"https:\/\/alteuaire.es\/es\/wp-json\/wp\/v2\/comments?post=2219"}],"version-history":[{"count":0,"href":"https:\/\/alteuaire.es\/es\/wp-json\/wp\/v2\/pages\/2219\/revisions"}],"wp:attachment":[{"href":"https:\/\/alteuaire.es\/es\/wp-json\/wp\/v2\/media?parent=2219"}],"curies":[{"name":"wp","href":"https:\/\/api.w.org\/{rel}","templated":true}]}}