{"id":2315,"date":"2016-02-18T08:31:39","date_gmt":"2016-02-18T08:31:39","guid":{"rendered":"https:\/\/alteuaire.es\/es\/inici\/"},"modified":"2024-03-19T08:20:41","modified_gmt":"2024-03-19T07:20:41","slug":"inicio","status":"publish","type":"page","link":"https:\/\/alteuaire.es\/es\/","title":{"rendered":"Inicio"},"content":{"rendered":"<div class=\"wpb-content-wrapper\">[vc_row][vc_column][mk_revslider id=\u00bbslider-1&#8243;][mk_padding_divider][vc_row_inner][vc_column_inner width=\u00bb1\/4&#8243;][\/vc_column_inner][vc_column_inner width=\u00bb1\/4&#8243;][mk_button dimension=\u00bbflat\u00bb corner_style=\u00bbrounded\u00bb size=\u00bblarge\u00bb url=\u00bbhttps:\/\/alteuaire.es\/es\/sales\/\u00bb align=\u00bbcenter\u00bb fullwidth=\u00bbtrue\u00bb margin_bottom=\u00bb10&#8243; margin_right=\u00bb10&#8243; btn_hover_bg=\u00bb#e0e0e0&#8243; btn_hover_txt_color=\u00bb#404040&#8243;]Nuestras Salas[\/mk_button][\/vc_column_inner][vc_column_inner width=\u00bb1\/4&#8243;][mk_button dimension=\u00bbflat\u00bb corner_style=\u00bbrounded\u00bb size=\u00bblarge\u00bb url=\u00bbhttps:\/\/alteuaire.es\/es\/disponibilidad\/\u00bb align=\u00bbcenter\u00bb fullwidth=\u00bbtrue\u00bb margin_bottom=\u00bb10&#8243; margin_right=\u00bb10&#8243; btn_hover_bg=\u00bb#e0e0e0&#8243; btn_hover_txt_color=\u00bb#404040&#8243;]Disponibilidad[\/mk_button][\/vc_column_inner][vc_column_inner width=\u00bb1\/4&#8243;][\/vc_column_inner][\/vc_row_inner][\/vc_column][vc_column][mk_padding_divider][vc_row_inner][vc_column_inner width=\u00bb1\/4&#8243;][vc_single_image image=\u00bb3606&#8243; img_size=\u00bbfull\u00bb alignment=\u00bbcenter\u00bb][mk_fancy_title strip_tags=\u00bbtrue\u00bb tag_name=\u00bbh1&#8243; size=\u00bb23&#8243; font_family=\u00bbRoboto+Condensed\u00bb font_type=\u00bbgoogle\u00bb align=\u00bbcenter\u00bb]Fiestas infantiles[\/mk_fancy_title][vc_column_text]\n<p style=\"text-align: center;\">\u00a0\u00a1Las fiestas Infantiles m\u00e1s divertidas! Animaci\u00f3n Infantil, pi\u00f1atas, globos&#8230;<\/p>\n[\/vc_column_text][\/vc_column_inner][vc_column_inner width=\u00bb1\/4&#8243;][vc_single_image image=\u00bb3608&#8243; img_size=\u00bbfull\u00bb alignment=\u00bbcenter\u00bb][mk_fancy_title strip_tags=\u00bbtrue\u00bb size=\u00bb23&#8243; font_family=\u00bbnone\u00bb align=\u00bbcenter\u00bb]Celebraciones[\/mk_fancy_title][vc_column_text]\n<p style=\"text-align: center;\">Todo tipo de celebraciones:<br \/>\nBautizos, Bodas, Reuniones familiares\u2026<\/p>\n[\/vc_column_text][\/vc_column_inner][vc_column_inner width=\u00bb1\/4&#8243;][vc_single_image image=\u00bb9088&#8243; img_size=\u00bbfull\u00bb alignment=\u00bbcenter\u00bb][mk_fancy_title strip_tags=\u00bbtrue\u00bb size=\u00bb23&#8243; font_family=\u00bbnone\u00bb align=\u00bbcenter\u00bb]Fiestas de Cumplea\u00f1os[\/mk_fancy_title][vc_column_text]\n<p style=\"text-align: center;\">El espacio ideal para celebrar vuestra fiesta de cumplea\u00f1os con amigos y familiares\u2026<\/p>\n[\/vc_column_text][\/vc_column_inner][vc_column_inner width=\u00bb1\/4&#8243;][vc_single_image image=\u00bb3610&#8243; img_size=\u00bbfull\u00bb alignment=\u00bbcenter\u00bb][mk_fancy_title strip_tags=\u00bbtrue\u00bb size=\u00bb23&#8243; font_family=\u00bbnone\u00bb align=\u00bbcenter\u00bb]Eventos[\/mk_fancy_title][vc_column_text]\n<p style=\"text-align: center;\">Un espacio para todo tipo de eventos: Clases de baile,<br \/>\ncursos, presentaciones\u2026<\/p>\n[\/vc_column_text][\/vc_column_inner][\/vc_row_inner][mk_padding_divider size=\u00bb30&#8243;][\/vc_column][\/vc_row][mk_page_section bg_image=\u00bbhttps:\/\/alteuaire.es\/wp-content\/uploads\/2023\/10\/locales-para-fiestas-infantiles-alteuaire.jpg\u00bb blend_mode=\u00bblighten\u00bb bg_position=\u00bbcenter center\u00bb bg_repeat=\u00bbno-repeat\u00bb bg_stretch=\u00bbtrue\u00bb enable_3d=\u00bbtrue\u00bb speed_factor=\u00bb0.2&#8243; min_height=\u00bb500&#8243; top_shape_style=\u00bbjagged-top\u00bb top_shape_color=\u00bb#ffffff\u00bb bottom_shape_style=\u00bbjagged-bottom\u00bb bottom_shape_color=\u00bb#ffffff\u00bb visibility=\u00bbhidden-sm\u00bb sidebar=\u00bbsidebar-1&#8243;][vc_column][\/vc_column][\/mk_page_section][mk_page_section attachment=\u00bbfixed\u00bb bg_position=\u00bbcenter center\u00bb bg_repeat=\u00bbno-repeat\u00bb bg_stretch=\u00bbtrue\u00bb enable_3d=\u00bbtrue\u00bb speed_factor=\u00bb0.2&#8243; top_shape_style=\u00bbjagged-top\u00bb top_shape_color=\u00bb#ffffff\u00bb bottom_shape_style=\u00bbjagged-bottom\u00bb bottom_shape_color=\u00bb#ffffff\u00bb sidebar=\u00bbsidebar-1&#8243;][vc_column][mk_padding_divider size=\u00bb80&#8243; visibility=\u00bbhidden-sm\u00bb][mk_fancy_title strip_tags=\u00bbtrue\u00bb tag_name=\u00bbh3&#8243; size=\u00bb44&#8243; force_font_size=\u00bbtrue\u00bb line_height=\u00bb108&#8243; font_family=\u00bbnone\u00bb align=\u00bbcenter\u00bb]Alquila tu sala y haz tu fiesta privada Al teu aire[\/mk_fancy_title][mk_padding_divider][\/vc_column][\/mk_page_section][vc_row][vc_column width=\u00bb1\/2&#8243;][vc_single_image image=\u00bb3679&#8243; img_size=\u00bb500&#215;500&#8243; style=\u00bbvc_box_circle_2&#8243; css_animation=\u00bbnone\u00bb][\/vc_column][vc_column width=\u00bb1\/2&#8243;][mk_padding_divider][vc_column_text disable_pattern=\u00bbfalse\u00bb css=\u00bb.vc_custom_1581590925560{margin-bottom: 0px !important;}\u00bb]En nuestras salas y locales para fiestas ofrecemos la posibilidad de que puedas hacer tu fiesta infantil o fiesta de cumplea\u00f1os en un entorno c\u00f3modo y agradable, donde podr\u00e1s disfrutar del equipamiento que te ofrecemos de forma privada, es decir, s\u00f3lo estar\u00e1s t\u00fa y tus invitados.[\/vc_column_text][vc_column_text]Te damos la posibilidad de que puedas llevarte la comida y la bebida, o bien que nos dejes la preparaci\u00f3n de tu fiesta a nosotros.<br \/>\nTenemos un abanico de servicios ajustados a tus necesidades para tus fiestas infantiles i celebraciones:[\/vc_column_text][mk_padding_divider size=\u00bb20&#8243;][vc_row_inner][vc_column_inner][mk_custom_list el_class=\u00bbdoscolumnas\u00bb]\n<ul>\n<li>Payasos<\/li>\n<li>Magia<\/li>\n<li>Animaci\u00f3n infantil<\/li>\n<li>Pi\u00f1atas<\/li>\n<li>Bolsas de juguetes<\/li>\n<li>Bolsas de chuches<\/li>\n<li>Pasteles personalizados<\/li>\n<li>Catering<\/li>\n<li>Decoraci\u00f3n con\u00a0Globos<\/li>\n<li>Decoraci\u00f3n Tem\u00e1tica<\/li>\n<\/ul>\n[\/mk_custom_list][\/vc_column_inner][\/vc_row_inner][\/vc_column][\/vc_row][mk_page_section bg_color=\u00bb#ffffff\u00bb bg_position=\u00bbleft center\u00bb bg_repeat=\u00bbno-repeat\u00bb top_shape_style=\u00bbjagged-top\u00bb top_shape_color=\u00bb#ffffff\u00bb bottom_shape_style=\u00bbjagged-bottom\u00bb bottom_shape_color=\u00bb#ffffff\u00bb visibility=\u00bbhidden-sm\u00bb sidebar=\u00bbsidebar-1&#8243;][vc_column][mk_padding_divider size=\u00bb80&#8243;][\/vc_column][\/mk_page_section][vc_row][vc_column][mk_fancy_title strip_tags=\u00bbtrue\u00bb tag_name=\u00bbh3&#8243; size=\u00bb44&#8243; force_font_size=\u00bbtrue\u00bb line_height=\u00bb108&#8243; font_family=\u00bbnone\u00bb align=\u00bbcenter\u00bb]M\u00e1s de 40 salas a tu\u00a0disposici\u00f3n[\/mk_fancy_title][vc_row_inner][vc_column_inner][mk_button dimension=\u00bbflat\u00bb size=\u00bblarge\u00bb url=\u00bbhttps:\/\/alteuaire.es\/es\/sales\/\u00bb align=\u00bbcenter\u00bb btn_hover_bg=\u00bb#e0e0e0&#8243; btn_hover_txt_color=\u00bb#404040&#8243;]Localiza tu sala[\/mk_button][\/vc_column_inner][\/vc_row_inner][mk_padding_divider][\/vc_column][\/vc_row][vc_row][vc_column][mk_fancy_title strip_tags=\u00bbtrue\u00bb tag_name=\u00bbh3&#8243; size=\u00bb28&#8243; font_family=\u00bbnone\u00bb align=\u00bbcenter\u00bb]Poblaciones donde estamos en la provincia de Barcelona[\/mk_fancy_title][vc_column_text align=\u00bbcenter\u00bb css=\u00bb.vc_custom_1710832835570{margin-bottom: 0px !important;}\u00bb]Terrassa &#8211; Badalona &#8211; Rub\u00ed &#8211; Barber\u00e0 del Vall\u00e8s &#8211; Sabadell &#8211; El Prat de Llobregat &#8211; Manresa &#8211; Barcelona &#8211; Hospitalet de Llobregat &#8211; Matar\u00f3 &#8211; Viladecans &#8211; Granollers &#8211; Cornell\u00e0 deLlobregat &#8211; Sant Feliu de Llobregat &#8211; Sant Boi de Llobregat[\/vc_column_text][mk_padding_divider size=\u00bb80&#8243;][\/vc_column][\/vc_row]\n<\/div>","protected":false},"excerpt":{"rendered":"<p>[vc_row][vc_column][mk_revslider id=\u00bbslider-1&#8243;][mk_padding_divider][vc_row_inner][vc_column_inner width=\u00bb1\/4&#8243;][\/vc_column_inner][vc_column_inner width=\u00bb1\/4&#8243;][mk_button dimension=\u00bbflat\u00bb corner_style=\u00bbrounded\u00bb size=\u00bblarge\u00bb url=\u00bbhttps:\/\/alteuaire.es\/es\/sales\/\u00bb align=\u00bbcenter\u00bb fullwidth=\u00bbtrue\u00bb margin_bottom=\u00bb10&#8243; margin_right=\u00bb10&#8243; btn_hover_bg=\u00bb#e0e0e0&#8243; btn_hover_txt_color=\u00bb#404040&#8243;]Nuestras Salas[\/mk_button][\/vc_column_inner][vc_column_inner width=\u00bb1\/4&#8243;][mk_button dimension=\u00bbflat\u00bb corner_style=\u00bbrounded\u00bb size=\u00bblarge\u00bb url=\u00bbhttps:\/\/alteuaire.es\/es\/disponibilidad\/\u00bb align=\u00bbcenter\u00bb fullwidth=\u00bbtrue\u00bb margin_bottom=\u00bb10&#8243; margin_right=\u00bb10&#8243; btn_hover_bg=\u00bb#e0e0e0&#8243; btn_hover_txt_color=\u00bb#404040&#8243;]Disponibilidad[\/mk_button][\/vc_column_inner][vc_column_inner width=\u00bb1\/4&#8243;][\/vc_column_inner][\/vc_row_inner][\/vc_column][vc_column][mk_padding_divider][vc_row_inner][vc_column_inner width=\u00bb1\/4&#8243;][vc_single_image image=\u00bb3606&#8243; img_size=\u00bbfull\u00bb alignment=\u00bbcenter\u00bb][mk_fancy_title strip_tags=\u00bbtrue\u00bb tag_name=\u00bbh1&#8243; size=\u00bb23&#8243; font_family=\u00bbRoboto+Condensed\u00bb font_type=\u00bbgoogle\u00bb align=\u00bbcenter\u00bb]Fiestas infantiles[\/mk_fancy_title][vc_column_text] \u00a0\u00a1Las fiestas Infantiles m\u00e1s divertidas! Animaci\u00f3n Infantil, pi\u00f1atas, globos&#8230; [\/vc_column_text][\/vc_column_inner][vc_column_inner width=\u00bb1\/4&#8243;][vc_single_image image=\u00bb3608&#8243; img_size=\u00bbfull\u00bb alignment=\u00bbcenter\u00bb][mk_fancy_title strip_tags=\u00bbtrue\u00bb size=\u00bb23&#8243; font_family=\u00bbnone\u00bb [&hellip;]<\/p>\n","protected":false},"author":1,"featured_media":9079,"parent":0,"menu_order":0,"comment_status":"closed","ping_status":"closed","template":"","meta":{"_acf_changed":false,"footnotes":""},"class_list":["post-2315","page","type-page","status-publish","has-post-thumbnail","hentry"],"acf":[],"yoast_head":"<!-- This site is optimized with the Yoast SEO plugin v26.8 - https:\/\/yoast.com\/product\/yoast-seo-wordpress\/ -->\n<title>Al teu aire - Espai L\u00fadic i Privat - Salas y locales para Fiestas Infantiles<\/title>\n<meta name=\"description\" content=\"Alquiler de salas y locales para fiestas infantiles, fiestas de cumplea\u00f1os, celebraciones y eventos. 41 salas y locales en la provincia de Barcelona.\" \/>\n<meta name=\"robots\" content=\"index, follow, max-snippet:-1, max-image-preview:large, max-video-preview:-1\" \/>\n<link rel=\"canonical\" href=\"https:\/\/alteuaire.es\/es\/\" \/>\n<meta property=\"og:locale\" content=\"es_ES\" \/>\n<meta property=\"og:type\" content=\"article\" \/>\n<meta property=\"og:title\" content=\"Al teu aire - Espai L\u00fadic i Privat - Salas y locales para Fiestas Infantiles\" \/>\n<meta property=\"og:description\" content=\"Alquiler de salas y locales para fiestas infantiles, fiestas de cumplea\u00f1os, celebraciones y eventos. 41 salas y locales en la provincia de Barcelona.\" \/>\n<meta property=\"og:url\" content=\"https:\/\/alteuaire.es\/es\/\" \/>\n<meta property=\"og:site_name\" content=\"Al teu aire - Espai L\u00fadic i Privat\" \/>\n<meta property=\"article:publisher\" content=\"https:\/\/www.facebook.com\/alteuaire.franquicies\/\" \/>\n<meta property=\"article:modified_time\" content=\"2024-03-19T07:20:41+00:00\" \/>\n<meta property=\"og:image\" content=\"https:\/\/alteuaire.es\/wp-content\/uploads\/2022\/02\/alquiler-de-salas-para-fiestas.jpg\" \/>\n\t<meta property=\"og:image:width\" content=\"1000\" \/>\n\t<meta property=\"og:image:height\" content=\"667\" \/>\n\t<meta property=\"og:image:type\" content=\"image\/jpeg\" \/>\n<meta name=\"twitter:card\" content=\"summary_large_image\" \/>\n<meta name=\"twitter:site\" content=\"@_alteuaire_\" \/>\n<meta name=\"twitter:label1\" content=\"Tiempo de lectura\" \/>\n\t<meta name=\"twitter:data1\" content=\"3 minutos\" \/>\n<script type=\"application\/ld+json\" class=\"yoast-schema-graph\">{\"@context\":\"https:\/\/schema.org\",\"@graph\":[{\"@type\":\"WebPage\",\"@id\":\"https:\/\/alteuaire.es\/es\/\",\"url\":\"https:\/\/alteuaire.es\/es\/\",\"name\":\"Al teu aire - Espai L\u00fadic i Privat - Salas y locales para Fiestas Infantiles\",\"isPartOf\":{\"@id\":\"https:\/\/alteuaire.es\/es\/#website\"},\"primaryImageOfPage\":{\"@id\":\"https:\/\/alteuaire.es\/es\/#primaryimage\"},\"image\":{\"@id\":\"https:\/\/alteuaire.es\/es\/#primaryimage\"},\"thumbnailUrl\":\"https:\/\/alteuaire.es\/wp-content\/uploads\/2022\/02\/alquiler-de-salas-para-fiestas.jpg\",\"datePublished\":\"2016-02-18T08:31:39+00:00\",\"dateModified\":\"2024-03-19T07:20:41+00:00\",\"description\":\"Alquiler de salas y locales para fiestas infantiles, fiestas de cumplea\u00f1os, celebraciones y eventos. 41 salas y locales en la provincia de Barcelona.\",\"breadcrumb\":{\"@id\":\"https:\/\/alteuaire.es\/es\/#breadcrumb\"},\"inLanguage\":\"es\",\"potentialAction\":[{\"@type\":\"ReadAction\",\"target\":[\"https:\/\/alteuaire.es\/es\/\"]}]},{\"@type\":\"ImageObject\",\"inLanguage\":\"es\",\"@id\":\"https:\/\/alteuaire.es\/es\/#primaryimage\",\"url\":\"https:\/\/alteuaire.es\/wp-content\/uploads\/2022\/02\/alquiler-de-salas-para-fiestas.jpg\",\"contentUrl\":\"https:\/\/alteuaire.es\/wp-content\/uploads\/2022\/02\/alquiler-de-salas-para-fiestas.jpg\",\"width\":1000,\"height\":667,\"caption\":\"Alquiler de salas para fiestas\"},{\"@type\":\"BreadcrumbList\",\"@id\":\"https:\/\/alteuaire.es\/es\/#breadcrumb\",\"itemListElement\":[{\"@type\":\"ListItem\",\"position\":1,\"name\":\"Inici\",\"item\":\"https:\/\/alteuaire.es\/es\/\"},{\"@type\":\"ListItem\",\"position\":2,\"name\":\"Inicio\"}]},{\"@type\":\"WebSite\",\"@id\":\"https:\/\/alteuaire.es\/es\/#website\",\"url\":\"https:\/\/alteuaire.es\/es\/\",\"name\":\"Al teu aire - Espai L\u00fadic i Privat\",\"description\":\"Alteuaire - Sales de festes privades de lloguer per aniversaris infantils y altres celebracions.\",\"publisher\":{\"@id\":\"https:\/\/alteuaire.es\/es\/#organization\"},\"potentialAction\":[{\"@type\":\"SearchAction\",\"target\":{\"@type\":\"EntryPoint\",\"urlTemplate\":\"https:\/\/alteuaire.es\/es\/?s={search_term_string}\"},\"query-input\":{\"@type\":\"PropertyValueSpecification\",\"valueRequired\":true,\"valueName\":\"search_term_string\"}}],\"inLanguage\":\"es\"},{\"@type\":\"Organization\",\"@id\":\"https:\/\/alteuaire.es\/es\/#organization\",\"name\":\"Alteuaire franquicies - Espai l\u00fadic i privat\",\"url\":\"https:\/\/alteuaire.es\/es\/\",\"logo\":{\"@type\":\"ImageObject\",\"inLanguage\":\"es\",\"@id\":\"https:\/\/alteuaire.es\/es\/#\/schema\/logo\/image\/\",\"url\":\"https:\/\/alteuaire.es\/wp-content\/uploads\/2016\/04\/alteauire.jpg\",\"contentUrl\":\"https:\/\/alteuaire.es\/wp-content\/uploads\/2016\/04\/alteauire.jpg\",\"width\":4606,\"height\":1920,\"caption\":\"Alteuaire franquicies - Espai l\u00fadic i privat\"},\"image\":{\"@id\":\"https:\/\/alteuaire.es\/es\/#\/schema\/logo\/image\/\"},\"sameAs\":[\"https:\/\/www.facebook.com\/alteuaire.franquicies\/\",\"https:\/\/x.com\/_alteuaire_\",\"https:\/\/www.instagram.com\/_alteuaire_\/\",\"https:\/\/es.pinterest.com\/alteuaire\/\"]}]}<\/script>\n<!-- \/ Yoast SEO plugin. -->","yoast_head_json":{"title":"Al teu aire - Espai L\u00fadic i Privat - Salas y locales para Fiestas Infantiles","description":"Alquiler de salas y locales para fiestas infantiles, fiestas de cumplea\u00f1os, celebraciones y eventos. 41 salas y locales en la provincia de Barcelona.","robots":{"index":"index","follow":"follow","max-snippet":"max-snippet:-1","max-image-preview":"max-image-preview:large","max-video-preview":"max-video-preview:-1"},"canonical":"https:\/\/alteuaire.es\/es\/","og_locale":"es_ES","og_type":"article","og_title":"Al teu aire - Espai L\u00fadic i Privat - Salas y locales para Fiestas Infantiles","og_description":"Alquiler de salas y locales para fiestas infantiles, fiestas de cumplea\u00f1os, celebraciones y eventos. 41 salas y locales en la provincia de Barcelona.","og_url":"https:\/\/alteuaire.es\/es\/","og_site_name":"Al teu aire - Espai L\u00fadic i Privat","article_publisher":"https:\/\/www.facebook.com\/alteuaire.franquicies\/","article_modified_time":"2024-03-19T07:20:41+00:00","og_image":[{"width":1000,"height":667,"url":"https:\/\/alteuaire.es\/wp-content\/uploads\/2022\/02\/alquiler-de-salas-para-fiestas.jpg","type":"image\/jpeg"}],"twitter_card":"summary_large_image","twitter_site":"@_alteuaire_","twitter_misc":{"Tiempo de lectura":"3 minutos"},"schema":{"@context":"https:\/\/schema.org","@graph":[{"@type":"WebPage","@id":"https:\/\/alteuaire.es\/es\/","url":"https:\/\/alteuaire.es\/es\/","name":"Al teu aire - Espai L\u00fadic i Privat - Salas y locales para Fiestas Infantiles","isPartOf":{"@id":"https:\/\/alteuaire.es\/es\/#website"},"primaryImageOfPage":{"@id":"https:\/\/alteuaire.es\/es\/#primaryimage"},"image":{"@id":"https:\/\/alteuaire.es\/es\/#primaryimage"},"thumbnailUrl":"https:\/\/alteuaire.es\/wp-content\/uploads\/2022\/02\/alquiler-de-salas-para-fiestas.jpg","datePublished":"2016-02-18T08:31:39+00:00","dateModified":"2024-03-19T07:20:41+00:00","description":"Alquiler de salas y locales para fiestas infantiles, fiestas de cumplea\u00f1os, celebraciones y eventos. 41 salas y locales en la provincia de Barcelona.","breadcrumb":{"@id":"https:\/\/alteuaire.es\/es\/#breadcrumb"},"inLanguage":"es","potentialAction":[{"@type":"ReadAction","target":["https:\/\/alteuaire.es\/es\/"]}]},{"@type":"ImageObject","inLanguage":"es","@id":"https:\/\/alteuaire.es\/es\/#primaryimage","url":"https:\/\/alteuaire.es\/wp-content\/uploads\/2022\/02\/alquiler-de-salas-para-fiestas.jpg","contentUrl":"https:\/\/alteuaire.es\/wp-content\/uploads\/2022\/02\/alquiler-de-salas-para-fiestas.jpg","width":1000,"height":667,"caption":"Alquiler de salas para fiestas"},{"@type":"BreadcrumbList","@id":"https:\/\/alteuaire.es\/es\/#breadcrumb","itemListElement":[{"@type":"ListItem","position":1,"name":"Inici","item":"https:\/\/alteuaire.es\/es\/"},{"@type":"ListItem","position":2,"name":"Inicio"}]},{"@type":"WebSite","@id":"https:\/\/alteuaire.es\/es\/#website","url":"https:\/\/alteuaire.es\/es\/","name":"Al teu aire - Espai L\u00fadic i Privat","description":"Alteuaire - Sales de festes privades de lloguer per aniversaris infantils y altres celebracions.","publisher":{"@id":"https:\/\/alteuaire.es\/es\/#organization"},"potentialAction":[{"@type":"SearchAction","target":{"@type":"EntryPoint","urlTemplate":"https:\/\/alteuaire.es\/es\/?s={search_term_string}"},"query-input":{"@type":"PropertyValueSpecification","valueRequired":true,"valueName":"search_term_string"}}],"inLanguage":"es"},{"@type":"Organization","@id":"https:\/\/alteuaire.es\/es\/#organization","name":"Alteuaire franquicies - Espai l\u00fadic i privat","url":"https:\/\/alteuaire.es\/es\/","logo":{"@type":"ImageObject","inLanguage":"es","@id":"https:\/\/alteuaire.es\/es\/#\/schema\/logo\/image\/","url":"https:\/\/alteuaire.es\/wp-content\/uploads\/2016\/04\/alteauire.jpg","contentUrl":"https:\/\/alteuaire.es\/wp-content\/uploads\/2016\/04\/alteauire.jpg","width":4606,"height":1920,"caption":"Alteuaire franquicies - Espai l\u00fadic i privat"},"image":{"@id":"https:\/\/alteuaire.es\/es\/#\/schema\/logo\/image\/"},"sameAs":["https:\/\/www.facebook.com\/alteuaire.franquicies\/","https:\/\/x.com\/_alteuaire_","https:\/\/www.instagram.com\/_alteuaire_\/","https:\/\/es.pinterest.com\/alteuaire\/"]}]}},"publishpress_future_action":{"enabled":false,"date":"2026-04-30 15:45:41","action":"change-status","newStatus":"draft","terms":[],"taxonomy":"translation_priority","extraData":[]},"publishpress_future_workflow_manual_trigger":{"enabledWorkflows":[]},"_links":{"self":[{"href":"https:\/\/alteuaire.es\/es\/wp-json\/wp\/v2\/pages\/2315","targetHints":{"allow":["GET"]}}],"collection":[{"href":"https:\/\/alteuaire.es\/es\/wp-json\/wp\/v2\/pages"}],"about":[{"href":"https:\/\/alteuaire.es\/es\/wp-json\/wp\/v2\/types\/page"}],"author":[{"embeddable":true,"href":"https:\/\/alteuaire.es\/es\/wp-json\/wp\/v2\/users\/1"}],"replies":[{"embeddable":true,"href":"https:\/\/alteuaire.es\/es\/wp-json\/wp\/v2\/comments?post=2315"}],"version-history":[{"count":0,"href":"https:\/\/alteuaire.es\/es\/wp-json\/wp\/v2\/pages\/2315\/revisions"}],"wp:featuredmedia":[{"embeddable":true,"href":"https:\/\/alteuaire.es\/es\/wp-json\/wp\/v2\/media\/9079"}],"wp:attachment":[{"href":"https:\/\/alteuaire.es\/es\/wp-json\/wp\/v2\/media?parent=2315"}],"curies":[{"name":"wp","href":"https:\/\/api.w.org\/{rel}","templated":true}]}}