{"id":2456,"date":"2016-02-18T08:32:34","date_gmt":"2016-02-18T08:32:34","guid":{"rendered":"https:\/\/alteuaire.es\/es\/serveis\/"},"modified":"2026-01-05T11:16:52","modified_gmt":"2026-01-05T10:16:52","slug":"serveis","status":"publish","type":"page","link":"https:\/\/alteuaire.es\/es\/serveis\/","title":{"rendered":"Servicios"},"content":{"rendered":"<div class=\"wpb-content-wrapper\">[vc_row][vc_column width=\u00bb1\/5&#8243;][mk_image src=\u00bbhttps:\/\/alteuaire.es\/wp-content\/uploads\/2023\/10\/catering-per-festes.jpg\u00bb image_size=\u00bbfull\u00bb link=\u00bbhttps:\/\/alteuaire.es\/es\/serveis\/catering\/\u00bb align=\u00bbcenter\u00bb margin_bottom=\u00bb20&#8243;][vc_column_text align=\u00bbcenter\u00bb margin_bottom=\u00bb20&#8243; css=\u00bb.vc_custom_1696499813463{margin-bottom: 0px !important;}\u00bb]\n<h4 style=\"text-align: center;\"><a href=\"https:\/\/alteuaire.es\/es\/serveis\/catering\/\">Catering<\/a><\/h4>\n[\/vc_column_text][\/vc_column][vc_column width=\u00bb1\/5&#8243;][mk_image src=\u00bbhttps:\/\/alteuaire.es\/wp-content\/uploads\/2024\/04\/alquiler-de-tiradores-de-cerveza.jpg\u00bb image_size=\u00bbfull\u00bb link=\u00bbhttps:\/\/alteuaire.es\/es\/serveis\/alquiler-de-tiradores-de-cerveza-para-fiestas\/\u00bb align=\u00bbcenter\u00bb margin_bottom=\u00bb20&#8243;][vc_column_text align=\u00bbcenter\u00bb margin_bottom=\u00bb20&#8243; css=\u00bb.vc_custom_1712057328309{margin-bottom: 0px !important;}\u00bb]\n<h4 style=\"text-align: center;\"><a href=\"https:\/\/alteuaire.es\/es\/serveis\/alquiler-de-tiradores-de-cerveza-para-fiestas\/\">Tiradores de Cerveza<\/a><\/h4>\n[\/vc_column_text][\/vc_column][vc_column width=\u00bb1\/5&#8243;][mk_image src=\u00bbhttps:\/\/alteuaire.es\/wp-content\/uploads\/2023\/10\/catering-mexica.jpg\u00bb image_size=\u00bbfull\u00bb link=\u00bbhttps:\/\/alteuaire.es\/es\/serveis\/catering-mexicano\/\u00bb align=\u00bbcenter\u00bb margin_bottom=\u00bb20&#8243;][vc_column_text align=\u00bbcenter\u00bb margin_bottom=\u00bb20&#8243; css=\u00bb.vc_custom_1696499805704{margin-bottom: 0px !important;}\u00bb]\n<h4 style=\"text-align: center;\"><a href=\"https:\/\/alteuaire.es\/es\/?page_id=10617\">Catering Mexicano<\/a><\/h4>\n[\/vc_column_text][\/vc_column][\/vc_row][vc_row][vc_column width=\u00bb1\/5&#8243;][mk_image src=\u00bbhttps:\/\/alteuaire.es\/wp-content\/uploads\/2024\/03\/fotomaton-para-fiestas-privadas-y-eventos.jpg\u00bb image_size=\u00bbfull\u00bb link=\u00bbhttps:\/\/alteuaire.es\/es\/serveis\/fotomaton-plataforma-360\/\u00bb align=\u00bbcenter\u00bb margin_bottom=\u00bb20&#8243;][vc_column_text align=\u00bbcenter\u00bb margin_bottom=\u00bb20&#8243; css=\u00bb.vc_custom_1711369463374{margin-bottom: 0px !important;}\u00bb]\n<h4 style=\"text-align: center;\"><a href=\"https:\/\/alteuaire.es\/es\/serveis\/fotomaton-plataforma-360\/\">Fotomat\u00f3n &#8211; P 360<\/a><\/h4>\n[\/vc_column_text][\/vc_column][vc_column width=\u00bb1\/5&#8243;][mk_image src=\u00bbhttps:\/\/alteuaire.es\/wp-content\/uploads\/2023\/10\/taller-ciencia.jpg\u00bb image_size=\u00bbfull\u00bb link=\u00bbhttps:\/\/alteuaire.es\/es\/serveis\/taller-ciencia\/\u00bb align=\u00bbcenter\u00bb margin_bottom=\u00bb20&#8243;][vc_column_text align=\u00bbcenter\u00bb margin_bottom=\u00bb20&#8243; css=\u00bb.vc_custom_1696500823109{margin-bottom: 0px !important;}\u00bb]\n<h4><a href=\"https:\/\/alteuaire.es\/es\/serveis\/taller-de-ciencia-y-experimentos\/\">Taller de Ciencia<\/a><\/h4>\n[\/vc_column_text][\/vc_column][vc_column width=\u00bb1\/5&#8243;][mk_image src=\u00bbhttps:\/\/alteuaire.es\/wp-content\/uploads\/2023\/10\/globoflexia.jpg\u00bb image_size=\u00bbfull\u00bb link=\u00bbhttps:\/\/alteuaire.es\/es\/serveis\/taller-globoflexia-papiroflexia-infantil\/\u00bb align=\u00bbcenter\u00bb margin_bottom=\u00bb20&#8243;][vc_column_text align=\u00bbcenter\u00bb margin_bottom=\u00bb20&#8243; css=\u00bb.vc_custom_1696500885405{margin-bottom: 0px !important;}\u00bb]\n<h4 style=\"text-align: center;\"><a href=\"https:\/\/alteuaire.es\/es\/?page_id=2970\">Globoflexia<\/a><\/h4>\n[\/vc_column_text][\/vc_column][vc_column width=\u00bb1\/5&#8243;][mk_image src=\u00bbhttps:\/\/alteuaire.es\/wp-content\/uploads\/2023\/10\/pinyates-1.jpg\u00bb image_size=\u00bbfull\u00bb link=\u00bbhttps:\/\/alteuaire.es\/es\/serveis\/pinatas\/\u00bb align=\u00bbcenter\u00bb margin_bottom=\u00bb20&#8243;][vc_column_text align=\u00bbcenter\u00bb margin_bottom=\u00bb20&#8243; css=\u00bb.vc_custom_1696500930354{margin-bottom: 0px !important;}\u00bb]\n<h4 style=\"text-align: center;\"><a href=\"https:\/\/alteuaire.es\/es\/serveis\/pinatas\/\">Pi\u00f1atas<\/a><\/h4>\n[\/vc_column_text][\/vc_column][\/vc_row][vc_row][vc_column width=\u00bb1\/5&#8243;][mk_image src=\u00bbhttps:\/\/alteuaire.es\/wp-content\/uploads\/2023\/10\/xuxes.jpg\u00bb image_size=\u00bbfull\u00bb link=\u00bbhttps:\/\/alteuaire.es\/es\/serveis\/xuxes\/\u00bb align=\u00bbcenter\u00bb margin_bottom=\u00bb20&#8243;][vc_column_text align=\u00bbcenter\u00bb margin_bottom=\u00bb20&#8243; css=\u00bb.vc_custom_1696500973694{margin-bottom: 0px !important;}\u00bb]\n<h4><a href=\"https:\/\/alteuaire.es\/es\/serveis\/xuxes\/\">Bolsas de Chuches<\/a><\/h4>\n[\/vc_column_text][\/vc_column][vc_column width=\u00bb1\/5&#8243;][mk_image src=\u00bbhttps:\/\/alteuaire.es\/wp-content\/uploads\/2023\/10\/joguines.jpg\u00bb image_size=\u00bbfull\u00bb link=\u00bbhttps:\/\/alteuaire.es\/es\/serveis\/joguines\/\u00bb align=\u00bbcenter\u00bb margin_bottom=\u00bb20&#8243;][vc_column_text align=\u00bbcenter\u00bb margin_bottom=\u00bb20&#8243; css=\u00bb.vc_custom_1696501127901{margin-bottom: 0px !important;}\u00bb]\n<h4><a href=\"https:\/\/alteuaire.es\/es\/serveis\/joguines\/\">Bolsas de Juguetes<\/a><\/h4>\n[\/vc_column_text][\/vc_column][vc_column width=\u00bb1\/5&#8243;][\/vc_column][vc_column width=\u00bb1\/5&#8243;][\/vc_column][vc_column width=\u00bb1\/5&#8243;][\/vc_column][\/vc_row]\n<\/div>","protected":false},"excerpt":{"rendered":"<p>[vc_row][vc_column width=\u00bb1\/5&#8243;][mk_image src=\u00bbhttps:\/\/alteuaire.es\/wp-content\/uploads\/2023\/10\/catering-per-festes.jpg\u00bb image_size=\u00bbfull\u00bb link=\u00bbhttps:\/\/alteuaire.es\/es\/serveis\/catering\/\u00bb align=\u00bbcenter\u00bb margin_bottom=\u00bb20&#8243;][vc_column_text align=\u00bbcenter\u00bb margin_bottom=\u00bb20&#8243; css=\u00bb.vc_custom_1696499813463{margin-bottom: 0px !important;}\u00bb] Catering [\/vc_column_text][\/vc_column][vc_column width=\u00bb1\/5&#8243;][mk_image src=\u00bbhttps:\/\/alteuaire.es\/wp-content\/uploads\/2024\/04\/alquiler-de-tiradores-de-cerveza.jpg\u00bb image_size=\u00bbfull\u00bb link=\u00bbhttps:\/\/alteuaire.es\/es\/serveis\/alquiler-de-tiradores-de-cerveza-para-fiestas\/\u00bb align=\u00bbcenter\u00bb margin_bottom=\u00bb20&#8243;][vc_column_text align=\u00bbcenter\u00bb margin_bottom=\u00bb20&#8243; css=\u00bb.vc_custom_1712057328309{margin-bottom: 0px !important;}\u00bb] Tiradores de Cerveza [\/vc_column_text][\/vc_column][vc_column width=\u00bb1\/5&#8243;][mk_image src=\u00bbhttps:\/\/alteuaire.es\/wp-content\/uploads\/2023\/10\/catering-mexica.jpg\u00bb image_size=\u00bbfull\u00bb link=\u00bbhttps:\/\/alteuaire.es\/es\/serveis\/catering-mexicano\/\u00bb align=\u00bbcenter\u00bb margin_bottom=\u00bb20&#8243;][vc_column_text align=\u00bbcenter\u00bb margin_bottom=\u00bb20&#8243; css=\u00bb.vc_custom_1696499805704{margin-bottom: 0px !important;}\u00bb] Catering Mexicano [\/vc_column_text][\/vc_column][\/vc_row][vc_row][vc_column width=\u00bb1\/5&#8243;][mk_image src=\u00bbhttps:\/\/alteuaire.es\/wp-content\/uploads\/2024\/03\/fotomaton-para-fiestas-privadas-y-eventos.jpg\u00bb image_size=\u00bbfull\u00bb link=\u00bbhttps:\/\/alteuaire.es\/es\/serveis\/fotomaton-plataforma-360\/\u00bb align=\u00bbcenter\u00bb margin_bottom=\u00bb20&#8243;][vc_column_text align=\u00bbcenter\u00bb margin_bottom=\u00bb20&#8243; css=\u00bb.vc_custom_1711369463374{margin-bottom: 0px !important;}\u00bb] Fotomat\u00f3n [&hellip;]<\/p>\n","protected":false},"author":1,"featured_media":0,"parent":0,"menu_order":0,"comment_status":"closed","ping_status":"closed","template":"","meta":{"_acf_changed":false,"footnotes":""},"class_list":["post-2456","page","type-page","status-publish","hentry"],"acf":[],"yoast_head":"<!-- This site is optimized with the Yoast SEO plugin v26.8 - https:\/\/yoast.com\/product\/yoast-seo-wordpress\/ -->\n<title>Servicios - Al teu aire - Espai L\u00fadic i Privat<\/title>\n<meta name=\"description\" content=\"Organizar la mejor fiesta nunca ha sido tan f\u00e1cil. Con nuestros servicios, tendr\u00e1s todo lo que necesites, despreocupate de los detalles.\" \/>\n<meta name=\"robots\" content=\"index, follow, max-snippet:-1, max-image-preview:large, max-video-preview:-1\" \/>\n<link rel=\"canonical\" href=\"https:\/\/alteuaire.es\/es\/serveis\/\" \/>\n<meta property=\"og:locale\" content=\"es_ES\" \/>\n<meta property=\"og:type\" content=\"article\" \/>\n<meta property=\"og:title\" content=\"Servicios - Al teu aire - Espai L\u00fadic i Privat\" \/>\n<meta property=\"og:description\" content=\"Organizar la mejor fiesta nunca ha sido tan f\u00e1cil. Con nuestros servicios, tendr\u00e1s todo lo que necesites, despreocupate de los detalles.\" \/>\n<meta property=\"og:url\" content=\"https:\/\/alteuaire.es\/es\/serveis\/\" \/>\n<meta property=\"og:site_name\" content=\"Al teu aire - Espai L\u00fadic i Privat\" \/>\n<meta property=\"article:publisher\" content=\"https:\/\/www.facebook.com\/alteuaire.franquicies\/\" \/>\n<meta property=\"article:modified_time\" content=\"2026-01-05T10:16:52+00:00\" \/>\n<meta property=\"og:image\" content=\"https:\/\/alteuaire.es\/wp-content\/uploads\/2017\/08\/alteuaire-redes-sociales.jpg\" \/>\n\t<meta property=\"og:image:width\" content=\"600\" \/>\n\t<meta property=\"og:image:height\" content=\"511\" \/>\n\t<meta property=\"og:image:type\" content=\"image\/jpeg\" \/>\n<meta name=\"twitter:card\" content=\"summary_large_image\" \/>\n<meta name=\"twitter:site\" content=\"@_alteuaire_\" \/>\n<meta name=\"twitter:label1\" content=\"Tiempo de lectura\" \/>\n\t<meta name=\"twitter:data1\" content=\"1 minuto\" \/>\n<script type=\"application\/ld+json\" class=\"yoast-schema-graph\">{\"@context\":\"https:\/\/schema.org\",\"@graph\":[{\"@type\":\"WebPage\",\"@id\":\"https:\/\/alteuaire.es\/es\/serveis\/\",\"url\":\"https:\/\/alteuaire.es\/es\/serveis\/\",\"name\":\"Servicios - Al teu aire - Espai L\u00fadic i Privat\",\"isPartOf\":{\"@id\":\"https:\/\/alteuaire.es\/es\/#website\"},\"datePublished\":\"2016-02-18T08:32:34+00:00\",\"dateModified\":\"2026-01-05T10:16:52+00:00\",\"description\":\"Organizar la mejor fiesta nunca ha sido tan f\u00e1cil. Con nuestros servicios, tendr\u00e1s todo lo que necesites, despreocupate de los detalles.\",\"breadcrumb\":{\"@id\":\"https:\/\/alteuaire.es\/es\/serveis\/#breadcrumb\"},\"inLanguage\":\"es\",\"potentialAction\":[{\"@type\":\"ReadAction\",\"target\":[\"https:\/\/alteuaire.es\/es\/serveis\/\"]}]},{\"@type\":\"BreadcrumbList\",\"@id\":\"https:\/\/alteuaire.es\/es\/serveis\/#breadcrumb\",\"itemListElement\":[{\"@type\":\"ListItem\",\"position\":1,\"name\":\"Inici\",\"item\":\"https:\/\/alteuaire.es\/es\/\"},{\"@type\":\"ListItem\",\"position\":2,\"name\":\"Servicios\"}]},{\"@type\":\"WebSite\",\"@id\":\"https:\/\/alteuaire.es\/es\/#website\",\"url\":\"https:\/\/alteuaire.es\/es\/\",\"name\":\"Al teu aire - Espai L\u00fadic i Privat\",\"description\":\"Alteuaire - Sales de festes privades de lloguer per aniversaris infantils y altres celebracions.\",\"publisher\":{\"@id\":\"https:\/\/alteuaire.es\/es\/#organization\"},\"potentialAction\":[{\"@type\":\"SearchAction\",\"target\":{\"@type\":\"EntryPoint\",\"urlTemplate\":\"https:\/\/alteuaire.es\/es\/?s={search_term_string}\"},\"query-input\":{\"@type\":\"PropertyValueSpecification\",\"valueRequired\":true,\"valueName\":\"search_term_string\"}}],\"inLanguage\":\"es\"},{\"@type\":\"Organization\",\"@id\":\"https:\/\/alteuaire.es\/es\/#organization\",\"name\":\"Alteuaire franquicies - Espai l\u00fadic i privat\",\"url\":\"https:\/\/alteuaire.es\/es\/\",\"logo\":{\"@type\":\"ImageObject\",\"inLanguage\":\"es\",\"@id\":\"https:\/\/alteuaire.es\/es\/#\/schema\/logo\/image\/\",\"url\":\"https:\/\/alteuaire.es\/wp-content\/uploads\/2016\/04\/alteauire.jpg\",\"contentUrl\":\"https:\/\/alteuaire.es\/wp-content\/uploads\/2016\/04\/alteauire.jpg\",\"width\":4606,\"height\":1920,\"caption\":\"Alteuaire franquicies - Espai l\u00fadic i privat\"},\"image\":{\"@id\":\"https:\/\/alteuaire.es\/es\/#\/schema\/logo\/image\/\"},\"sameAs\":[\"https:\/\/www.facebook.com\/alteuaire.franquicies\/\",\"https:\/\/x.com\/_alteuaire_\",\"https:\/\/www.instagram.com\/_alteuaire_\/\",\"https:\/\/es.pinterest.com\/alteuaire\/\"]}]}<\/script>\n<!-- \/ Yoast SEO plugin. -->","yoast_head_json":{"title":"Servicios - Al teu aire - Espai L\u00fadic i Privat","description":"Organizar la mejor fiesta nunca ha sido tan f\u00e1cil. Con nuestros servicios, tendr\u00e1s todo lo que necesites, despreocupate de los detalles.","robots":{"index":"index","follow":"follow","max-snippet":"max-snippet:-1","max-image-preview":"max-image-preview:large","max-video-preview":"max-video-preview:-1"},"canonical":"https:\/\/alteuaire.es\/es\/serveis\/","og_locale":"es_ES","og_type":"article","og_title":"Servicios - Al teu aire - Espai L\u00fadic i Privat","og_description":"Organizar la mejor fiesta nunca ha sido tan f\u00e1cil. Con nuestros servicios, tendr\u00e1s todo lo que necesites, despreocupate de los detalles.","og_url":"https:\/\/alteuaire.es\/es\/serveis\/","og_site_name":"Al teu aire - Espai L\u00fadic i Privat","article_publisher":"https:\/\/www.facebook.com\/alteuaire.franquicies\/","article_modified_time":"2026-01-05T10:16:52+00:00","og_image":[{"width":600,"height":511,"url":"https:\/\/alteuaire.es\/wp-content\/uploads\/2017\/08\/alteuaire-redes-sociales.jpg","type":"image\/jpeg"}],"twitter_card":"summary_large_image","twitter_site":"@_alteuaire_","twitter_misc":{"Tiempo de lectura":"1 minuto"},"schema":{"@context":"https:\/\/schema.org","@graph":[{"@type":"WebPage","@id":"https:\/\/alteuaire.es\/es\/serveis\/","url":"https:\/\/alteuaire.es\/es\/serveis\/","name":"Servicios - Al teu aire - Espai L\u00fadic i Privat","isPartOf":{"@id":"https:\/\/alteuaire.es\/es\/#website"},"datePublished":"2016-02-18T08:32:34+00:00","dateModified":"2026-01-05T10:16:52+00:00","description":"Organizar la mejor fiesta nunca ha sido tan f\u00e1cil. Con nuestros servicios, tendr\u00e1s todo lo que necesites, despreocupate de los detalles.","breadcrumb":{"@id":"https:\/\/alteuaire.es\/es\/serveis\/#breadcrumb"},"inLanguage":"es","potentialAction":[{"@type":"ReadAction","target":["https:\/\/alteuaire.es\/es\/serveis\/"]}]},{"@type":"BreadcrumbList","@id":"https:\/\/alteuaire.es\/es\/serveis\/#breadcrumb","itemListElement":[{"@type":"ListItem","position":1,"name":"Inici","item":"https:\/\/alteuaire.es\/es\/"},{"@type":"ListItem","position":2,"name":"Servicios"}]},{"@type":"WebSite","@id":"https:\/\/alteuaire.es\/es\/#website","url":"https:\/\/alteuaire.es\/es\/","name":"Al teu aire - Espai L\u00fadic i Privat","description":"Alteuaire - Sales de festes privades de lloguer per aniversaris infantils y altres celebracions.","publisher":{"@id":"https:\/\/alteuaire.es\/es\/#organization"},"potentialAction":[{"@type":"SearchAction","target":{"@type":"EntryPoint","urlTemplate":"https:\/\/alteuaire.es\/es\/?s={search_term_string}"},"query-input":{"@type":"PropertyValueSpecification","valueRequired":true,"valueName":"search_term_string"}}],"inLanguage":"es"},{"@type":"Organization","@id":"https:\/\/alteuaire.es\/es\/#organization","name":"Alteuaire franquicies - Espai l\u00fadic i privat","url":"https:\/\/alteuaire.es\/es\/","logo":{"@type":"ImageObject","inLanguage":"es","@id":"https:\/\/alteuaire.es\/es\/#\/schema\/logo\/image\/","url":"https:\/\/alteuaire.es\/wp-content\/uploads\/2016\/04\/alteauire.jpg","contentUrl":"https:\/\/alteuaire.es\/wp-content\/uploads\/2016\/04\/alteauire.jpg","width":4606,"height":1920,"caption":"Alteuaire franquicies - Espai l\u00fadic i privat"},"image":{"@id":"https:\/\/alteuaire.es\/es\/#\/schema\/logo\/image\/"},"sameAs":["https:\/\/www.facebook.com\/alteuaire.franquicies\/","https:\/\/x.com\/_alteuaire_","https:\/\/www.instagram.com\/_alteuaire_\/","https:\/\/es.pinterest.com\/alteuaire\/"]}]}},"publishpress_future_action":{"enabled":false,"date":"2026-04-30 17:16:49","action":"change-status","newStatus":"draft","terms":[],"taxonomy":"translation_priority","extraData":[]},"publishpress_future_workflow_manual_trigger":{"enabledWorkflows":[]},"_links":{"self":[{"href":"https:\/\/alteuaire.es\/es\/wp-json\/wp\/v2\/pages\/2456","targetHints":{"allow":["GET"]}}],"collection":[{"href":"https:\/\/alteuaire.es\/es\/wp-json\/wp\/v2\/pages"}],"about":[{"href":"https:\/\/alteuaire.es\/es\/wp-json\/wp\/v2\/types\/page"}],"author":[{"embeddable":true,"href":"https:\/\/alteuaire.es\/es\/wp-json\/wp\/v2\/users\/1"}],"replies":[{"embeddable":true,"href":"https:\/\/alteuaire.es\/es\/wp-json\/wp\/v2\/comments?post=2456"}],"version-history":[{"count":2,"href":"https:\/\/alteuaire.es\/es\/wp-json\/wp\/v2\/pages\/2456\/revisions"}],"predecessor-version":[{"id":12895,"href":"https:\/\/alteuaire.es\/es\/wp-json\/wp\/v2\/pages\/2456\/revisions\/12895"}],"wp:attachment":[{"href":"https:\/\/alteuaire.es\/es\/wp-json\/wp\/v2\/media?parent=2456"}],"curies":[{"name":"wp","href":"https:\/\/api.w.org\/{rel}","templated":true}]}}