{"id":2896,"date":"2016-07-01T10:26:25","date_gmt":"2016-07-01T09:26:25","guid":{"rendered":"https:\/\/alteuaire.es\/es\/?page_id=2896"},"modified":"2019-12-12T12:17:10","modified_gmt":"2019-12-12T11:17:10","slug":"taller-de-robotica","status":"publish","type":"page","link":"https:\/\/alteuaire.es\/es\/taller-de-robotica\/","title":{"rendered":"Taller de rob\u00f3tica"},"content":{"rendered":"<div class=\"wpb-content-wrapper\">[vc_row][vc_column][vc_video link=\u00bbhttps:\/\/youtu.be\/KEdginPpeq4&#8243;][mk_padding_divider][\/vc_column][vc_column width=\u00bb1\/3&#8243;][vc_single_image image=\u00bb2903&#8243; img_size=\u00bbmedium\u00bb alignment=\u00bbcenter\u00bb][\/vc_column][vc_column width=\u00bb2\/3&#8243;][vc_column_text]\n<h2>TALLER DE ROB\u00d3TICA<\/h2>\n[\/vc_column_text][vc_column_text]El taller de Rob\u00f3tica lo imparte<strong> The Code Rockers,\u00a0<\/strong>una organizaci\u00f3n dedicada a la formaci\u00f3n en tecnolog\u00eda para ni\u00f1os. Nuestras actividades incluyen talleres de rob\u00f3tica, programaci\u00f3n, electr\u00f3nica y clases con la metodolog\u00eda Binary Kids.[\/vc_column_text][\/vc_column][vc_column][mk_padding_divider][\/vc_column][\/vc_row][vc_row][vc_column][vc_column_text]\n<h3><strong>Taller de Robots\u00a0<\/strong>(1 hora)<\/h3>\n[\/vc_column_text][vc_column_text]Iniciaci\u00f3n la rob\u00f3tica para que los peque\u00f1os ingenieros aprendan desde c\u00f3mo funciona la energ\u00eda el\u00e9ctrica hasta construir su propio robot insecto que podr\u00e1n llevarse a casa.<\/p>\n<p>Con sencillos montajes utilizando littleBits, piezas electr\u00f3nicas combinables para montar y desmontar circuitos.[\/vc_column_text][\/vc_column][vc_column width=\u00bb1\/2&#8243;][vc_single_image image=\u00bb2904&#8243; img_size=\u00bblarge\u00bb][\/vc_column][vc_column width=\u00bb1\/2&#8243;][mk_custom_list]\n<ul>\n<li>La energ\u00eda el\u00e9ctrica.<\/li>\n<li>littleBits: jugando con leds, botones, sensores, audio digital y motores.<\/li>\n<li>littleBits: proyectos b\u00e1sicos.<\/li>\n<li>Montaje del robot insecto.<\/li>\n<\/ul>\n[\/mk_custom_list][mk_custom_list]<strong>De Lunes \u00a0Viernes: 75\u20ac<br \/>\n<\/strong><strong>S\u00e1bados y Domingos: 95\u20ac<\/strong>[\/mk_custom_list][\/vc_column][vc_column][mk_padding_divider size=\u00bb20&#8243;][vc_separator][mk_padding_divider size=\u00bb20&#8243;][\/vc_column][\/vc_row][vc_row][vc_column][vc_column_text]\n<h3><strong>Taller de Robots\u00a0<\/strong>(2 horas)<\/h3>\n[\/vc_column_text][vc_column_text]\u00a1Con m\u00e1s montajes y m\u00e1s experimentos!<br \/>\nPara entender c\u00f3mo funcionan los robots y resolver problemas utilizando la tecnolog\u00eda.[\/vc_column_text][\/vc_column][vc_column width=\u00bb1\/2&#8243;][vc_single_image image=\u00bb2905&#8243; img_size=\u00bblarge\u00bb][\/vc_column][vc_column width=\u00bb1\/2&#8243;][mk_custom_list]\n<ul>\n<li>La energ\u00eda el\u00e9ctrica.<\/li>\n<li>Experimentando la conductividad.<\/li>\n<li>littleBits: jugando con leds, \u00a0sonido, botones, sensores, audio digital y motores.<\/li>\n<li>littleBits: proyectos b\u00e1sicos.<\/li>\n<li>littleBits: proyectos especiales.<\/li>\n<li>Montaje del robot insecto.<\/li>\n<\/ul>\n[\/mk_custom_list][vc_column_text]\n<h3><\/h3>\n<p><strong>De Lunes \u00a0Viernes: 130\u20ac<\/strong><br \/>\n<strong>S\u00e1bados y Domingos: 170\u20ac<\/strong>[\/vc_column_text][\/vc_column][vc_column][mk_padding_divider][\/vc_column][\/vc_row][vc_row][vc_column][vc_column_text]\n<h4>Ponte en contacto con nosotros<\/h4>\n<h3>659 001 078<\/h3>\n<h4><a href=\"mailto:tallersrobotica@alteuaire.es\">Contactar por email<\/a><\/h4>\n[\/vc_column_text][mk_padding_divider][\/vc_column][\/vc_row]\n<\/div>","protected":false},"excerpt":{"rendered":"<p>[vc_row][vc_column][vc_video link=\u00bbhttps:\/\/youtu.be\/KEdginPpeq4&#8243;][mk_padding_divider][\/vc_column][vc_column width=\u00bb1\/3&#8243;][vc_single_image image=\u00bb2903&#8243; img_size=\u00bbmedium\u00bb alignment=\u00bbcenter\u00bb][\/vc_column][vc_column width=\u00bb2\/3&#8243;][vc_column_text] TALLER DE ROB\u00d3TICA [\/vc_column_text][vc_column_text]El taller de Rob\u00f3tica lo imparte The Code Rockers,\u00a0una organizaci\u00f3n dedicada a la formaci\u00f3n en tecnolog\u00eda para ni\u00f1os. Nuestras actividades incluyen talleres de rob\u00f3tica, programaci\u00f3n, electr\u00f3nica y clases con la metodolog\u00eda Binary Kids.[\/vc_column_text][\/vc_column][vc_column][mk_padding_divider][\/vc_column][\/vc_row][vc_row][vc_column][vc_column_text] Taller de Robots\u00a0(1 hora) [\/vc_column_text][vc_column_text]Iniciaci\u00f3n la rob\u00f3tica para que los peque\u00f1os ingenieros [&hellip;]<\/p>\n","protected":false},"author":1,"featured_media":0,"parent":0,"menu_order":0,"comment_status":"closed","ping_status":"closed","template":"","meta":{"_acf_changed":false,"footnotes":""},"class_list":["post-2896","page","type-page","status-publish","hentry"],"acf":[],"yoast_head":"<!-- This site is optimized with the Yoast SEO plugin v26.8 - https:\/\/yoast.com\/product\/yoast-seo-wordpress\/ -->\n<title>Taller de rob\u00f3tica - Al teu aire - Espai L\u00fadic i Privat<\/title>\n<meta name=\"description\" content=\"Taller de Rob\u00f3tica para ni\u00f1os. Nuestras actividades incluyen talleres de programaci\u00f3n, electr\u00f3nica, rob\u00f3tica y clases con la metodolog\u00eda Binary Kids.\" \/>\n<meta name=\"robots\" content=\"noindex, follow\" \/>\n<meta property=\"og:locale\" content=\"es_ES\" \/>\n<meta property=\"og:type\" content=\"article\" \/>\n<meta property=\"og:title\" content=\"Taller de rob\u00f3tica - Al teu aire - Espai L\u00fadic i Privat\" \/>\n<meta property=\"og:description\" content=\"Taller de Rob\u00f3tica para ni\u00f1os. Nuestras actividades incluyen talleres de programaci\u00f3n, electr\u00f3nica, rob\u00f3tica y clases con la metodolog\u00eda Binary Kids.\" \/>\n<meta property=\"og:url\" content=\"https:\/\/alteuaire.es\/es\/taller-de-robotica\/\" \/>\n<meta property=\"og:site_name\" content=\"Al teu aire - Espai L\u00fadic i Privat\" \/>\n<meta property=\"article:publisher\" content=\"https:\/\/www.facebook.com\/alteuaire.franquicies\/\" \/>\n<meta property=\"article:modified_time\" content=\"2019-12-12T11:17:10+00:00\" \/>\n<meta property=\"og:image\" content=\"https:\/\/alteuaire.es\/wp-content\/uploads\/2017\/08\/alteuaire-redes-sociales.jpg\" \/>\n\t<meta property=\"og:image:width\" content=\"600\" \/>\n\t<meta property=\"og:image:height\" content=\"511\" \/>\n\t<meta property=\"og:image:type\" content=\"image\/jpeg\" \/>\n<meta name=\"twitter:card\" content=\"summary_large_image\" \/>\n<meta name=\"twitter:site\" content=\"@_alteuaire_\" \/>\n<meta name=\"twitter:label1\" content=\"Tiempo de lectura\" \/>\n\t<meta name=\"twitter:data1\" content=\"2 minutos\" \/>\n<script type=\"application\/ld+json\" class=\"yoast-schema-graph\">{\"@context\":\"https:\/\/schema.org\",\"@graph\":[{\"@type\":\"WebPage\",\"@id\":\"https:\/\/alteuaire.es\/es\/taller-de-robotica\/\",\"url\":\"https:\/\/alteuaire.es\/es\/taller-de-robotica\/\",\"name\":\"Taller de rob\u00f3tica - Al teu aire - Espai L\u00fadic i Privat\",\"isPartOf\":{\"@id\":\"https:\/\/alteuaire.es\/es\/#website\"},\"datePublished\":\"2016-07-01T09:26:25+00:00\",\"dateModified\":\"2019-12-12T11:17:10+00:00\",\"description\":\"Taller de Rob\u00f3tica para ni\u00f1os. Nuestras actividades incluyen talleres de programaci\u00f3n, electr\u00f3nica, rob\u00f3tica y clases con la metodolog\u00eda Binary Kids.\",\"breadcrumb\":{\"@id\":\"https:\/\/alteuaire.es\/es\/taller-de-robotica\/#breadcrumb\"},\"inLanguage\":\"es\",\"potentialAction\":[{\"@type\":\"ReadAction\",\"target\":[\"https:\/\/alteuaire.es\/es\/taller-de-robotica\/\"]}]},{\"@type\":\"BreadcrumbList\",\"@id\":\"https:\/\/alteuaire.es\/es\/taller-de-robotica\/#breadcrumb\",\"itemListElement\":[{\"@type\":\"ListItem\",\"position\":1,\"name\":\"Inici\",\"item\":\"https:\/\/alteuaire.es\/es\/\"},{\"@type\":\"ListItem\",\"position\":2,\"name\":\"Taller de rob\u00f3tica\"}]},{\"@type\":\"WebSite\",\"@id\":\"https:\/\/alteuaire.es\/es\/#website\",\"url\":\"https:\/\/alteuaire.es\/es\/\",\"name\":\"Al teu aire - Espai L\u00fadic i Privat\",\"description\":\"Alteuaire - Sales de festes privades de lloguer per aniversaris infantils y altres celebracions.\",\"publisher\":{\"@id\":\"https:\/\/alteuaire.es\/es\/#organization\"},\"potentialAction\":[{\"@type\":\"SearchAction\",\"target\":{\"@type\":\"EntryPoint\",\"urlTemplate\":\"https:\/\/alteuaire.es\/es\/?s={search_term_string}\"},\"query-input\":{\"@type\":\"PropertyValueSpecification\",\"valueRequired\":true,\"valueName\":\"search_term_string\"}}],\"inLanguage\":\"es\"},{\"@type\":\"Organization\",\"@id\":\"https:\/\/alteuaire.es\/es\/#organization\",\"name\":\"Alteuaire franquicies - Espai l\u00fadic i privat\",\"url\":\"https:\/\/alteuaire.es\/es\/\",\"logo\":{\"@type\":\"ImageObject\",\"inLanguage\":\"es\",\"@id\":\"https:\/\/alteuaire.es\/es\/#\/schema\/logo\/image\/\",\"url\":\"https:\/\/alteuaire.es\/wp-content\/uploads\/2016\/04\/alteauire.jpg\",\"contentUrl\":\"https:\/\/alteuaire.es\/wp-content\/uploads\/2016\/04\/alteauire.jpg\",\"width\":4606,\"height\":1920,\"caption\":\"Alteuaire franquicies - Espai l\u00fadic i privat\"},\"image\":{\"@id\":\"https:\/\/alteuaire.es\/es\/#\/schema\/logo\/image\/\"},\"sameAs\":[\"https:\/\/www.facebook.com\/alteuaire.franquicies\/\",\"https:\/\/x.com\/_alteuaire_\",\"https:\/\/www.instagram.com\/_alteuaire_\/\",\"https:\/\/es.pinterest.com\/alteuaire\/\"]}]}<\/script>\n<!-- \/ Yoast SEO plugin. -->","yoast_head_json":{"title":"Taller de rob\u00f3tica - Al teu aire - Espai L\u00fadic i Privat","description":"Taller de Rob\u00f3tica para ni\u00f1os. Nuestras actividades incluyen talleres de programaci\u00f3n, electr\u00f3nica, rob\u00f3tica y clases con la metodolog\u00eda Binary Kids.","robots":{"index":"noindex","follow":"follow"},"og_locale":"es_ES","og_type":"article","og_title":"Taller de rob\u00f3tica - Al teu aire - Espai L\u00fadic i Privat","og_description":"Taller de Rob\u00f3tica para ni\u00f1os. Nuestras actividades incluyen talleres de programaci\u00f3n, electr\u00f3nica, rob\u00f3tica y clases con la metodolog\u00eda Binary Kids.","og_url":"https:\/\/alteuaire.es\/es\/taller-de-robotica\/","og_site_name":"Al teu aire - Espai L\u00fadic i Privat","article_publisher":"https:\/\/www.facebook.com\/alteuaire.franquicies\/","article_modified_time":"2019-12-12T11:17:10+00:00","og_image":[{"width":600,"height":511,"url":"https:\/\/alteuaire.es\/wp-content\/uploads\/2017\/08\/alteuaire-redes-sociales.jpg","type":"image\/jpeg"}],"twitter_card":"summary_large_image","twitter_site":"@_alteuaire_","twitter_misc":{"Tiempo de lectura":"2 minutos"},"schema":{"@context":"https:\/\/schema.org","@graph":[{"@type":"WebPage","@id":"https:\/\/alteuaire.es\/es\/taller-de-robotica\/","url":"https:\/\/alteuaire.es\/es\/taller-de-robotica\/","name":"Taller de rob\u00f3tica - Al teu aire - Espai L\u00fadic i Privat","isPartOf":{"@id":"https:\/\/alteuaire.es\/es\/#website"},"datePublished":"2016-07-01T09:26:25+00:00","dateModified":"2019-12-12T11:17:10+00:00","description":"Taller de Rob\u00f3tica para ni\u00f1os. Nuestras actividades incluyen talleres de programaci\u00f3n, electr\u00f3nica, rob\u00f3tica y clases con la metodolog\u00eda Binary Kids.","breadcrumb":{"@id":"https:\/\/alteuaire.es\/es\/taller-de-robotica\/#breadcrumb"},"inLanguage":"es","potentialAction":[{"@type":"ReadAction","target":["https:\/\/alteuaire.es\/es\/taller-de-robotica\/"]}]},{"@type":"BreadcrumbList","@id":"https:\/\/alteuaire.es\/es\/taller-de-robotica\/#breadcrumb","itemListElement":[{"@type":"ListItem","position":1,"name":"Inici","item":"https:\/\/alteuaire.es\/es\/"},{"@type":"ListItem","position":2,"name":"Taller de rob\u00f3tica"}]},{"@type":"WebSite","@id":"https:\/\/alteuaire.es\/es\/#website","url":"https:\/\/alteuaire.es\/es\/","name":"Al teu aire - Espai L\u00fadic i Privat","description":"Alteuaire - Sales de festes privades de lloguer per aniversaris infantils y altres celebracions.","publisher":{"@id":"https:\/\/alteuaire.es\/es\/#organization"},"potentialAction":[{"@type":"SearchAction","target":{"@type":"EntryPoint","urlTemplate":"https:\/\/alteuaire.es\/es\/?s={search_term_string}"},"query-input":{"@type":"PropertyValueSpecification","valueRequired":true,"valueName":"search_term_string"}}],"inLanguage":"es"},{"@type":"Organization","@id":"https:\/\/alteuaire.es\/es\/#organization","name":"Alteuaire franquicies - Espai l\u00fadic i privat","url":"https:\/\/alteuaire.es\/es\/","logo":{"@type":"ImageObject","inLanguage":"es","@id":"https:\/\/alteuaire.es\/es\/#\/schema\/logo\/image\/","url":"https:\/\/alteuaire.es\/wp-content\/uploads\/2016\/04\/alteauire.jpg","contentUrl":"https:\/\/alteuaire.es\/wp-content\/uploads\/2016\/04\/alteauire.jpg","width":4606,"height":1920,"caption":"Alteuaire franquicies - Espai l\u00fadic i privat"},"image":{"@id":"https:\/\/alteuaire.es\/es\/#\/schema\/logo\/image\/"},"sameAs":["https:\/\/www.facebook.com\/alteuaire.franquicies\/","https:\/\/x.com\/_alteuaire_","https:\/\/www.instagram.com\/_alteuaire_\/","https:\/\/es.pinterest.com\/alteuaire\/"]}]}},"publishpress_future_action":{"enabled":false,"date":"2026-05-06 19:19:50","action":"change-status","newStatus":"draft","terms":[],"taxonomy":"translation_priority","extraData":[]},"publishpress_future_workflow_manual_trigger":{"enabledWorkflows":[]},"_links":{"self":[{"href":"https:\/\/alteuaire.es\/es\/wp-json\/wp\/v2\/pages\/2896","targetHints":{"allow":["GET"]}}],"collection":[{"href":"https:\/\/alteuaire.es\/es\/wp-json\/wp\/v2\/pages"}],"about":[{"href":"https:\/\/alteuaire.es\/es\/wp-json\/wp\/v2\/types\/page"}],"author":[{"embeddable":true,"href":"https:\/\/alteuaire.es\/es\/wp-json\/wp\/v2\/users\/1"}],"replies":[{"embeddable":true,"href":"https:\/\/alteuaire.es\/es\/wp-json\/wp\/v2\/comments?post=2896"}],"version-history":[{"count":0,"href":"https:\/\/alteuaire.es\/es\/wp-json\/wp\/v2\/pages\/2896\/revisions"}],"wp:attachment":[{"href":"https:\/\/alteuaire.es\/es\/wp-json\/wp\/v2\/media?parent=2896"}],"curies":[{"name":"wp","href":"https:\/\/api.w.org\/{rel}","templated":true}]}}