{"id":3239,"date":"2016-10-05T11:41:21","date_gmt":"2016-10-05T10:41:21","guid":{"rendered":"https:\/\/alteuaire.es\/es\/?page_id=3239"},"modified":"2024-12-24T12:39:12","modified_gmt":"2024-12-24T11:39:12","slug":"taller-de-ciencia-y-experimentos","status":"publish","type":"page","link":"https:\/\/alteuaire.es\/es\/serveis\/taller-de-ciencia-y-experimentos\/","title":{"rendered":"Taller de Ciencia y Experimentos"},"content":{"rendered":"<div class=\"wpb-content-wrapper\">[vc_row][vc_column width=\u00bb1\/3&#8243;][\/vc_column][vc_column width=\u00bb2\/3&#8243;][vc_column_text css=\u00bb.vc_custom_1735039862207{margin-bottom: 0px !important;}\u00bb]\n<h2><span lang=\"ES-TRAD\" xml:lang=\"ES-TRAD\">Taller de Ciencia y Experimentos<\/span><\/h2>\n[\/vc_column_text][vc_column_text css=\u00bb.vc_custom_1735039877189{margin-bottom: 0px !important;}\u00bb]Si buscas combinar la diversi\u00f3n de una fiesta y el aprendizaje de las ciencias para el cumple de tu peque, ALTEUAIRE ofrece la mejor alternativa para que lo sorprendas en ese d\u00eda tan especial.\u00a0\u00a0 Nuestro taller de ciencias y experimentos es una excelente opci\u00f3n para que los ni\u00f1os aprendan mientras se divierten. Es una alternativa original para los amantes de la ciencia que los dejar\u00e1 fascinados con los m\u00e1s de 15 experimentos que pueden por cuenta propia bajo la supervisi\u00f3n del monitor.[\/vc_column_text][\/vc_column][vc_column][vc_row_inner animation=\u00bbbottom-to-top\u00bb][vc_column_inner][vc_column_text]<iframe loading=\"lazy\" src=\"https:\/\/www.youtube.com\/embed\/2QAo49lknE0?rel=0\" width=\"1280\" height=\"720\" frameborder=\"0\" allowfullscreen=\"allowfullscreen\"><\/iframe>[\/vc_column_text][\/vc_column_inner][\/vc_row_inner][\/vc_column][\/vc_row][vc_row][vc_column][mk_padding_divider][mk_custom_list]\n<h2><strong>Taller de Experimentos Cient\u00edficos\u00a0<\/strong>(60 minutos)<\/h2>\n<h3>Iniciaci\u00f3n al mundo de la Ciencia.<\/h3>\n<p>Los aprendices de cient\u00edficos\u00a0podr\u00e1n aprender principios de f\u00edsica, qu\u00edmica y biolog\u00eda, de una forma divertida, pr\u00e1ctica y controlada. Aprender\u00e1n a hacer propios experimentos.<\/p>\n<p>Ense\u00f1aremos c\u00f3mo fabricar:<\/p>\n<ul>\n<li>Bandeja de juegos magn\u00e9tica.<\/li>\n<li>Masa tira-pedos casera para que jueguen y se diviertan.<\/li>\n<li>Desaparecer el color<\/li>\n<li>El globo indestructible.<\/li>\n<li>Una l\u00e1mpara de lava<\/li>\n<\/ul>\n<p>Cerraremos con la entrega de un diploma y masa tira-pedos para cada uno.<\/p>\n<p><strong>Nota:<\/strong> se sugiere para edad de 8 a\u00f1os en adelante<\/p>\n<h3>Precio:<\/h3>\n<ul>\n<li>200 euros \/ 10 ni\u00f1os<\/li>\n<li>260 euros \/ 11 a 20 ni\u00f1os<\/li>\n<\/ul>\n[\/mk_custom_list][mk_padding_divider size=\u00bb20&#8243;][vc_separator][mk_padding_divider size=\u00bb20&#8243;][mk_custom_list]\n<h2><strong>Taller de Experimentos Cient\u00edficos\u00a0<\/strong>(90 minutos)<\/h2>\n<h3>El taller m\u00e1s completo.<\/h3>\n<p>Es nuestra versi\u00f3n top, m\u00e1s experimentos, m\u00e1s espect\u00e1culo y much\u00edsima diversi\u00f3n. Aprender\u00e1n\u00a010 experimentos\u00a0cient\u00edficos educativos adaptado a sus edades.<\/p>\n<p>Ense\u00f1aremos c\u00f3mo fabricar:<\/p>\n<ul>\n<li>Bandeja de juegos magn\u00e9tica.<\/li>\n<li>Masa tira-pedos casera para que jueguen y se diviertan.<\/li>\n<li>Desaparecer el color<\/li>\n<li>Motor casero para ni\u00f1os.<\/li>\n<li>Cascada de humo.<\/li>\n<li>El globo indestructible.<\/li>\n<li>Una l\u00e1mpara de lava<\/li>\n<li>El viaje de la luz, entre otros\u2026<\/li>\n<\/ul>\n<p>Cerraremos con 30 min de globoflexia o pinta caras sencillo, un diploma y masa tira-pedos para cada uno.<\/p>\n<p><strong>Nota:\u00a0<\/strong> se sugiere para edades de 8 a\u00f1os en adelante<\/p>\n<h3>Precio:<\/h3>\n<ul>\n<li>260 euros \/ 10 ni\u00f1os<\/li>\n<li>350 euros de 11 a 20 ni\u00f1os<\/li>\n<\/ul>\n[\/mk_custom_list][\/vc_column][\/vc_row][vc_row][vc_column][vc_column_text css=\u00bb.vc_custom_1735040093611{margin-bottom: 0px !important;}\u00bb]\n<h3>PONTE EN CONTACTO CON NOSOTROS<\/h3>\n<h4><a href=\"tel:722324776\">722 324 776 <\/a>\u00a1Llama o escr\u00edbenos!<br \/>\n<a title=\"\" href=\"mailto:eventos@alteuaire.es\">eventos@alteuaire.es<\/a><\/h4>\n[\/vc_column_text][\/vc_column][\/vc_row][vc_row][vc_column][mk_gallery images=\u00bb12289,12291,12293&#8243;][\/vc_column][\/vc_row]\n<\/div>","protected":false},"excerpt":{"rendered":"<p>[vc_row][vc_column width=\u00bb1\/3&#8243;][\/vc_column][vc_column width=\u00bb2\/3&#8243;][vc_column_text css=\u00bb.vc_custom_1735039862207{margin-bottom: 0px !important;}\u00bb] Taller de Ciencia y Experimentos [\/vc_column_text][vc_column_text css=\u00bb.vc_custom_1735039877189{margin-bottom: 0px !important;}\u00bb]Si buscas combinar la diversi\u00f3n de una fiesta y el aprendizaje de las ciencias para el cumple de tu peque, ALTEUAIRE ofrece la mejor alternativa para que lo sorprendas en ese d\u00eda tan especial.\u00a0\u00a0 Nuestro taller de ciencias y experimentos es [&hellip;]<\/p>\n","protected":false},"author":1,"featured_media":0,"parent":2456,"menu_order":0,"comment_status":"closed","ping_status":"closed","template":"","meta":{"_acf_changed":false,"footnotes":""},"class_list":["post-3239","page","type-page","status-publish","hentry"],"acf":[],"yoast_head":"<!-- This site is optimized with the Yoast SEO plugin v26.8 - https:\/\/yoast.com\/product\/yoast-seo-wordpress\/ -->\n<title>Taller de Ciencia y Experimentos - Al teu aire - Espai L\u00fadic i Privat<\/title>\n<meta name=\"description\" content=\"Haz una fiesta de cumplea\u00f1os diferente con el Taller de Ciencia. Aprender\u00e1n los principios de la F\u00edsica, Qu\u00edmica y Biolog\u00eda de forma divertida y practica.\" \/>\n<meta name=\"robots\" content=\"index, follow, max-snippet:-1, max-image-preview:large, max-video-preview:-1\" \/>\n<link rel=\"canonical\" href=\"https:\/\/alteuaire.es\/es\/serveis\/taller-de-ciencia-y-experimentos\/\" \/>\n<meta property=\"og:locale\" content=\"es_ES\" \/>\n<meta property=\"og:type\" content=\"article\" \/>\n<meta property=\"og:title\" content=\"Taller de Ciencia y Experimentos - Al teu aire - Espai L\u00fadic i Privat\" \/>\n<meta property=\"og:description\" content=\"Haz una fiesta de cumplea\u00f1os diferente con el Taller de Ciencia. Aprender\u00e1n los principios de la F\u00edsica, Qu\u00edmica y Biolog\u00eda de forma divertida y practica.\" \/>\n<meta property=\"og:url\" content=\"https:\/\/alteuaire.es\/es\/serveis\/taller-de-ciencia-y-experimentos\/\" \/>\n<meta property=\"og:site_name\" content=\"Al teu aire - Espai L\u00fadic i Privat\" \/>\n<meta property=\"article:publisher\" content=\"https:\/\/www.facebook.com\/alteuaire.franquicies\/\" \/>\n<meta property=\"article:modified_time\" content=\"2024-12-24T11:39:12+00:00\" \/>\n<meta property=\"og:image\" content=\"https:\/\/alteuaire.es\/wp-content\/uploads\/2017\/08\/alteuaire-redes-sociales.jpg\" \/>\n\t<meta property=\"og:image:width\" content=\"600\" \/>\n\t<meta property=\"og:image:height\" content=\"511\" \/>\n\t<meta property=\"og:image:type\" content=\"image\/jpeg\" \/>\n<meta name=\"twitter:card\" content=\"summary_large_image\" \/>\n<meta name=\"twitter:site\" content=\"@_alteuaire_\" \/>\n<meta name=\"twitter:label1\" content=\"Tiempo de lectura\" \/>\n\t<meta name=\"twitter:data1\" content=\"2 minutos\" \/>\n<script type=\"application\/ld+json\" class=\"yoast-schema-graph\">{\"@context\":\"https:\/\/schema.org\",\"@graph\":[{\"@type\":\"WebPage\",\"@id\":\"https:\/\/alteuaire.es\/es\/serveis\/taller-de-ciencia-y-experimentos\/\",\"url\":\"https:\/\/alteuaire.es\/es\/serveis\/taller-de-ciencia-y-experimentos\/\",\"name\":\"Taller de Ciencia y Experimentos - Al teu aire - Espai L\u00fadic i Privat\",\"isPartOf\":{\"@id\":\"https:\/\/alteuaire.es\/es\/#website\"},\"datePublished\":\"2016-10-05T10:41:21+00:00\",\"dateModified\":\"2024-12-24T11:39:12+00:00\",\"description\":\"Haz una fiesta de cumplea\u00f1os diferente con el Taller de Ciencia. Aprender\u00e1n los principios de la F\u00edsica, Qu\u00edmica y Biolog\u00eda de forma divertida y practica.\",\"breadcrumb\":{\"@id\":\"https:\/\/alteuaire.es\/es\/serveis\/taller-de-ciencia-y-experimentos\/#breadcrumb\"},\"inLanguage\":\"es\",\"potentialAction\":[{\"@type\":\"ReadAction\",\"target\":[\"https:\/\/alteuaire.es\/es\/serveis\/taller-de-ciencia-y-experimentos\/\"]}]},{\"@type\":\"BreadcrumbList\",\"@id\":\"https:\/\/alteuaire.es\/es\/serveis\/taller-de-ciencia-y-experimentos\/#breadcrumb\",\"itemListElement\":[{\"@type\":\"ListItem\",\"position\":1,\"name\":\"Inici\",\"item\":\"https:\/\/alteuaire.es\/es\/\"},{\"@type\":\"ListItem\",\"position\":2,\"name\":\"Servicios\",\"item\":\"https:\/\/alteuaire.es\/es\/serveis\/\"},{\"@type\":\"ListItem\",\"position\":3,\"name\":\"Taller de Ciencia y Experimentos\"}]},{\"@type\":\"WebSite\",\"@id\":\"https:\/\/alteuaire.es\/es\/#website\",\"url\":\"https:\/\/alteuaire.es\/es\/\",\"name\":\"Al teu aire - Espai L\u00fadic i Privat\",\"description\":\"Alteuaire - Sales de festes privades de lloguer per aniversaris infantils y altres celebracions.\",\"publisher\":{\"@id\":\"https:\/\/alteuaire.es\/es\/#organization\"},\"potentialAction\":[{\"@type\":\"SearchAction\",\"target\":{\"@type\":\"EntryPoint\",\"urlTemplate\":\"https:\/\/alteuaire.es\/es\/?s={search_term_string}\"},\"query-input\":{\"@type\":\"PropertyValueSpecification\",\"valueRequired\":true,\"valueName\":\"search_term_string\"}}],\"inLanguage\":\"es\"},{\"@type\":\"Organization\",\"@id\":\"https:\/\/alteuaire.es\/es\/#organization\",\"name\":\"Alteuaire franquicies - Espai l\u00fadic i privat\",\"url\":\"https:\/\/alteuaire.es\/es\/\",\"logo\":{\"@type\":\"ImageObject\",\"inLanguage\":\"es\",\"@id\":\"https:\/\/alteuaire.es\/es\/#\/schema\/logo\/image\/\",\"url\":\"https:\/\/alteuaire.es\/wp-content\/uploads\/2016\/04\/alteauire.jpg\",\"contentUrl\":\"https:\/\/alteuaire.es\/wp-content\/uploads\/2016\/04\/alteauire.jpg\",\"width\":4606,\"height\":1920,\"caption\":\"Alteuaire franquicies - Espai l\u00fadic i privat\"},\"image\":{\"@id\":\"https:\/\/alteuaire.es\/es\/#\/schema\/logo\/image\/\"},\"sameAs\":[\"https:\/\/www.facebook.com\/alteuaire.franquicies\/\",\"https:\/\/x.com\/_alteuaire_\",\"https:\/\/www.instagram.com\/_alteuaire_\/\",\"https:\/\/es.pinterest.com\/alteuaire\/\"]}]}<\/script>\n<!-- \/ Yoast SEO plugin. -->","yoast_head_json":{"title":"Taller de Ciencia y Experimentos - Al teu aire - Espai L\u00fadic i Privat","description":"Haz una fiesta de cumplea\u00f1os diferente con el Taller de Ciencia. Aprender\u00e1n los principios de la F\u00edsica, Qu\u00edmica y Biolog\u00eda de forma divertida y practica.","robots":{"index":"index","follow":"follow","max-snippet":"max-snippet:-1","max-image-preview":"max-image-preview:large","max-video-preview":"max-video-preview:-1"},"canonical":"https:\/\/alteuaire.es\/es\/serveis\/taller-de-ciencia-y-experimentos\/","og_locale":"es_ES","og_type":"article","og_title":"Taller de Ciencia y Experimentos - Al teu aire - Espai L\u00fadic i Privat","og_description":"Haz una fiesta de cumplea\u00f1os diferente con el Taller de Ciencia. Aprender\u00e1n los principios de la F\u00edsica, Qu\u00edmica y Biolog\u00eda de forma divertida y practica.","og_url":"https:\/\/alteuaire.es\/es\/serveis\/taller-de-ciencia-y-experimentos\/","og_site_name":"Al teu aire - Espai L\u00fadic i Privat","article_publisher":"https:\/\/www.facebook.com\/alteuaire.franquicies\/","article_modified_time":"2024-12-24T11:39:12+00:00","og_image":[{"width":600,"height":511,"url":"https:\/\/alteuaire.es\/wp-content\/uploads\/2017\/08\/alteuaire-redes-sociales.jpg","type":"image\/jpeg"}],"twitter_card":"summary_large_image","twitter_site":"@_alteuaire_","twitter_misc":{"Tiempo de lectura":"2 minutos"},"schema":{"@context":"https:\/\/schema.org","@graph":[{"@type":"WebPage","@id":"https:\/\/alteuaire.es\/es\/serveis\/taller-de-ciencia-y-experimentos\/","url":"https:\/\/alteuaire.es\/es\/serveis\/taller-de-ciencia-y-experimentos\/","name":"Taller de Ciencia y Experimentos - Al teu aire - Espai L\u00fadic i Privat","isPartOf":{"@id":"https:\/\/alteuaire.es\/es\/#website"},"datePublished":"2016-10-05T10:41:21+00:00","dateModified":"2024-12-24T11:39:12+00:00","description":"Haz una fiesta de cumplea\u00f1os diferente con el Taller de Ciencia. Aprender\u00e1n los principios de la F\u00edsica, Qu\u00edmica y Biolog\u00eda de forma divertida y practica.","breadcrumb":{"@id":"https:\/\/alteuaire.es\/es\/serveis\/taller-de-ciencia-y-experimentos\/#breadcrumb"},"inLanguage":"es","potentialAction":[{"@type":"ReadAction","target":["https:\/\/alteuaire.es\/es\/serveis\/taller-de-ciencia-y-experimentos\/"]}]},{"@type":"BreadcrumbList","@id":"https:\/\/alteuaire.es\/es\/serveis\/taller-de-ciencia-y-experimentos\/#breadcrumb","itemListElement":[{"@type":"ListItem","position":1,"name":"Inici","item":"https:\/\/alteuaire.es\/es\/"},{"@type":"ListItem","position":2,"name":"Servicios","item":"https:\/\/alteuaire.es\/es\/serveis\/"},{"@type":"ListItem","position":3,"name":"Taller de Ciencia y Experimentos"}]},{"@type":"WebSite","@id":"https:\/\/alteuaire.es\/es\/#website","url":"https:\/\/alteuaire.es\/es\/","name":"Al teu aire - Espai L\u00fadic i Privat","description":"Alteuaire - Sales de festes privades de lloguer per aniversaris infantils y altres celebracions.","publisher":{"@id":"https:\/\/alteuaire.es\/es\/#organization"},"potentialAction":[{"@type":"SearchAction","target":{"@type":"EntryPoint","urlTemplate":"https:\/\/alteuaire.es\/es\/?s={search_term_string}"},"query-input":{"@type":"PropertyValueSpecification","valueRequired":true,"valueName":"search_term_string"}}],"inLanguage":"es"},{"@type":"Organization","@id":"https:\/\/alteuaire.es\/es\/#organization","name":"Alteuaire franquicies - Espai l\u00fadic i privat","url":"https:\/\/alteuaire.es\/es\/","logo":{"@type":"ImageObject","inLanguage":"es","@id":"https:\/\/alteuaire.es\/es\/#\/schema\/logo\/image\/","url":"https:\/\/alteuaire.es\/wp-content\/uploads\/2016\/04\/alteauire.jpg","contentUrl":"https:\/\/alteuaire.es\/wp-content\/uploads\/2016\/04\/alteauire.jpg","width":4606,"height":1920,"caption":"Alteuaire franquicies - Espai l\u00fadic i privat"},"image":{"@id":"https:\/\/alteuaire.es\/es\/#\/schema\/logo\/image\/"},"sameAs":["https:\/\/www.facebook.com\/alteuaire.franquicies\/","https:\/\/x.com\/_alteuaire_","https:\/\/www.instagram.com\/_alteuaire_\/","https:\/\/es.pinterest.com\/alteuaire\/"]}]}},"publishpress_future_action":{"enabled":false,"date":"2026-04-30 17:25:54","action":"change-status","newStatus":"draft","terms":[],"taxonomy":"translation_priority","extraData":[]},"publishpress_future_workflow_manual_trigger":{"enabledWorkflows":[]},"_links":{"self":[{"href":"https:\/\/alteuaire.es\/es\/wp-json\/wp\/v2\/pages\/3239","targetHints":{"allow":["GET"]}}],"collection":[{"href":"https:\/\/alteuaire.es\/es\/wp-json\/wp\/v2\/pages"}],"about":[{"href":"https:\/\/alteuaire.es\/es\/wp-json\/wp\/v2\/types\/page"}],"author":[{"embeddable":true,"href":"https:\/\/alteuaire.es\/es\/wp-json\/wp\/v2\/users\/1"}],"replies":[{"embeddable":true,"href":"https:\/\/alteuaire.es\/es\/wp-json\/wp\/v2\/comments?post=3239"}],"version-history":[{"count":0,"href":"https:\/\/alteuaire.es\/es\/wp-json\/wp\/v2\/pages\/3239\/revisions"}],"up":[{"embeddable":true,"href":"https:\/\/alteuaire.es\/es\/wp-json\/wp\/v2\/pages\/2456"}],"wp:attachment":[{"href":"https:\/\/alteuaire.es\/es\/wp-json\/wp\/v2\/media?parent=3239"}],"curies":[{"name":"wp","href":"https:\/\/api.w.org\/{rel}","templated":true}]}}